{"id":6600,"date":"2019-03-25T21:17:01","date_gmt":"2019-03-25T20:17:01","guid":{"rendered":"https:\/\/www.people-abroad.de\/blog\/?page_id=6600"},"modified":"2023-01-17T10:37:30","modified_gmt":"2023-01-17T09:37:30","slug":"deutschland","status":"publish","type":"page","link":"https:\/\/www.people-abroad.de\/blog\/deutschland\/","title":{"rendered":"Deutschland"},"content":{"rendered":"<div class=\"lcp_catlist\" id=\"lcp_instance_0\"><p><h2><a href=\"https:\/\/www.people-abroad.de\/blog\/zugspitz-region\/\">Zugspitz Region: Tipps f\u00fcr den Besuch in Oberbayern<\/a><\/h2><div class=\"lcp_excerpt\"><p><a href=\"https:\/\/www.people-abroad.de\/blog\/zugspitz-region\/\"><img decoding=\"async\" class=\"alignnone wp-image-38223 size-large\" src=\"https:\/\/www.people-abroad.de\/blog\/wp-content\/uploads\/2026\/03\/zugspitz-region-oberbayern-tipps-1024x683.jpeg\" alt=\"Zugspitz Region Oberbayern Tipps Ausfl\u00fcge\" width=\"1024\" height=\"683\" srcset=\"https:\/\/www.people-abroad.de\/blog\/wp-content\/uploads\/2026\/03\/zugspitz-region-oberbayern-tipps-1024x683.jpeg 1024w, https:\/\/www.people-abroad.de\/blog\/wp-content\/uploads\/2026\/03\/zugspitz-region-oberbayern-tipps-300x200.jpeg 300w, https:\/\/www.people-abroad.de\/blog\/wp-content\/uploads\/2026\/03\/zugspitz-region-oberbayern-tipps-768x512.jpeg 768w, https:\/\/www.people-abroad.de\/blog\/wp-content\/uploads\/2026\/03\/zugspitz-region-oberbayern-tipps.jpeg 1200w\" sizes=\"(max-width: 1024px) 100vw, 1024px\" \/><\/a><\/p>\n<p>Die Zugspitz Region bietet verschiedene Ausflugsziele rund um die Zugspitze, Deutschlands h\u00f6chsten Berg im Wettersteingebirge. Tipps f\u00fcr den Besuch in Oberbayern.<\/p>\n<\/div><a href=\"https:\/\/www.people-abroad.de\/blog\/zugspitz-region\/\">Mehr...<\/a><\/p><p><h2><a href=\"https:\/\/www.people-abroad.de\/blog\/oberlausitz-winter-tipps\/\">Die Oberlausitz im Winter und zur Weihnachtszeit<\/a><\/h2><div class=\"lcp_excerpt\"><p><a href=\"https:\/\/www.people-abroad.de\/blog\/oberlausitz-winter-tipps\/\"><img decoding=\"async\" class=\"alignnone wp-image-37959 size-large\" src=\"https:\/\/www.people-abroad.de\/blog\/wp-content\/uploads\/2025\/12\/oberlausitz-winter-tipps-1-1024x684.jpeg\" alt=\"Oberlausitz Winter Weihnachten Sachsen Reisen Urlaub Tipps\" width=\"1024\" height=\"684\" srcset=\"https:\/\/www.people-abroad.de\/blog\/wp-content\/uploads\/2025\/12\/oberlausitz-winter-tipps-1-1024x684.jpeg 1024w, https:\/\/www.people-abroad.de\/blog\/wp-content\/uploads\/2025\/12\/oberlausitz-winter-tipps-1-300x200.jpeg 300w, https:\/\/www.people-abroad.de\/blog\/wp-content\/uploads\/2025\/12\/oberlausitz-winter-tipps-1-768x513.jpeg 768w, https:\/\/www.people-abroad.de\/blog\/wp-content\/uploads\/2025\/12\/oberlausitz-winter-tipps-1.jpeg 1200w\" sizes=\"(max-width: 1024px) 100vw, 1024px\" \/><\/a><\/p>\n<p> Die Oberlausitz lohnt sich gerade im Winter und zur Weihnachtszeit f\u00fcr eine Reise. Tipps f\u00fcr das Zittauer Gebirge, die Europastadt G\u00f6rlitz und das Nei\u00dfeland.<\/p>\n<\/div><a href=\"https:\/\/www.people-abroad.de\/blog\/oberlausitz-winter-tipps\/\">Mehr...<\/a><\/p><p><h2><a href=\"https:\/\/www.people-abroad.de\/blog\/burgberg-allgaeu-aktivurlaub\/\">Aktivurlaub mit Wandern &#038; Biken in Burgberg im Allg\u00e4u<\/a><\/h2><div class=\"lcp_excerpt\"><p><a href=\"https:\/\/www.people-abroad.de\/blog\/burgberg-allgaeu-aktivurlaub\/\"><img decoding=\"async\" class=\"alignnone wp-image-37505 size-large\" src=\"https:\/\/www.people-abroad.de\/blog\/wp-content\/uploads\/2025\/10\/burgberg-allgaeu-wandern-1024x684.jpeg\" alt=\"Burgberg Allg\u00e4u Urlaub Wandern Radfahren\" width=\"1024\" height=\"684\" srcset=\"https:\/\/www.people-abroad.de\/blog\/wp-content\/uploads\/2025\/10\/burgberg-allgaeu-wandern-1024x684.jpeg 1024w, https:\/\/www.people-abroad.de\/blog\/wp-content\/uploads\/2025\/10\/burgberg-allgaeu-wandern-300x200.jpeg 300w, https:\/\/www.people-abroad.de\/blog\/wp-content\/uploads\/2025\/10\/burgberg-allgaeu-wandern-768x513.jpeg 768w, https:\/\/www.people-abroad.de\/blog\/wp-content\/uploads\/2025\/10\/burgberg-allgaeu-wandern.jpeg 1200w\" sizes=\"(max-width: 1024px) 100vw, 1024px\" \/><\/a><\/p>\n<p>Wenn man in einem Aktivurlaub Wandern und Biken miteinander kombinieren m\u00f6chte, bietet sich Burgberg im Allg\u00e4u an. Tipps f\u00fcr einen Outdoor-Urlaub in der Allg\u00e4u-Gemeinde.<\/p>\n<\/div><a href=\"https:\/\/www.people-abroad.de\/blog\/burgberg-allgaeu-aktivurlaub\/\">Mehr...<\/a><\/p><p><h2><a href=\"https:\/\/www.people-abroad.de\/blog\/feldbergsteig-wanderung\/\">Feldbergsteig: Wanderung zum h\u00f6chsten Schwarzwald-Gipfel<\/a><\/h2><div class=\"lcp_excerpt\"><p><a href=\"https:\/\/www.people-abroad.de\/blog\/feldbergsteig-wanderung\/\"><img decoding=\"async\" class=\"alignnone wp-image-36771 size-large\" src=\"https:\/\/www.people-abroad.de\/blog\/wp-content\/uploads\/2025\/06\/feldbergsteig-schwarzwald-wandern-1024x682.jpeg\" alt=\"Feldbergsteig Schwarzwald Wandern Feldberg Rundweg\" width=\"1024\" height=\"682\" srcset=\"https:\/\/www.people-abroad.de\/blog\/wp-content\/uploads\/2025\/06\/feldbergsteig-schwarzwald-wandern-1024x682.jpeg 1024w, https:\/\/www.people-abroad.de\/blog\/wp-content\/uploads\/2025\/06\/feldbergsteig-schwarzwald-wandern-300x200.jpeg 300w, https:\/\/www.people-abroad.de\/blog\/wp-content\/uploads\/2025\/06\/feldbergsteig-schwarzwald-wandern-768x511.jpeg 768w, https:\/\/www.people-abroad.de\/blog\/wp-content\/uploads\/2025\/06\/feldbergsteig-schwarzwald-wandern.jpeg 1200w\" sizes=\"(max-width: 1024px) 100vw, 1024px\" \/><\/a><\/p>\n<p>Der Feldberg z\u00e4hlt zu den bekanntesten Bergen in S\u00fcddeutschland, den man gut erwandern kann. Tipps f\u00fcr den Wanderweg Feldbergsteig zum h\u00f6chsten Gipfel im Schwarzwald.<\/p>\n<\/div><a href=\"https:\/\/www.people-abroad.de\/blog\/feldbergsteig-wanderung\/\">Mehr...<\/a><\/p><p><h2><a href=\"https:\/\/www.people-abroad.de\/blog\/urlaubsregionen-deutschland-wandern\/\">5 Urlaubsregionen in Deutschland zum Wandern<\/a><\/h2><div class=\"lcp_excerpt\"><p><a href=\"https:\/\/www.people-abroad.de\/blog\/urlaubsregionen-deutschland-wandern\/\"><img decoding=\"async\" class=\"alignnone wp-image-36409 size-large\" src=\"https:\/\/www.people-abroad.de\/blog\/wp-content\/uploads\/2025\/04\/urlaubsregionen-deutschland-wandern-tipps-1024x682.jpeg\" alt=\"Urlaubsregionen in Deutschland Wandern\" width=\"1024\" height=\"682\" srcset=\"https:\/\/www.people-abroad.de\/blog\/wp-content\/uploads\/2025\/04\/urlaubsregionen-deutschland-wandern-tipps-1024x682.jpeg 1024w, https:\/\/www.people-abroad.de\/blog\/wp-content\/uploads\/2025\/04\/urlaubsregionen-deutschland-wandern-tipps-300x200.jpeg 300w, https:\/\/www.people-abroad.de\/blog\/wp-content\/uploads\/2025\/04\/urlaubsregionen-deutschland-wandern-tipps-768x511.jpeg 768w, https:\/\/www.people-abroad.de\/blog\/wp-content\/uploads\/2025\/04\/urlaubsregionen-deutschland-wandern-tipps.jpeg 1200w\" sizes=\"(max-width: 1024px) 100vw, 1024px\" \/><\/a><\/p>\n<p>Wanderurlaub in Deutschland ist beliebt und die Auswahl an Touren und Wegen gro\u00df. Hier findest du 5 Urlaubsregionen in Deutschland, die sich gut f\u00fcr einen Wanderurlaub eignen.<\/p>\n<\/div><a href=\"https:\/\/www.people-abroad.de\/blog\/urlaubsregionen-deutschland-wandern\/\">Mehr...<\/a><\/p><p><h2><a href=\"https:\/\/www.people-abroad.de\/blog\/pfronten-im-winter-wandern\/\">Pfronten im Allg\u00e4u: Tipps f\u00fcr Wanderungen im Winter<\/a><\/h2><div class=\"lcp_excerpt\"><p><a href=\"https:\/\/www.people-abroad.de\/blog\/pfronten-im-winter-wandern\/\"><img decoding=\"async\" class=\"alignnone wp-image-35916 size-large\" src=\"https:\/\/www.people-abroad.de\/blog\/wp-content\/uploads\/2025\/01\/pfronten-winter-wandern-bayern-tipps-1024x682.jpeg\" alt=\"Pfronten im Winter Wanderung Urlaub Allg\u00e4u Tipps \" width=\"1024\" height=\"682\" srcset=\"https:\/\/www.people-abroad.de\/blog\/wp-content\/uploads\/2025\/01\/pfronten-winter-wandern-bayern-tipps-1024x682.jpeg 1024w, https:\/\/www.people-abroad.de\/blog\/wp-content\/uploads\/2025\/01\/pfronten-winter-wandern-bayern-tipps-300x200.jpeg 300w, https:\/\/www.people-abroad.de\/blog\/wp-content\/uploads\/2025\/01\/pfronten-winter-wandern-bayern-tipps-768x511.jpeg 768w, https:\/\/www.people-abroad.de\/blog\/wp-content\/uploads\/2025\/01\/pfronten-winter-wandern-bayern-tipps.jpeg 1200w\" sizes=\"(max-width: 1024px) 100vw, 1024px\" \/><\/a><\/p>\n<p> Pfronten im Allg\u00e4u ist ein guter Startpunkt f\u00fcr Outdoor-Aktivit\u00e4ten in die Allg\u00e4uer Bergwelt. Tipps f\u00fcr Wanderungen im Winter mit Ausblicken auf die Allg\u00e4uer Alpen.<\/p>\n<\/div><a href=\"https:\/\/www.people-abroad.de\/blog\/pfronten-im-winter-wandern\/\">Mehr...<\/a><\/p><p><h2><a href=\"https:\/\/www.people-abroad.de\/blog\/sylt-im-winter\/\">Sylt im Winter: 10 Tipps f\u00fcr die nordfriesische Insel<\/a><\/h2><div class=\"lcp_excerpt\"><p><a href=\"https:\/\/www.people-abroad.de\/blog\/sylt-im-winter\/\"><img decoding=\"async\" class=\"alignnone wp-image-35469 size-large\" src=\"https:\/\/www.people-abroad.de\/blog\/wp-content\/uploads\/2024\/11\/sylt-im-winter-1024x684.jpeg\" alt=\"Sylt im Winter Nebensaison Urlaub Tipps\" width=\"1024\" height=\"684\" srcset=\"https:\/\/www.people-abroad.de\/blog\/wp-content\/uploads\/2024\/11\/sylt-im-winter-1024x684.jpeg 1024w, https:\/\/www.people-abroad.de\/blog\/wp-content\/uploads\/2024\/11\/sylt-im-winter-300x200.jpeg 300w, https:\/\/www.people-abroad.de\/blog\/wp-content\/uploads\/2024\/11\/sylt-im-winter-768x513.jpeg 768w, https:\/\/www.people-abroad.de\/blog\/wp-content\/uploads\/2024\/11\/sylt-im-winter.jpeg 1200w\" sizes=\"(max-width: 1024px) 100vw, 1024px\" \/><\/a><\/p>\n<p>Sylt mit seinen langen Str\u00e4nden und sch\u00f6nen Ferienorten lohnt sich zu jeder Jahreszeit &#8211; auch w\u00e4hrend der Nebensaison. Tipps f\u00fcr den Besuch der Friesischen Insel Sylt im Winter.<\/p>\n<\/div><a href=\"https:\/\/www.people-abroad.de\/blog\/sylt-im-winter\/\">Mehr...<\/a><\/p><p><h2><a href=\"https:\/\/www.people-abroad.de\/blog\/zugspitz-arena-bayern-tirol\/\">Grenzenlose Bergwelten der Zugspitz Arena Bayern-Tirol<\/a><\/h2><div class=\"lcp_excerpt\"><p><a href=\"https:\/\/www.people-abroad.de\/blog\/zugspitz-arena-bayern-tirol\/\"><img decoding=\"async\" class=\"alignnone wp-image-34740 size-large\" src=\"https:\/\/www.people-abroad.de\/blog\/wp-content\/uploads\/2024\/09\/zugspitz-arena-bayern-tirol-alpen-tipps-1024x683.jpeg\" alt=\"Zugspitz Arena Bayern-Tirol Alpen Wandern\" width=\"1024\" height=\"683\" srcset=\"https:\/\/www.people-abroad.de\/blog\/wp-content\/uploads\/2024\/09\/zugspitz-arena-bayern-tirol-alpen-tipps-1024x683.jpeg 1024w, https:\/\/www.people-abroad.de\/blog\/wp-content\/uploads\/2024\/09\/zugspitz-arena-bayern-tirol-alpen-tipps-300x200.jpeg 300w, https:\/\/www.people-abroad.de\/blog\/wp-content\/uploads\/2024\/09\/zugspitz-arena-bayern-tirol-alpen-tipps-768x512.jpeg 768w, https:\/\/www.people-abroad.de\/blog\/wp-content\/uploads\/2024\/09\/zugspitz-arena-bayern-tirol-alpen-tipps.jpeg 1200w\" sizes=\"(max-width: 1024px) 100vw, 1024px\" \/><\/a><\/p>\n<p> Die Zugspitz Arena Bayern-Tirol liegt im S\u00fcdwesten Bayerns und Norden Tirols. Tipps f\u00fcr grenzenlose Bergerlebnisse und Ausfl\u00fcge rund um den h\u00f6chsten Gipfel Deutschlands.<\/p>\n<\/div><a href=\"https:\/\/www.people-abroad.de\/blog\/zugspitz-arena-bayern-tirol\/\">Mehr...<\/a><\/p><p><h2><a href=\"https:\/\/www.people-abroad.de\/blog\/naturpark-radweg-schwarzwald\/\">Naturpark-Radweg: Mit dem Rad den Schwarzwald entdecken<\/a><\/h2><div class=\"lcp_excerpt\"><p><a href=\"https:\/\/www.people-abroad.de\/blog\/naturpark-radweg-schwarzwald\/\"><img decoding=\"async\" class=\"alignnone wp-image-34236 size-large\" src=\"https:\/\/www.people-abroad.de\/blog\/wp-content\/uploads\/2024\/07\/naturpark-radweg-schwarzwald-mitte-nord-1-1024x682.jpeg\" alt=\"Naturpark-Radweg Schwarzwald Mitte\/Nord Radfahren\" width=\"1024\" height=\"682\" srcset=\"https:\/\/www.people-abroad.de\/blog\/wp-content\/uploads\/2024\/07\/naturpark-radweg-schwarzwald-mitte-nord-1-1024x682.jpeg 1024w, https:\/\/www.people-abroad.de\/blog\/wp-content\/uploads\/2024\/07\/naturpark-radweg-schwarzwald-mitte-nord-1-300x200.jpeg 300w, https:\/\/www.people-abroad.de\/blog\/wp-content\/uploads\/2024\/07\/naturpark-radweg-schwarzwald-mitte-nord-1-768x511.jpeg 768w, https:\/\/www.people-abroad.de\/blog\/wp-content\/uploads\/2024\/07\/naturpark-radweg-schwarzwald-mitte-nord-1.jpeg 1200w\" sizes=\"(max-width: 1024px) 100vw, 1024px\" \/><\/a><\/p>\n<p> Der Naturpark-Radweg Schwarzwald Mitte\/Nord f\u00fchrt durch den gr\u00f6\u00dften Naturpark in Deutschland. Tipps f\u00fcr die jeweiligen Etappen und f\u00fcr eine Radreise im Schwarzwald.<\/p>\n<\/div><a href=\"https:\/\/www.people-abroad.de\/blog\/naturpark-radweg-schwarzwald\/\">Mehr...<\/a><\/p><p><h2><a href=\"https:\/\/www.people-abroad.de\/blog\/frankenwald-wandern-drehkreuz\/\">Frankenwald: Wandertouren am Drehkreuz des Wanderns<\/a><\/h2><div class=\"lcp_excerpt\"><p><a href=\"https:\/\/www.people-abroad.de\/blog\/frankenwald-wandern-drehkreuz\/\"><img decoding=\"async\" class=\"alignnone wp-image-33976 size-large\" src=\"https:\/\/www.people-abroad.de\/blog\/wp-content\/uploads\/2024\/06\/frankenwald-wandern-touren-1024x682.jpeg\" alt=\"Frankenwald Wandern Touren Tipps Wanderwege \" width=\"1024\" height=\"682\" srcset=\"https:\/\/www.people-abroad.de\/blog\/wp-content\/uploads\/2024\/06\/frankenwald-wandern-touren-1024x682.jpeg 1024w, https:\/\/www.people-abroad.de\/blog\/wp-content\/uploads\/2024\/06\/frankenwald-wandern-touren-300x200.jpeg 300w, https:\/\/www.people-abroad.de\/blog\/wp-content\/uploads\/2024\/06\/frankenwald-wandern-touren-768x511.jpeg 768w, https:\/\/www.people-abroad.de\/blog\/wp-content\/uploads\/2024\/06\/frankenwald-wandern-touren.jpeg 1200w\" sizes=\"(max-width: 1024px) 100vw, 1024px\" \/><\/a><\/p>\n<p> Im Frankenwald kann man auf einer Sternwanderung am Drehkreuz des Wanderns die oberfr\u00e4nkische Region erkunden. F\u00fcnf beliebte Wanderwege beginnen oder enden dort. <\/p>\n<\/div><a href=\"https:\/\/www.people-abroad.de\/blog\/frankenwald-wandern-drehkreuz\/\">Mehr...<\/a><\/p><\/div><ul class='lcp_paginator'><li class='lcp_currentpage'>1<\/li><li><a href='https:\/\/www.people-abroad.de\/blog\/wp-json\/wp\/v2\/pages\/6600?lcp_page0=2#lcp_instance_0' title='2'>2<\/a><\/li><li><a href='https:\/\/www.people-abroad.de\/blog\/wp-json\/wp\/v2\/pages\/6600?lcp_page0=3#lcp_instance_0' title='3'>3<\/a><\/li><li><a href='https:\/\/www.people-abroad.de\/blog\/wp-json\/wp\/v2\/pages\/6600?lcp_page0=4#lcp_instance_0' title='4'>4<\/a><\/li><li><a href='https:\/\/www.people-abroad.de\/blog\/wp-json\/wp\/v2\/pages\/6600?lcp_page0=5#lcp_instance_0' title='5'>5<\/a><\/li><li><a href='https:\/\/www.people-abroad.de\/blog\/wp-json\/wp\/v2\/pages\/6600?lcp_page0=6#lcp_instance_0' title='6'>6<\/a><\/li><span class='lcp_elipsis'>...<\/span><li><a href='https:\/\/www.people-abroad.de\/blog\/wp-json\/wp\/v2\/pages\/6600?lcp_page0=15#lcp_instance_0' title='15'>15<\/a><\/li><li><a href='https:\/\/www.people-abroad.de\/blog\/wp-json\/wp\/v2\/pages\/6600?lcp_page0=2#lcp_instance_0' title='2' class='lcp_nextlink'>\u00c4ltere Beitr\u00e4ge &gt;&gt;<\/a><\/li><\/ul>\n","protected":false},"excerpt":{"rendered":"","protected":false},"author":1,"featured_media":0,"parent":0,"menu_order":0,"comment_status":"closed","ping_status":"closed","template":"","meta":{"_monsterinsights_skip_tracking":false,"_monsterinsights_sitenote_active":false,"_monsterinsights_sitenote_note":"","_monsterinsights_sitenote_category":0,"footnotes":""},"class_list":["post-6600","page","type-page","status-publish","hentry"],"yoast_head":"<!-- This site is optimized with the Yoast SEO plugin v27.4 - https:\/\/yoast.com\/product\/yoast-seo-wordpress\/ -->\n<title>Deutschland - People Abroad<\/title>\n<meta name=\"description\" content=\"Reiseberichte \u00fcber Deutschland mit Reisetipps und n\u00fctzlichen Infos f\u00fcr die individuelle Planung zum Nachreisen.\" \/>\n<meta name=\"robots\" content=\"noindex, follow\" \/>\n<meta property=\"og:locale\" content=\"de_DE\" \/>\n<meta property=\"og:type\" content=\"article\" \/>\n<meta property=\"og:title\" content=\"Deutschland - People Abroad\" \/>\n<meta property=\"og:description\" content=\"Reiseberichte \u00fcber Deutschland mit Reisetipps und n\u00fctzlichen Infos f\u00fcr die individuelle Planung zum Nachreisen.\" \/>\n<meta property=\"og:url\" content=\"https:\/\/www.people-abroad.de\/blog\/deutschland\/\" \/>\n<meta property=\"og:site_name\" content=\"People Abroad\" \/>\n<meta property=\"article:publisher\" content=\"https:\/\/www.facebook.com\/menschen.international\/\" \/>\n<meta property=\"article:modified_time\" content=\"2023-01-17T09:37:30+00:00\" \/>\n<meta name=\"twitter:card\" content=\"summary_large_image\" \/>\n<meta name=\"twitter:site\" content=\"@People_Abroad\" \/>\n<meta name=\"twitter:label1\" content=\"Gesch\u00e4tzte Lesezeit\" \/>\n\t<meta name=\"twitter:data1\" content=\"1\u00a0Minute\" \/>\n<script type=\"application\/ld+json\" class=\"yoast-schema-graph\">{\"@context\":\"https:\\\/\\\/schema.org\",\"@graph\":[{\"@type\":\"WebPage\",\"@id\":\"https:\\\/\\\/www.people-abroad.de\\\/blog\\\/deutschland\\\/\",\"url\":\"https:\\\/\\\/www.people-abroad.de\\\/blog\\\/deutschland\\\/\",\"name\":\"Deutschland - People Abroad\",\"isPartOf\":{\"@id\":\"https:\\\/\\\/www.people-abroad.de\\\/blog\\\/#website\"},\"datePublished\":\"2019-03-25T20:17:01+00:00\",\"dateModified\":\"2023-01-17T09:37:30+00:00\",\"description\":\"Reiseberichte \u00fcber Deutschland mit Reisetipps und n\u00fctzlichen Infos f\u00fcr die individuelle Planung zum Nachreisen.\",\"breadcrumb\":{\"@id\":\"https:\\\/\\\/www.people-abroad.de\\\/blog\\\/deutschland\\\/#breadcrumb\"},\"inLanguage\":\"de\",\"potentialAction\":[{\"@type\":\"ReadAction\",\"target\":[\"https:\\\/\\\/www.people-abroad.de\\\/blog\\\/deutschland\\\/\"]}]},{\"@type\":\"BreadcrumbList\",\"@id\":\"https:\\\/\\\/www.people-abroad.de\\\/blog\\\/deutschland\\\/#breadcrumb\",\"itemListElement\":[{\"@type\":\"ListItem\",\"position\":1,\"name\":\"Startseite\",\"item\":\"https:\\\/\\\/www.people-abroad.de\\\/blog\\\/\"},{\"@type\":\"ListItem\",\"position\":2,\"name\":\"Deutschland\"}]},{\"@type\":\"WebSite\",\"@id\":\"https:\\\/\\\/www.people-abroad.de\\\/blog\\\/#website\",\"url\":\"https:\\\/\\\/www.people-abroad.de\\\/blog\\\/\",\"name\":\"People Abroad\",\"description\":\"Reiseblog\",\"publisher\":{\"@id\":\"https:\\\/\\\/www.people-abroad.de\\\/blog\\\/#\\\/schema\\\/person\\\/2a518a154d93ee6cf0b146bc327329b3\"},\"potentialAction\":[{\"@type\":\"SearchAction\",\"target\":{\"@type\":\"EntryPoint\",\"urlTemplate\":\"https:\\\/\\\/www.people-abroad.de\\\/blog\\\/?s={search_term_string}\"},\"query-input\":{\"@type\":\"PropertyValueSpecification\",\"valueRequired\":true,\"valueName\":\"search_term_string\"}}],\"inLanguage\":\"de\"},{\"@type\":[\"Person\",\"Organization\"],\"@id\":\"https:\\\/\\\/www.people-abroad.de\\\/blog\\\/#\\\/schema\\\/person\\\/2a518a154d93ee6cf0b146bc327329b3\",\"name\":\"Heiko M\u00fcller\",\"logo\":{\"@id\":\"https:\\\/\\\/www.people-abroad.de\\\/blog\\\/#\\\/schema\\\/person\\\/image\\\/\"},\"description\":\"Ich bin Reiseblogger, Content Creator und Redakteur. Auf Reisen erkunde ich gerne neue Regionen, St\u00e4dte und Orte beim Fotografieren, Wandern und Radfahren. F\u00fcr weitere Reisetipps folge mir auf Instagram, Facebook &amp; Co. Mehr Infos zum Blog findest du hier: https:\\\/\\\/www.people-abroad.de\\\/blog\\\/pr-media\\\/. Kontakt: h.mueller@people-abroad.de\",\"sameAs\":[\"https:\\\/\\\/www.people-abroad.de\\\/blog\\\/\",\"https:\\\/\\\/www.facebook.com\\\/menschen.international\\\/\",\"https:\\\/\\\/www.instagram.com\\\/people.abroad\\\/\",\"https:\\\/\\\/www.linkedin.com\\\/in\\\/muellerheiko\\\/\",\"https:\\\/\\\/www.pinterest.de\\\/peopleabroad\\\/\",\"https:\\\/\\\/x.com\\\/People_Abroad\",\"https:\\\/\\\/www.youtube.com\\\/user\\\/MenschenInt\"]}]}<\/script>\n<!-- \/ Yoast SEO plugin. -->","yoast_head_json":{"title":"Deutschland - People Abroad","description":"Reiseberichte \u00fcber Deutschland mit Reisetipps und n\u00fctzlichen Infos f\u00fcr die individuelle Planung zum Nachreisen.","robots":{"index":"noindex","follow":"follow"},"og_locale":"de_DE","og_type":"article","og_title":"Deutschland - People Abroad","og_description":"Reiseberichte \u00fcber Deutschland mit Reisetipps und n\u00fctzlichen Infos f\u00fcr die individuelle Planung zum Nachreisen.","og_url":"https:\/\/www.people-abroad.de\/blog\/deutschland\/","og_site_name":"People Abroad","article_publisher":"https:\/\/www.facebook.com\/menschen.international\/","article_modified_time":"2023-01-17T09:37:30+00:00","twitter_card":"summary_large_image","twitter_site":"@People_Abroad","twitter_misc":{"Gesch\u00e4tzte Lesezeit":"1\u00a0Minute"},"schema":{"@context":"https:\/\/schema.org","@graph":[{"@type":"WebPage","@id":"https:\/\/www.people-abroad.de\/blog\/deutschland\/","url":"https:\/\/www.people-abroad.de\/blog\/deutschland\/","name":"Deutschland - People Abroad","isPartOf":{"@id":"https:\/\/www.people-abroad.de\/blog\/#website"},"datePublished":"2019-03-25T20:17:01+00:00","dateModified":"2023-01-17T09:37:30+00:00","description":"Reiseberichte \u00fcber Deutschland mit Reisetipps und n\u00fctzlichen Infos f\u00fcr die individuelle Planung zum Nachreisen.","breadcrumb":{"@id":"https:\/\/www.people-abroad.de\/blog\/deutschland\/#breadcrumb"},"inLanguage":"de","potentialAction":[{"@type":"ReadAction","target":["https:\/\/www.people-abroad.de\/blog\/deutschland\/"]}]},{"@type":"BreadcrumbList","@id":"https:\/\/www.people-abroad.de\/blog\/deutschland\/#breadcrumb","itemListElement":[{"@type":"ListItem","position":1,"name":"Startseite","item":"https:\/\/www.people-abroad.de\/blog\/"},{"@type":"ListItem","position":2,"name":"Deutschland"}]},{"@type":"WebSite","@id":"https:\/\/www.people-abroad.de\/blog\/#website","url":"https:\/\/www.people-abroad.de\/blog\/","name":"People Abroad","description":"Reiseblog","publisher":{"@id":"https:\/\/www.people-abroad.de\/blog\/#\/schema\/person\/2a518a154d93ee6cf0b146bc327329b3"},"potentialAction":[{"@type":"SearchAction","target":{"@type":"EntryPoint","urlTemplate":"https:\/\/www.people-abroad.de\/blog\/?s={search_term_string}"},"query-input":{"@type":"PropertyValueSpecification","valueRequired":true,"valueName":"search_term_string"}}],"inLanguage":"de"},{"@type":["Person","Organization"],"@id":"https:\/\/www.people-abroad.de\/blog\/#\/schema\/person\/2a518a154d93ee6cf0b146bc327329b3","name":"Heiko M\u00fcller","logo":{"@id":"https:\/\/www.people-abroad.de\/blog\/#\/schema\/person\/image\/"},"description":"Ich bin Reiseblogger, Content Creator und Redakteur. Auf Reisen erkunde ich gerne neue Regionen, St\u00e4dte und Orte beim Fotografieren, Wandern und Radfahren. F\u00fcr weitere Reisetipps folge mir auf Instagram, Facebook &amp; Co. Mehr Infos zum Blog findest du hier: https:\/\/www.people-abroad.de\/blog\/pr-media\/. Kontakt: h.mueller@people-abroad.de","sameAs":["https:\/\/www.people-abroad.de\/blog\/","https:\/\/www.facebook.com\/menschen.international\/","https:\/\/www.instagram.com\/people.abroad\/","https:\/\/www.linkedin.com\/in\/muellerheiko\/","https:\/\/www.pinterest.de\/peopleabroad\/","https:\/\/x.com\/People_Abroad","https:\/\/www.youtube.com\/user\/MenschenInt"]}]}},"_links":{"self":[{"href":"https:\/\/www.people-abroad.de\/blog\/wp-json\/wp\/v2\/pages\/6600","targetHints":{"allow":["GET"]}}],"collection":[{"href":"https:\/\/www.people-abroad.de\/blog\/wp-json\/wp\/v2\/pages"}],"about":[{"href":"https:\/\/www.people-abroad.de\/blog\/wp-json\/wp\/v2\/types\/page"}],"author":[{"embeddable":true,"href":"https:\/\/www.people-abroad.de\/blog\/wp-json\/wp\/v2\/users\/1"}],"replies":[{"embeddable":true,"href":"https:\/\/www.people-abroad.de\/blog\/wp-json\/wp\/v2\/comments?post=6600"}],"version-history":[{"count":5,"href":"https:\/\/www.people-abroad.de\/blog\/wp-json\/wp\/v2\/pages\/6600\/revisions"}],"predecessor-version":[{"id":14544,"href":"https:\/\/www.people-abroad.de\/blog\/wp-json\/wp\/v2\/pages\/6600\/revisions\/14544"}],"wp:attachment":[{"href":"https:\/\/www.people-abroad.de\/blog\/wp-json\/wp\/v2\/media?parent=6600"}],"curies":[{"name":"wp","href":"https:\/\/api.w.org\/{rel}","templated":true}]}}