{"id":2947,"date":"2017-03-22T09:48:33","date_gmt":"2017-03-22T08:48:33","guid":{"rendered":"http:\/\/www.people-abroad.de\/blog\/?page_id=2947"},"modified":"2023-01-17T11:15:48","modified_gmt":"2023-01-17T10:15:48","slug":"nachhaltigkeit","status":"publish","type":"page","link":"https:\/\/www.people-abroad.de\/blog\/nachhaltigkeit\/","title":{"rendered":"Nachhaltigkeit"},"content":{"rendered":"<div class=\"lcp_catlist\" id=\"lcp_instance_0\"><p><h2><a href=\"https:\/\/www.people-abroad.de\/blog\/finnlines-faehrreise-finnland\/\">Finnlines: F\u00e4hrreise \u00fcber die Ostsee nach Finnland<\/a><\/h2><div class=\"lcp_excerpt\"><p><a href=\"https:\/\/www.people-abroad.de\/blog\/finnlines-faehrreise-finnland\/\"><img decoding=\"async\" class=\"alignnone wp-image-36040 size-large\" src=\"https:\/\/www.people-abroad.de\/blog\/wp-content\/uploads\/2025\/02\/finnlines-faehre-ostsee-travemuende-helsinki-43-1024x684.jpeg\" alt=\"Finnlines F\u00e4hre Ostsee Finnland Travem\u00fcnde Helsinki\" width=\"1024\" height=\"684\" srcset=\"https:\/\/www.people-abroad.de\/blog\/wp-content\/uploads\/2025\/02\/finnlines-faehre-ostsee-travemuende-helsinki-43-1024x684.jpeg 1024w, https:\/\/www.people-abroad.de\/blog\/wp-content\/uploads\/2025\/02\/finnlines-faehre-ostsee-travemuende-helsinki-43-300x200.jpeg 300w, https:\/\/www.people-abroad.de\/blog\/wp-content\/uploads\/2025\/02\/finnlines-faehre-ostsee-travemuende-helsinki-43-768x513.jpeg 768w, https:\/\/www.people-abroad.de\/blog\/wp-content\/uploads\/2025\/02\/finnlines-faehre-ostsee-travemuende-helsinki-43.jpeg 1200w\" sizes=\"(max-width: 1024px) 100vw, 1024px\" \/><\/a><\/p>\n<p> Mit der Finnlines F\u00e4hre kommt man bequem von Deutschland \u00fcber die Ostsee nach Finnland. Meine F\u00e4hrreise mit der Finnlady von L\u00fcbeck-Travem\u00fcnde nach Helsinki.<\/p>\n<\/div><a href=\"https:\/\/www.people-abroad.de\/blog\/finnlines-faehrreise-finnland\/\">Mehr...<\/a><\/p><p><h2><a href=\"https:\/\/www.people-abroad.de\/blog\/toelzer-land-naturschutz-nachhaltigkeit\/\">Naturschutz im T\u00f6lzer Land: Nachhaltigkeit entlang der Isar<\/a><\/h2><div class=\"lcp_excerpt\"><p><a href=\"https:\/\/www.people-abroad.de\/blog\/toelzer-land-naturschutz-nachhaltigkeit\/\"><img decoding=\"async\" class=\"alignnone wp-image-31892 size-large\" src=\"https:\/\/www.people-abroad.de\/blog\/wp-content\/uploads\/2023\/08\/toelzer-land-nachhaltigkeit-naturschutz-umwelt-1-1024x683.jpeg\" alt=\"T\u00f6lzer Land Naturschutz Nachhaltigkeit Tourismus Umweltschutz\" width=\"1024\" height=\"683\" srcset=\"https:\/\/www.people-abroad.de\/blog\/wp-content\/uploads\/2023\/08\/toelzer-land-nachhaltigkeit-naturschutz-umwelt-1-1024x683.jpeg 1024w, https:\/\/www.people-abroad.de\/blog\/wp-content\/uploads\/2023\/08\/toelzer-land-nachhaltigkeit-naturschutz-umwelt-1-300x200.jpeg 300w, https:\/\/www.people-abroad.de\/blog\/wp-content\/uploads\/2023\/08\/toelzer-land-nachhaltigkeit-naturschutz-umwelt-1-768x512.jpeg 768w, https:\/\/www.people-abroad.de\/blog\/wp-content\/uploads\/2023\/08\/toelzer-land-nachhaltigkeit-naturschutz-umwelt-1.jpeg 1200w\" sizes=\"(max-width: 1024px) 100vw, 1024px\" \/><\/a><\/p>\n<p> Naturschutz und Nachhaltigkeit gehen im T\u00f6lzer Land in Oberbayern zusammen. Wie sich Urlauber und Einheimische respektvoll in der Natur verhalten, beschreibt dieser Beitrag.<\/p>\n<\/div><a href=\"https:\/\/www.people-abroad.de\/blog\/toelzer-land-naturschutz-nachhaltigkeit\/\">Mehr...<\/a><\/p><p><h2><a href=\"https:\/\/www.people-abroad.de\/blog\/radfahren-sicherheit-alltag-radreise\/\">Radfahren und Sicherheit: Basics f\u00fcr den Alltag und Radreisen<\/a><\/h2><div class=\"lcp_excerpt\"><p><a href=\"https:\/\/www.people-abroad.de\/blog\/radfahren-sicherheit-alltag-radreise\/\"><img decoding=\"async\" class=\"alignnone wp-image-31842 size-large\" src=\"https:\/\/www.people-abroad.de\/blog\/wp-content\/uploads\/2023\/08\/radfahren-und-sicherheit-alltag-radreisen-adfc-1024x683.jpeg\" alt=\"Radfahren und Sicherheit Alltag Radreisen ADFC \" width=\"1024\" height=\"683\" srcset=\"https:\/\/www.people-abroad.de\/blog\/wp-content\/uploads\/2023\/08\/radfahren-und-sicherheit-alltag-radreisen-adfc-1024x683.jpeg 1024w, https:\/\/www.people-abroad.de\/blog\/wp-content\/uploads\/2023\/08\/radfahren-und-sicherheit-alltag-radreisen-adfc-300x200.jpeg 300w, https:\/\/www.people-abroad.de\/blog\/wp-content\/uploads\/2023\/08\/radfahren-und-sicherheit-alltag-radreisen-adfc-768x512.jpeg 768w, https:\/\/www.people-abroad.de\/blog\/wp-content\/uploads\/2023\/08\/radfahren-und-sicherheit-alltag-radreisen-adfc.jpeg 1200w\" sizes=\"(max-width: 1024px) 100vw, 1024px\" \/><\/a><\/p>\n<p>Radfahren und Sicherheit ist ein Thema, das alle Radfahrer betrifft. Erfahrungen und Tipps zur Sicherheit auf dem Fahrrad gibt es im Interview mit dem ADFC.<\/p>\n<\/div><a href=\"https:\/\/www.people-abroad.de\/blog\/radfahren-sicherheit-alltag-radreise\/\">Mehr...<\/a><\/p><p><h2><a href=\"https:\/\/www.people-abroad.de\/blog\/umweltfreundlich-reisen-tipps\/\">Umweltfreundlich reisen: N\u00fctzliche Tipps f\u00fcr die Praxis<\/a><\/h2><div class=\"lcp_excerpt\"><p><a href=\"https:\/\/www.people-abroad.de\/blog\/umweltfreundlich-reisen-tipps\/\"><img decoding=\"async\" class=\"alignnone wp-image-31028 size-large\" src=\"https:\/\/www.people-abroad.de\/blog\/wp-content\/uploads\/2023\/06\/umweltfreundlich-reisen-klimafreundlich-nachhaltig-reisen-1024x683.jpeg\" alt=\"Umweltfreundlich reisen klimafreundlich nachhaltig Tourismus Tipps\" width=\"1024\" height=\"683\" srcset=\"https:\/\/www.people-abroad.de\/blog\/wp-content\/uploads\/2023\/06\/umweltfreundlich-reisen-klimafreundlich-nachhaltig-reisen-1024x683.jpeg 1024w, https:\/\/www.people-abroad.de\/blog\/wp-content\/uploads\/2023\/06\/umweltfreundlich-reisen-klimafreundlich-nachhaltig-reisen-300x200.jpeg 300w, https:\/\/www.people-abroad.de\/blog\/wp-content\/uploads\/2023\/06\/umweltfreundlich-reisen-klimafreundlich-nachhaltig-reisen-768x512.jpeg 768w, https:\/\/www.people-abroad.de\/blog\/wp-content\/uploads\/2023\/06\/umweltfreundlich-reisen-klimafreundlich-nachhaltig-reisen.jpeg 1200w\" sizes=\"(max-width: 1024px) 100vw, 1024px\" \/><\/a><\/p>\n<p> Umweltfreundlich Reisen &#8211; wie kann dies gelingen? Was k\u00f6nnen Reisende und Reiseanbieter dazu beitragen? Antworten darauf gibt das DE-Klima Plus Projekt von Outdooractive.<\/p>\n<\/div><a href=\"https:\/\/www.people-abroad.de\/blog\/umweltfreundlich-reisen-tipps\/\">Mehr...<\/a><\/p><p><h2><a href=\"https:\/\/www.people-abroad.de\/blog\/helsinki-im-winter-tipps\/\">Helsinki im Winter: Highlights &#038; Orte in der Natur entdecken<\/a><\/h2><div class=\"lcp_excerpt\"><p><a href=\"https:\/\/www.people-abroad.de\/blog\/helsinki-im-winter-tipps\/\"><img decoding=\"async\" class=\"alignnone wp-image-30010 size-large\" src=\"https:\/\/www.people-abroad.de\/blog\/wp-content\/uploads\/2023\/03\/helisinki-im-winter-tipps-58-1024x682.jpeg\" alt=\"Helsinki im Winter Tipps St\u00e4dtereise \" width=\"1024\" height=\"682\" srcset=\"https:\/\/www.people-abroad.de\/blog\/wp-content\/uploads\/2023\/03\/helisinki-im-winter-tipps-58-1024x682.jpeg 1024w, https:\/\/www.people-abroad.de\/blog\/wp-content\/uploads\/2023\/03\/helisinki-im-winter-tipps-58-300x200.jpeg 300w, https:\/\/www.people-abroad.de\/blog\/wp-content\/uploads\/2023\/03\/helisinki-im-winter-tipps-58-768x511.jpeg 768w, https:\/\/www.people-abroad.de\/blog\/wp-content\/uploads\/2023\/03\/helisinki-im-winter-tipps-58.jpeg 1200w\" sizes=\"(max-width: 1024px) 100vw, 1024px\" \/><\/a><\/p>\n<p> Helsinki ist ein tolles St\u00e4dteziel mit zahlreichen Highlights. Natur, K\u00fcste und Stille lassen sich gut individuell entdecken &#8211; gerade im Winter. Tipps f\u00fcr Helsinki im Winter.<\/p>\n<\/div><a href=\"https:\/\/www.people-abroad.de\/blog\/helsinki-im-winter-tipps\/\">Mehr...<\/a><\/p><p><h2><a href=\"https:\/\/www.people-abroad.de\/blog\/coast-to-coast-walk\/\">Meine Weitwanderung auf dem Coast to Coast Walk<\/a><\/h2><div class=\"lcp_excerpt\"><p><a href=\"https:\/\/www.people-abroad.de\/blog\/coast-to-coast-walk\/\"><img decoding=\"async\" class=\"alignnone wp-image-28804 size-large\" src=\"https:\/\/www.people-abroad.de\/blog\/wp-content\/uploads\/2022\/11\/coast-to-coast-england-lake-district-15-1024x683.jpeg\" alt=\"Coast to Coast England Wandern Lake District Cumbria\" width=\"1024\" height=\"683\" srcset=\"https:\/\/www.people-abroad.de\/blog\/wp-content\/uploads\/2022\/11\/coast-to-coast-england-lake-district-15-1024x683.jpeg 1024w, https:\/\/www.people-abroad.de\/blog\/wp-content\/uploads\/2022\/11\/coast-to-coast-england-lake-district-15-300x200.jpeg 300w, https:\/\/www.people-abroad.de\/blog\/wp-content\/uploads\/2022\/11\/coast-to-coast-england-lake-district-15-768x512.jpeg 768w, https:\/\/www.people-abroad.de\/blog\/wp-content\/uploads\/2022\/11\/coast-to-coast-england-lake-district-15-400x267.jpeg 400w, https:\/\/www.people-abroad.de\/blog\/wp-content\/uploads\/2022\/11\/coast-to-coast-england-lake-district-15.jpeg 1200w\" sizes=\"(max-width: 1024px) 100vw, 1024px\" \/><\/a><\/p>\n<p> Der Coast to Coast Walk in England ist ein Fernwanderweg von der West- zur Ostk\u00fcste. Meine Wanderwoche auf dem landschaftlich sehr abwechslungsreichen Coast to Coast Walk.<\/p>\n<\/div><a href=\"https:\/\/www.people-abroad.de\/blog\/coast-to-coast-walk\/\">Mehr...<\/a><\/p><p><h2><a href=\"https:\/\/www.people-abroad.de\/blog\/helsinki-suomenlinna-seurasaari-lonna\/\">Helsinki Inseln: Suomenlinna, Seurasaari &#038; Lonna<\/a><\/h2><div class=\"lcp_excerpt\"><p><a href=\"https:\/\/www.people-abroad.de\/blog\/helsinki-suomenlinna-seurasaari-lonna\/\"><img decoding=\"async\" class=\"alignnone size-large wp-image-28304\" src=\"https:\/\/www.people-abroad.de\/blog\/wp-content\/uploads\/2022\/09\/helsinki-suomenlinna-seurasaari-lonna-2-1024x681.jpg\" alt=\"Helsinki Inseln Suomenlinna Seurasaari Lonna\" width=\"1024\" height=\"681\" srcset=\"https:\/\/www.people-abroad.de\/blog\/wp-content\/uploads\/2022\/09\/helsinki-suomenlinna-seurasaari-lonna-2-1024x681.jpg 1024w, https:\/\/www.people-abroad.de\/blog\/wp-content\/uploads\/2022\/09\/helsinki-suomenlinna-seurasaari-lonna-2-300x200.jpg 300w, https:\/\/www.people-abroad.de\/blog\/wp-content\/uploads\/2022\/09\/helsinki-suomenlinna-seurasaari-lonna-2-768x511.jpg 768w, https:\/\/www.people-abroad.de\/blog\/wp-content\/uploads\/2022\/09\/helsinki-suomenlinna-seurasaari-lonna-2-400x266.jpg 400w, https:\/\/www.people-abroad.de\/blog\/wp-content\/uploads\/2022\/09\/helsinki-suomenlinna-seurasaari-lonna-2.jpg 1200w\" sizes=\"(max-width: 1024px) 100vw, 1024px\" \/><\/a><\/p>\n<p> Helsinki ist eine spannende Metropole, mehr als 300 Inseln umgeben Finnlands Hauptstadt. Hier findest du die drei sch\u00f6nsten Helsinki Inseln Suomenlinna, Seurasaari und Lonna.<\/p>\n<\/div><a href=\"https:\/\/www.people-abroad.de\/blog\/helsinki-suomenlinna-seurasaari-lonna\/\">Mehr...<\/a><\/p><p><h2><a href=\"https:\/\/www.people-abroad.de\/blog\/helsinki-sehenswuerdigkeiten-tipps\/\">Helsinki Sehensw\u00fcrdigkeiten &#8211; Highlights &#038; Natur entdecken<\/a><\/h2><div class=\"lcp_excerpt\"><p><a href=\"https:\/\/www.people-abroad.de\/blog\/helsinki-sehenswuerdigkeiten-tipps\/\"><img decoding=\"async\" class=\"alignnone size-large wp-image-28128\" src=\"https:\/\/www.people-abroad.de\/blog\/wp-content\/uploads\/2022\/08\/helsinki-sehenswuerdigkeiten-tipps-4-1024x681.jpg\" alt=\"Helsinki Sehensw\u00fcrdigkeiten St\u00e4dtereise Tipps Altstadt\" width=\"1024\" height=\"681\" srcset=\"https:\/\/www.people-abroad.de\/blog\/wp-content\/uploads\/2022\/08\/helsinki-sehenswuerdigkeiten-tipps-4-1024x681.jpg 1024w, https:\/\/www.people-abroad.de\/blog\/wp-content\/uploads\/2022\/08\/helsinki-sehenswuerdigkeiten-tipps-4-300x200.jpg 300w, https:\/\/www.people-abroad.de\/blog\/wp-content\/uploads\/2022\/08\/helsinki-sehenswuerdigkeiten-tipps-4-768x511.jpg 768w, https:\/\/www.people-abroad.de\/blog\/wp-content\/uploads\/2022\/08\/helsinki-sehenswuerdigkeiten-tipps-4-400x266.jpg 400w, https:\/\/www.people-abroad.de\/blog\/wp-content\/uploads\/2022\/08\/helsinki-sehenswuerdigkeiten-tipps-4.jpg 1200w\" sizes=\"(max-width: 1024px) 100vw, 1024px\" \/><\/a><\/p>\n<p> Helsinki ist vielseitig, gr\u00fcn und bietet zahlreiche Highlights. Kultur und Natur lassen sich bei einer St\u00e4dtereise prima zu Fu\u00df oder mit dem Rad entdecken. Tipps zu den Helsinki Sehensw\u00fcrdigkeiten.<\/p>\n<\/div><a href=\"https:\/\/www.people-abroad.de\/blog\/helsinki-sehenswuerdigkeiten-tipps\/\">Mehr...<\/a><\/p><p><h2><a href=\"https:\/\/www.people-abroad.de\/blog\/nachhaltig-reisen-eggental-suedtirol\/\">S\u00fcdtirol: Nachhaltig Reisen im Eggental &#8211; Basics &#038; Einblicke<\/a><\/h2><div class=\"lcp_excerpt\"><p><a href=\"https:\/\/www.people-abroad.de\/blog\/nachhaltig-reisen-eggental-suedtirol\/\"><img decoding=\"async\" class=\"alignnone wp-image-28011 size-large\" src=\"https:\/\/www.people-abroad.de\/blog\/wp-content\/uploads\/2022\/08\/andergassen-web-hotel-pfoesl-eggental-suedtirol-1024x683.jpg\" alt=\"Nachhaltig Reisen Eggental S\u00fcdtirol Nachhaltigkeit Tourismus\" width=\"1024\" height=\"683\" srcset=\"https:\/\/www.people-abroad.de\/blog\/wp-content\/uploads\/2022\/08\/andergassen-web-hotel-pfoesl-eggental-suedtirol-1024x683.jpg 1024w, https:\/\/www.people-abroad.de\/blog\/wp-content\/uploads\/2022\/08\/andergassen-web-hotel-pfoesl-eggental-suedtirol-300x200.jpg 300w, https:\/\/www.people-abroad.de\/blog\/wp-content\/uploads\/2022\/08\/andergassen-web-hotel-pfoesl-eggental-suedtirol-768x512.jpg 768w, https:\/\/www.people-abroad.de\/blog\/wp-content\/uploads\/2022\/08\/andergassen-web-hotel-pfoesl-eggental-suedtirol-400x267.jpg 400w, https:\/\/www.people-abroad.de\/blog\/wp-content\/uploads\/2022\/08\/andergassen-web-hotel-pfoesl-eggental-suedtirol.jpg 1200w\" sizes=\"(max-width: 1024px) 100vw, 1024px\" \/><\/a><\/p>\n<p> Nachhaltig Reisen geh\u00f6rt zu den zentralen Zukunftstrends im Tourismus. Wohin die Reise in Sachen Nachhaltigkeit gehen kann, zeigt die Region Eggental in S\u00fcdtirol.<\/p>\n<\/div><a href=\"https:\/\/www.people-abroad.de\/blog\/nachhaltig-reisen-eggental-suedtirol\/\">Mehr...<\/a><\/p><p><h2><a href=\"https:\/\/www.people-abroad.de\/blog\/radreisen-planung-tipps\/\">Radreisen: Aktuelle Trends und Tipps f\u00fcr die Planung<\/a><\/h2><div class=\"lcp_excerpt\"><p><a href=\"https:\/\/www.people-abroad.de\/blog\/radreisen-planung-tipps\/\"><img decoding=\"async\" class=\"alignnone wp-image-26565 size-large\" src=\"https:\/\/www.people-abroad.de\/blog\/wp-content\/uploads\/2022\/04\/adfc-radreisen-vechtetalroute-1024x682.jpg\" alt=\"Radreisen Radurlaub Deutschland Planung Tipps ADFC Radreiseanalyse\" width=\"1024\" height=\"682\" srcset=\"https:\/\/www.people-abroad.de\/blog\/wp-content\/uploads\/2022\/04\/adfc-radreisen-vechtetalroute-1024x682.jpg 1024w, https:\/\/www.people-abroad.de\/blog\/wp-content\/uploads\/2022\/04\/adfc-radreisen-vechtetalroute-300x200.jpg 300w, https:\/\/www.people-abroad.de\/blog\/wp-content\/uploads\/2022\/04\/adfc-radreisen-vechtetalroute-768x511.jpg 768w, https:\/\/www.people-abroad.de\/blog\/wp-content\/uploads\/2022\/04\/adfc-radreisen-vechtetalroute-400x266.jpg 400w, https:\/\/www.people-abroad.de\/blog\/wp-content\/uploads\/2022\/04\/adfc-radreisen-vechtetalroute.jpg 1200w\" sizes=\"(max-width: 1024px) 100vw, 1024px\" \/><\/a><\/p>\n<p>Radreisen sind beliebt und die Tendenz dazu ist laut der ADFC-Radreiseanalyse steigend. Aktuelle Trends und Tipps f\u00fcr die Planung gibt es im Interview mit dem ADFC.<\/p>\n<\/div><a href=\"https:\/\/www.people-abroad.de\/blog\/radreisen-planung-tipps\/\">Mehr...<\/a><\/p><\/div><ul class='lcp_paginator'><li class='lcp_currentpage'>1<\/li><li><a href='https:\/\/www.people-abroad.de\/blog\/wp-json\/wp\/v2\/pages\/2947?lcp_page0=2#lcp_instance_0' title='2'>2<\/a><\/li><li><a href='https:\/\/www.people-abroad.de\/blog\/wp-json\/wp\/v2\/pages\/2947?lcp_page0=3#lcp_instance_0' title='3'>3<\/a><\/li><li><a href='https:\/\/www.people-abroad.de\/blog\/wp-json\/wp\/v2\/pages\/2947?lcp_page0=4#lcp_instance_0' title='4'>4<\/a><\/li><li><a href='https:\/\/www.people-abroad.de\/blog\/wp-json\/wp\/v2\/pages\/2947?lcp_page0=2#lcp_instance_0' title='2' class='lcp_nextlink'>\u00c4ltere Beitr\u00e4ge &gt;&gt;<\/a><\/li><\/ul>\n","protected":false},"excerpt":{"rendered":"","protected":false},"author":1,"featured_media":0,"parent":0,"menu_order":0,"comment_status":"closed","ping_status":"closed","template":"","meta":{"_monsterinsights_skip_tracking":false,"_monsterinsights_sitenote_active":false,"_monsterinsights_sitenote_note":"","_monsterinsights_sitenote_category":0,"footnotes":""},"class_list":["post-2947","page","type-page","status-publish","hentry"],"yoast_head":"<!-- This site is optimized with the Yoast SEO plugin v27.5 - https:\/\/yoast.com\/product\/yoast-seo-wordpress\/ -->\n<title>Nachhaltigkeit - People Abroad<\/title>\n<meta name=\"description\" content=\"Reiseberichte mit dem Schwerpunkt Nachhaltigkeit mit Reisetipps f\u00fcr die individuelle Planung zum Nachreisen.\" \/>\n<meta name=\"robots\" content=\"noindex, follow\" \/>\n<meta property=\"og:locale\" content=\"de_DE\" \/>\n<meta property=\"og:type\" content=\"article\" \/>\n<meta property=\"og:title\" content=\"Nachhaltigkeit - People Abroad\" \/>\n<meta property=\"og:description\" content=\"Reiseberichte mit dem Schwerpunkt Nachhaltigkeit mit Reisetipps f\u00fcr die individuelle Planung zum Nachreisen.\" \/>\n<meta property=\"og:url\" content=\"https:\/\/www.people-abroad.de\/blog\/nachhaltigkeit\/\" \/>\n<meta property=\"og:site_name\" content=\"People Abroad\" \/>\n<meta property=\"article:publisher\" content=\"https:\/\/www.facebook.com\/menschen.international\/\" \/>\n<meta property=\"article:modified_time\" content=\"2023-01-17T10:15:48+00:00\" \/>\n<meta name=\"twitter:card\" content=\"summary_large_image\" \/>\n<meta name=\"twitter:site\" content=\"@People_Abroad\" \/>\n<meta name=\"twitter:label1\" content=\"Gesch\u00e4tzte Lesezeit\" \/>\n\t<meta name=\"twitter:data1\" content=\"1\u00a0Minute\" \/>\n<script type=\"application\/ld+json\" class=\"yoast-schema-graph\">{\"@context\":\"https:\\\/\\\/schema.org\",\"@graph\":[{\"@type\":\"WebPage\",\"@id\":\"https:\\\/\\\/www.people-abroad.de\\\/blog\\\/nachhaltigkeit\\\/\",\"url\":\"https:\\\/\\\/www.people-abroad.de\\\/blog\\\/nachhaltigkeit\\\/\",\"name\":\"Nachhaltigkeit - People Abroad\",\"isPartOf\":{\"@id\":\"https:\\\/\\\/www.people-abroad.de\\\/blog\\\/#website\"},\"datePublished\":\"2017-03-22T08:48:33+00:00\",\"dateModified\":\"2023-01-17T10:15:48+00:00\",\"description\":\"Reiseberichte mit dem Schwerpunkt Nachhaltigkeit mit Reisetipps f\u00fcr die individuelle Planung zum Nachreisen.\",\"breadcrumb\":{\"@id\":\"https:\\\/\\\/www.people-abroad.de\\\/blog\\\/nachhaltigkeit\\\/#breadcrumb\"},\"inLanguage\":\"de\",\"potentialAction\":[{\"@type\":\"ReadAction\",\"target\":[\"https:\\\/\\\/www.people-abroad.de\\\/blog\\\/nachhaltigkeit\\\/\"]}]},{\"@type\":\"BreadcrumbList\",\"@id\":\"https:\\\/\\\/www.people-abroad.de\\\/blog\\\/nachhaltigkeit\\\/#breadcrumb\",\"itemListElement\":[{\"@type\":\"ListItem\",\"position\":1,\"name\":\"Startseite\",\"item\":\"https:\\\/\\\/www.people-abroad.de\\\/blog\\\/\"},{\"@type\":\"ListItem\",\"position\":2,\"name\":\"Nachhaltigkeit\"}]},{\"@type\":\"WebSite\",\"@id\":\"https:\\\/\\\/www.people-abroad.de\\\/blog\\\/#website\",\"url\":\"https:\\\/\\\/www.people-abroad.de\\\/blog\\\/\",\"name\":\"People Abroad\",\"description\":\"Reiseblog\",\"publisher\":{\"@id\":\"https:\\\/\\\/www.people-abroad.de\\\/blog\\\/#\\\/schema\\\/person\\\/2a518a154d93ee6cf0b146bc327329b3\"},\"potentialAction\":[{\"@type\":\"SearchAction\",\"target\":{\"@type\":\"EntryPoint\",\"urlTemplate\":\"https:\\\/\\\/www.people-abroad.de\\\/blog\\\/?s={search_term_string}\"},\"query-input\":{\"@type\":\"PropertyValueSpecification\",\"valueRequired\":true,\"valueName\":\"search_term_string\"}}],\"inLanguage\":\"de\"},{\"@type\":[\"Person\",\"Organization\"],\"@id\":\"https:\\\/\\\/www.people-abroad.de\\\/blog\\\/#\\\/schema\\\/person\\\/2a518a154d93ee6cf0b146bc327329b3\",\"name\":\"Heiko M\u00fcller\",\"logo\":{\"@id\":\"https:\\\/\\\/www.people-abroad.de\\\/blog\\\/#\\\/schema\\\/person\\\/image\\\/\"},\"description\":\"Ich bin Reiseblogger, Content Creator und Redakteur. Auf Reisen erkunde ich gerne neue Regionen, St\u00e4dte und Orte beim Fotografieren, Wandern und Radfahren. F\u00fcr weitere Reisetipps folge mir auf Instagram. Mehr Infos zum Blog findest du hier: https:\\\/\\\/www.people-abroad.de\\\/blog\\\/pr-media\\\/. Kontakt: h.mueller@people-abroad.de\",\"sameAs\":[\"https:\\\/\\\/www.people-abroad.de\\\/blog\\\/\",\"https:\\\/\\\/www.facebook.com\\\/menschen.international\\\/\",\"https:\\\/\\\/www.instagram.com\\\/people.abroad\\\/\",\"https:\\\/\\\/www.linkedin.com\\\/in\\\/muellerheiko\\\/\",\"https:\\\/\\\/www.pinterest.de\\\/peopleabroad\\\/\",\"https:\\\/\\\/x.com\\\/People_Abroad\",\"https:\\\/\\\/www.youtube.com\\\/user\\\/MenschenInt\"]}]}<\/script>\n<!-- \/ Yoast SEO plugin. -->","yoast_head_json":{"title":"Nachhaltigkeit - People Abroad","description":"Reiseberichte mit dem Schwerpunkt Nachhaltigkeit mit Reisetipps f\u00fcr die individuelle Planung zum Nachreisen.","robots":{"index":"noindex","follow":"follow"},"og_locale":"de_DE","og_type":"article","og_title":"Nachhaltigkeit - People Abroad","og_description":"Reiseberichte mit dem Schwerpunkt Nachhaltigkeit mit Reisetipps f\u00fcr die individuelle Planung zum Nachreisen.","og_url":"https:\/\/www.people-abroad.de\/blog\/nachhaltigkeit\/","og_site_name":"People Abroad","article_publisher":"https:\/\/www.facebook.com\/menschen.international\/","article_modified_time":"2023-01-17T10:15:48+00:00","twitter_card":"summary_large_image","twitter_site":"@People_Abroad","twitter_misc":{"Gesch\u00e4tzte Lesezeit":"1\u00a0Minute"},"schema":{"@context":"https:\/\/schema.org","@graph":[{"@type":"WebPage","@id":"https:\/\/www.people-abroad.de\/blog\/nachhaltigkeit\/","url":"https:\/\/www.people-abroad.de\/blog\/nachhaltigkeit\/","name":"Nachhaltigkeit - People Abroad","isPartOf":{"@id":"https:\/\/www.people-abroad.de\/blog\/#website"},"datePublished":"2017-03-22T08:48:33+00:00","dateModified":"2023-01-17T10:15:48+00:00","description":"Reiseberichte mit dem Schwerpunkt Nachhaltigkeit mit Reisetipps f\u00fcr die individuelle Planung zum Nachreisen.","breadcrumb":{"@id":"https:\/\/www.people-abroad.de\/blog\/nachhaltigkeit\/#breadcrumb"},"inLanguage":"de","potentialAction":[{"@type":"ReadAction","target":["https:\/\/www.people-abroad.de\/blog\/nachhaltigkeit\/"]}]},{"@type":"BreadcrumbList","@id":"https:\/\/www.people-abroad.de\/blog\/nachhaltigkeit\/#breadcrumb","itemListElement":[{"@type":"ListItem","position":1,"name":"Startseite","item":"https:\/\/www.people-abroad.de\/blog\/"},{"@type":"ListItem","position":2,"name":"Nachhaltigkeit"}]},{"@type":"WebSite","@id":"https:\/\/www.people-abroad.de\/blog\/#website","url":"https:\/\/www.people-abroad.de\/blog\/","name":"People Abroad","description":"Reiseblog","publisher":{"@id":"https:\/\/www.people-abroad.de\/blog\/#\/schema\/person\/2a518a154d93ee6cf0b146bc327329b3"},"potentialAction":[{"@type":"SearchAction","target":{"@type":"EntryPoint","urlTemplate":"https:\/\/www.people-abroad.de\/blog\/?s={search_term_string}"},"query-input":{"@type":"PropertyValueSpecification","valueRequired":true,"valueName":"search_term_string"}}],"inLanguage":"de"},{"@type":["Person","Organization"],"@id":"https:\/\/www.people-abroad.de\/blog\/#\/schema\/person\/2a518a154d93ee6cf0b146bc327329b3","name":"Heiko M\u00fcller","logo":{"@id":"https:\/\/www.people-abroad.de\/blog\/#\/schema\/person\/image\/"},"description":"Ich bin Reiseblogger, Content Creator und Redakteur. Auf Reisen erkunde ich gerne neue Regionen, St\u00e4dte und Orte beim Fotografieren, Wandern und Radfahren. F\u00fcr weitere Reisetipps folge mir auf Instagram. Mehr Infos zum Blog findest du hier: https:\/\/www.people-abroad.de\/blog\/pr-media\/. Kontakt: h.mueller@people-abroad.de","sameAs":["https:\/\/www.people-abroad.de\/blog\/","https:\/\/www.facebook.com\/menschen.international\/","https:\/\/www.instagram.com\/people.abroad\/","https:\/\/www.linkedin.com\/in\/muellerheiko\/","https:\/\/www.pinterest.de\/peopleabroad\/","https:\/\/x.com\/People_Abroad","https:\/\/www.youtube.com\/user\/MenschenInt"]}]}},"_links":{"self":[{"href":"https:\/\/www.people-abroad.de\/blog\/wp-json\/wp\/v2\/pages\/2947","targetHints":{"allow":["GET"]}}],"collection":[{"href":"https:\/\/www.people-abroad.de\/blog\/wp-json\/wp\/v2\/pages"}],"about":[{"href":"https:\/\/www.people-abroad.de\/blog\/wp-json\/wp\/v2\/types\/page"}],"author":[{"embeddable":true,"href":"https:\/\/www.people-abroad.de\/blog\/wp-json\/wp\/v2\/users\/1"}],"replies":[{"embeddable":true,"href":"https:\/\/www.people-abroad.de\/blog\/wp-json\/wp\/v2\/comments?post=2947"}],"version-history":[{"count":2,"href":"https:\/\/www.people-abroad.de\/blog\/wp-json\/wp\/v2\/pages\/2947\/revisions"}],"predecessor-version":[{"id":14553,"href":"https:\/\/www.people-abroad.de\/blog\/wp-json\/wp\/v2\/pages\/2947\/revisions\/14553"}],"wp:attachment":[{"href":"https:\/\/www.people-abroad.de\/blog\/wp-json\/wp\/v2\/media?parent=2947"}],"curies":[{"name":"wp","href":"https:\/\/api.w.org\/{rel}","templated":true}]}}