{"id":2517,"date":"2017-02-04T12:28:30","date_gmt":"2017-02-04T11:28:30","guid":{"rendered":"http:\/\/www.people-abroad.de\/blog\/?page_id=2517"},"modified":"2023-01-17T11:30:14","modified_gmt":"2023-01-17T10:30:14","slug":"freiwilligenarbeit","status":"publish","type":"page","link":"https:\/\/www.people-abroad.de\/blog\/freiwilligenarbeit\/","title":{"rendered":"Volunteering"},"content":{"rendered":"<div class=\"lcp_catlist\" id=\"lcp_instance_0\"><p><h2><a href=\"https:\/\/www.people-abroad.de\/blog\/voluntourismus-kritik\/\">Voluntourismus: Reist du noch oder volunteerst du schon?<\/a><\/h2><div class=\"lcp_excerpt\"><p><a href=\"https:\/\/www.people-abroad.de\/blog\/voluntourismus-kritik\/\"><img decoding=\"async\" class=\"alignleft wp-image-7212 size-full\" style=\"margin-bottom: 25px;\" src=\"https:\/\/www.people-abroad.de\/blog\/wp-content\/uploads\/2018\/02\/deepertravel-verein-team-1.jpg\" alt=\"Voluntourismus Freiwilligenarbeit im Ausland Kritik\" width=\"991\" height=\"702\" srcset=\"https:\/\/www.people-abroad.de\/blog\/wp-content\/uploads\/2018\/02\/deepertravel-verein-team-1.jpg 991w, https:\/\/www.people-abroad.de\/blog\/wp-content\/uploads\/2018\/02\/deepertravel-verein-team-1-300x213.jpg 300w, https:\/\/www.people-abroad.de\/blog\/wp-content\/uploads\/2018\/02\/deepertravel-verein-team-1-768x544.jpg 768w, https:\/\/www.people-abroad.de\/blog\/wp-content\/uploads\/2018\/02\/deepertravel-verein-team-1-400x283.jpg 400w\" sizes=\"(max-width: 991px) 100vw, 991px\" \/><\/a><\/p>\n<p>Nach dem Abi oder Bachelor endlich auf Weltreise gehen und ferne L\u00e4nder, einsame Buchten, tolle Sandstr\u00e4nde entdecken. Gerne kombinieren Backpacker ihren Trip mit einem Freiwilligendienst, um sich unterwegs sozial zu engagieren. Freiwilligendienste, die an sich eine gute Sache sind, kann man aber auch kritisch sehen &#8211; wie Robert Bichler in seinem Gastbeitrag \u00fcber Voluntourismus beschreibt.<\/p>\n<\/div><a href=\"https:\/\/www.people-abroad.de\/blog\/voluntourismus-kritik\/\">Mehr...<\/a><\/p><p><h2><a href=\"https:\/\/www.people-abroad.de\/blog\/farmarbeit-work-and-travel-in-norwegen\/\">Work and Travel Norwegen &#8211; Tipps zur Farmarbeit<\/a><\/h2><div class=\"lcp_excerpt\"><p><a href=\"https:\/\/www.people-abroad.de\/blog\/farmarbeit-work-and-travel-in-norwegen\/\"><img decoding=\"async\" class=\"alignleft wp-image-6272 size-full\" style=\"margin-bottom: 25px;\" src=\"https:\/\/www.people-abroad.de\/blog\/wp-content\/uploads\/2017\/12\/work-and-travel-norwegen-fjord.jpg\" alt=\"Work and Travel Norwegen - Tipps zur Farmarbeit\" width=\"900\" height=\"717\" srcset=\"https:\/\/www.people-abroad.de\/blog\/wp-content\/uploads\/2017\/12\/work-and-travel-norwegen-fjord.jpg 900w, https:\/\/www.people-abroad.de\/blog\/wp-content\/uploads\/2017\/12\/work-and-travel-norwegen-fjord-300x239.jpg 300w, https:\/\/www.people-abroad.de\/blog\/wp-content\/uploads\/2017\/12\/work-and-travel-norwegen-fjord-768x612.jpg 768w, https:\/\/www.people-abroad.de\/blog\/wp-content\/uploads\/2017\/12\/work-and-travel-norwegen-fjord-400x319.jpg 400w\" sizes=\"(max-width: 900px) 100vw, 900px\" \/><\/a><\/p>\n<p>Work and Travel ist richtig angesagt. Vor allem nach dem Abi zieht es viele zum Jobben in die Ferne. Jan war zum Work and Travel in Norwegen. Dort hat er auf einer Farm in der N\u00e4he der Lofoten gearbeitet. In seiner Freizeit hat er zusammen mit anderen Freiwilligen die Umgebung erkundet. \u00dcber seine Zeit in Norwegen wollten wir mehr wissen.<\/p>\n<\/div><a href=\"https:\/\/www.people-abroad.de\/blog\/farmarbeit-work-and-travel-in-norwegen\/\">Mehr...<\/a><\/p><p><h2><a href=\"https:\/\/www.people-abroad.de\/blog\/work-and-travel-in-norwegen\/\">Nach dem Abi: Work &#038; Travel in Norwegen<\/a><\/h2><div class=\"lcp_excerpt\"><p><a href=\"https:\/\/www.people-abroad.de\/blog\/work-and-travel-in-norwegen\/\"><img decoding=\"async\" class=\"alignleft wp-image-4541 size-full\" style=\"margin-bottom: 25px;\" src=\"https:\/\/www.people-abroad.de\/blog\/wp-content\/uploads\/2017\/07\/work-and-travel-in-norwegen2.jpg\" alt=\"Nach dem Abi: Work &amp; Travel in Norwegen\" width=\"900\" height=\"450\" srcset=\"https:\/\/www.people-abroad.de\/blog\/wp-content\/uploads\/2017\/07\/work-and-travel-in-norwegen2.jpg 900w, https:\/\/www.people-abroad.de\/blog\/wp-content\/uploads\/2017\/07\/work-and-travel-in-norwegen2-300x150.jpg 300w, https:\/\/www.people-abroad.de\/blog\/wp-content\/uploads\/2017\/07\/work-and-travel-in-norwegen2-768x384.jpg 768w\" sizes=\"(max-width: 900px) 100vw, 900px\" \/><\/a><\/p>\n<p>Nach dem Abi: Work &amp; Travel in Norwegen. Jan Ritter hat die Pr\u00fcfungen hinter sich und will f\u00fcr ein paar Wochen ins Ausland. Durch die Pr\u00fcfungen hatte er wenig Zeit und er sucht nun eine kurzfristige M\u00f6glichkeit um einige Wochen in Norwegen zu verbringen. Dazu hat er wie viele andere Schulabg\u00e4nger wenig Geld zur Verf\u00fcgung, was die Auswahl einschr\u00e4nkt. <\/p>\n<\/div><a href=\"https:\/\/www.people-abroad.de\/blog\/work-and-travel-in-norwegen\/\">Mehr...<\/a><\/p><p><h2><a href=\"https:\/\/www.people-abroad.de\/blog\/engagiert-mit-weltdienst-30-plus\/\">Weltdienst 30+: Freiwilligenarbeit im Ausland<\/a><\/h2><div class=\"lcp_excerpt\"><p><a href=\"https:\/\/www.people-abroad.de\/blog\/engagiert-mit-weltdienst-30-plus\/\"><img decoding=\"async\" class=\"alignleft wp-image-3120\" style=\"margin-bottom: 25px;\" src=\"https:\/\/www.people-abroad.de\/blog\/wp-content\/uploads\/2017\/04\/ses-bonn-weltdienst1.jpeg\" alt=\"Weltdienst 30+ Freiwilligenarbeit im Ausland\" width=\"919\" height=\"488\" srcset=\"https:\/\/www.people-abroad.de\/blog\/wp-content\/uploads\/2017\/04\/ses-bonn-weltdienst1.jpeg 800w, https:\/\/www.people-abroad.de\/blog\/wp-content\/uploads\/2017\/04\/ses-bonn-weltdienst1-300x159.jpeg 300w, https:\/\/www.people-abroad.de\/blog\/wp-content\/uploads\/2017\/04\/ses-bonn-weltdienst1-768x408.jpeg 768w\" sizes=\"(max-width: 919px) 100vw, 919px\" \/><\/a><br \/>\nDie meisten Freiwilligendienste im entwicklungspolitischen Bereich richten sich an junge Leute zwischen 18 und 30 Jahren. Der &#8222;Weltdienst 30+&#8220; gibt Berufst\u00e4tigen ab 30 Jahren die M\u00f6glichkeit ihr Fachwissen in Entwicklungs- und Schwellenl\u00e4ndern weiterzugeben. Und sich damit weltweit zu engagieren. Wir stellen euch den Freiwilligendienst vor.<\/p>\n<\/div><a href=\"https:\/\/www.people-abroad.de\/blog\/engagiert-mit-weltdienst-30-plus\/\">Mehr...<\/a><\/p><p><h2><a href=\"https:\/\/www.people-abroad.de\/blog\/freiwilligendienste-im-ausland\/\">Nachgefragt: Freiwillige Dienste im Ausland<\/a><\/h2><div class=\"lcp_excerpt\"><p><a href=\"https:\/\/www.people-abroad.de\/blog\/freiwilligendienste-im-ausland\/\"><img decoding=\"async\" class=\"alignleft wp-image-2895\" style=\"margin-bottom: 25px;\" src=\"https:\/\/www.people-abroad.de\/blog\/wp-content\/uploads\/2017\/03\/RainbowGardenVillage1.jpg\" alt=\"rainbowgardenvillage1\" width=\"916\" height=\"440\" srcset=\"https:\/\/www.people-abroad.de\/blog\/wp-content\/uploads\/2017\/03\/RainbowGardenVillage1.jpg 770w, https:\/\/www.people-abroad.de\/blog\/wp-content\/uploads\/2017\/03\/RainbowGardenVillage1-300x144.jpg 300w, https:\/\/www.people-abroad.de\/blog\/wp-content\/uploads\/2017\/03\/RainbowGardenVillage1-768x369.jpg 768w\" sizes=\"(max-width: 916px) 100vw, 916px\" \/><\/a><\/p>\n<p>In letzter Zeit berichten Medien immer wieder kritisch \u00fcber Freiwillige Dienste im Ausland. Der Vorwurf: die Dienste bringen der einheimischen Bev\u00f6lkerung vor Ort keinen Nutzen, sondern lediglich den Organisationen, die mit ihrer Vermittlung Geld verdienen. Wir haben die Organisation Rainbow Garden Village, die Freiwillige Dienste im Ausland anbietet, dazu befragt.<\/p>\n<\/div><a href=\"https:\/\/www.people-abroad.de\/blog\/freiwilligendienste-im-ausland\/\">Mehr...<\/a><\/p><p><h2><a href=\"https:\/\/www.people-abroad.de\/blog\/sozial-engagiert-in-sri-lanka\/\">Eliya-Verein: Sozial engagiert in Sri Lanka<\/a><\/h2><div class=\"lcp_excerpt\"><p><a href=\"https:\/\/www.people-abroad.de\/blog\/sozial-engagiert-in-sri-lanka\/\"><img decoding=\"async\" class=\"alignleft size-full wp-image-2217\" style=\"margin-bottom: 25px;\" src=\"https:\/\/www.people-abroad.de\/blog\/wp-content\/uploads\/2016\/12\/eliya-kinderheim1.png\" alt=\"eliya-kinderheim1\" width=\"992\" height=\"543\" srcset=\"https:\/\/www.people-abroad.de\/blog\/wp-content\/uploads\/2016\/12\/eliya-kinderheim1.png 992w, https:\/\/www.people-abroad.de\/blog\/wp-content\/uploads\/2016\/12\/eliya-kinderheim1-300x164.png 300w, https:\/\/www.people-abroad.de\/blog\/wp-content\/uploads\/2016\/12\/eliya-kinderheim1-768x420.png 768w\" sizes=\"(max-width: 992px) 100vw, 992px\" \/><\/a><\/p>\n<p>Angelika Riedlinger ist Kinderkrankenschwester und hat schon Hilfseins\u00e4tze in Nepal, Indien und Sri Lanka absolviert. Heute leitet sie das von ihr gegr\u00fcndete Eliya Kinderheim in Sri Lanka, das sich durch Spendengelder finanziert. Regelm\u00e4\u00dfig sind Freiwillige und Praktikanten aus Deutschland sowie anderen L\u00e4ndern dort und packen tatkr\u00e4ftig mit an. Sozial engagiert in Sri Lanka.<\/p>\n<\/div><a href=\"https:\/\/www.people-abroad.de\/blog\/sozial-engagiert-in-sri-lanka\/\">Mehr...<\/a><\/p><p><h2><a href=\"https:\/\/www.people-abroad.de\/blog\/im-himalaya-im-einsatz\/\">Im Himalaya im Einsatz &#8211; die Ladakh-Hilfe e.V.<\/a><\/h2><div class=\"lcp_excerpt\"><p><a href=\"https:\/\/www.people-abroad.de\/blog\/im-himalaya-im-einsatz\/\"><img decoding=\"async\" class=\"alignleft wp-image-1831 size-full\" style=\"margin-bottom: 25px;\" src=\"https:\/\/www.people-abroad.de\/blog\/wp-content\/uploads\/2016\/10\/Bildschirmfoto-2016-10-25-um-21.40.55.png\" alt=\"Karola Wood Ladakh Hilfe \" width=\"989\" height=\"521\" srcset=\"https:\/\/www.people-abroad.de\/blog\/wp-content\/uploads\/2016\/10\/Bildschirmfoto-2016-10-25-um-21.40.55.png 989w, https:\/\/www.people-abroad.de\/blog\/wp-content\/uploads\/2016\/10\/Bildschirmfoto-2016-10-25-um-21.40.55-300x158.png 300w, https:\/\/www.people-abroad.de\/blog\/wp-content\/uploads\/2016\/10\/Bildschirmfoto-2016-10-25-um-21.40.55-768x405.png 768w\" sizes=\"(max-width: 989px) 100vw, 989px\" \/><\/a><\/p>\n<p>Die Physiotherapeutin Karola Wood aus G\u00fcnzburg reiste vor vielen Jahren zum ersten Mal ins Himalaya-Gebirge, um dort einen Freiwilligendienst zu absolvieren. Seitdem hat sie die Region in Asien und vor allem ihre Menschen nicht mehr losgelassen. Sie gr\u00fcndete einen Verein sowie zwei Therapiezentren f\u00fcr behinderte Kinder und ist seitdem im Himalaya im Einsatz. Zu ihren Beweggr\u00fcnden f\u00fcr ihre Arbeit haben wir sie befragt.<\/p>\n<\/div><a href=\"https:\/\/www.people-abroad.de\/blog\/im-himalaya-im-einsatz\/\">Mehr...<\/a><\/p><p><h2><a href=\"https:\/\/www.people-abroad.de\/blog\/ins-ausland-mit-get-life-experience\/\">Ins Ausland mit Get-Life-Experience<\/a><\/h2><div class=\"lcp_excerpt\"><p><a href=\"https:\/\/www.people-abroad.de\/blog\/ins-ausland-mit-get-life-experience\/\"><img decoding=\"async\" class=\"alignleft size-full wp-image-1720\" style=\"margin-bottom: 25px;\" src=\"https:\/\/www.people-abroad.de\/blog\/wp-content\/uploads\/2016\/10\/Bildschirmfoto-2016-10-05-um-11.38.07.png\" alt=\"Bildschirmfoto 2016-10-05 um 11.38.07\" width=\"1269\" height=\"595\" srcset=\"https:\/\/www.people-abroad.de\/blog\/wp-content\/uploads\/2016\/10\/Bildschirmfoto-2016-10-05-um-11.38.07.png 1269w, https:\/\/www.people-abroad.de\/blog\/wp-content\/uploads\/2016\/10\/Bildschirmfoto-2016-10-05-um-11.38.07-300x141.png 300w, https:\/\/www.people-abroad.de\/blog\/wp-content\/uploads\/2016\/10\/Bildschirmfoto-2016-10-05-um-11.38.07-768x360.png 768w, https:\/\/www.people-abroad.de\/blog\/wp-content\/uploads\/2016\/10\/Bildschirmfoto-2016-10-05-um-11.38.07-1024x480.png 1024w\" sizes=\"(max-width: 1269px) 100vw, 1269px\" \/><\/a><\/p>\n<p>In diesem Blog-Beitrag m\u00f6chten wir euch die Organisation Get-Life-Experience vorstellen. Get-Life-Experience wurde Anfang\u00a02015 in Hamburg gegr\u00fcndet und hat es sich zur Aufgabe gemacht, Menschen jeden Alters eine M\u00f6glichkeit zu geben die Welt f\u00fcr wenig Geld zu erkunden und aufregende Reiseziele \u00fcber einen l\u00e4ngeren Zeitraum kennenzulernen. <\/p>\n<\/div><a href=\"https:\/\/www.people-abroad.de\/blog\/ins-ausland-mit-get-life-experience\/\">Mehr...<\/a><\/p><p><h2><a href=\"https:\/\/www.people-abroad.de\/blog\/work-and-travel-mit-backpackerpack\/\">Work &#038; Travel mit BackpackerPack<\/a><\/h2><div class=\"lcp_excerpt\"><p><a href=\"https:\/\/www.people-abroad.de\/blog\/work-and-travel-mit-backpackerpack\/\"><img decoding=\"async\" class=\"alignleft wp-image-1589\" src=\"https:\/\/www.people-abroad.de\/blog\/wp-content\/uploads\/2016\/07\/Bildschirmfoto-2016-07-15-um-16.41.05.png\" alt=\"Bildschirmfoto 2016-07-15 um 16.41.05\" width=\"922\" height=\"440\" srcset=\"https:\/\/www.people-abroad.de\/blog\/wp-content\/uploads\/2016\/07\/Bildschirmfoto-2016-07-15-um-16.41.05.png 849w, https:\/\/www.people-abroad.de\/blog\/wp-content\/uploads\/2016\/07\/Bildschirmfoto-2016-07-15-um-16.41.05-300x143.png 300w, https:\/\/www.people-abroad.de\/blog\/wp-content\/uploads\/2016\/07\/Bildschirmfoto-2016-07-15-um-16.41.05-768x366.png 768w\" sizes=\"(max-width: 922px) 100vw, 922px\" \/><\/a><\/p>\n<p>&nbsp;<\/p>\n<p>Ein Info-Handbuch als CD, mit dem man seinen Work &amp; Travel-Aufenthalt in Kanada, Australien oder Neuseeland selbst planen kann. H\u00f6rt sich gut an, war mein erster Gedanke. Das nehme ich mal genauer unter die Lupe, bestellte die Handb\u00fccher von BackpackerPack und fing an zu st\u00f6bern. Die Handb\u00fccher bieten Infos zu den betreffenden L\u00e4ndern und zu Work &amp; Travel. Dar\u00fcber hinaus kann man\u00a0gegen einen Aufpreis noch mehr Service dazu ordern.<\/p>\n<\/div><a href=\"https:\/\/www.people-abroad.de\/blog\/work-and-travel-mit-backpackerpack\/\">Mehr...<\/a><\/p><p><h2><a href=\"https:\/\/www.people-abroad.de\/blog\/work-and-travel-in-neuseeland-planen\/\">Work &#038; Travel in Neuseeland planen<\/a><\/h2><div class=\"lcp_excerpt\"><p><a href=\"https:\/\/www.people-abroad.de\/blog\/work-and-travel-in-neuseeland-planen\/\"><img decoding=\"async\" class=\"aligncenter wp-image-1529 \" src=\"https:\/\/www.people-abroad.de\/blog\/wp-content\/uploads\/2016\/07\/Bildschirmfoto-2016-07-04-um-07.54.56.png\" alt=\"Bildschirmfoto 2016-07-04 um 07.54.56\" width=\"940\" height=\"446\" srcset=\"https:\/\/www.people-abroad.de\/blog\/wp-content\/uploads\/2016\/07\/Bildschirmfoto-2016-07-04-um-07.54.56.png 803w, https:\/\/www.people-abroad.de\/blog\/wp-content\/uploads\/2016\/07\/Bildschirmfoto-2016-07-04-um-07.54.56-300x142.png 300w, https:\/\/www.people-abroad.de\/blog\/wp-content\/uploads\/2016\/07\/Bildschirmfoto-2016-07-04-um-07.54.56-768x364.png 768w\" sizes=\"(max-width: 940px) 100vw, 940px\" \/><\/a><\/p>\n<p>F\u00fcr viele Globetrotter steht eine Reise nach Neuseeland ganz oben auf der Wunschliste. Das Land eignet sich aber nicht nur zum Reisen, sondern ist auch ideal f\u00fcr&#8217;s Jobben. Deshalb bietet sich ein Work &amp; Travel-Aufenthalt an, um Land und Leute n\u00e4her kennen zu lernen und f\u00fcr eine l\u00e4ngere Zeit dort zu verweilen. Unser B\u00fccherwurm hat sich durch aktuelle Ver\u00f6ffentlichungen zum Thema Work &amp; Travel in Neuseeland gearbeitet und berichtet, welche B\u00fccher sich lohnen, um deine Zeit in Neuseeland planen zu k\u00f6nnen.<\/p>\n<\/div><a href=\"https:\/\/www.people-abroad.de\/blog\/work-and-travel-in-neuseeland-planen\/\">Mehr...<\/a><\/p><\/div>\n","protected":false},"excerpt":{"rendered":"","protected":false},"author":1,"featured_media":0,"parent":0,"menu_order":0,"comment_status":"closed","ping_status":"closed","template":"","meta":{"_monsterinsights_skip_tracking":false,"_monsterinsights_sitenote_active":false,"_monsterinsights_sitenote_note":"","_monsterinsights_sitenote_category":0,"footnotes":""},"class_list":["post-2517","page","type-page","status-publish","hentry"],"yoast_head":"<!-- This site is optimized with the Yoast SEO plugin v27.3 - https:\/\/yoast.com\/product\/yoast-seo-wordpress\/ -->\n<title>Volunteering - People Abroad<\/title>\n<meta name=\"description\" content=\"Reiseberichte \u00fcber Work &amp; Travel und Volunteering im Ausland mit Reisetipps f\u00fcr die individuelle Planung zum Nachreisen.\" \/>\n<meta name=\"robots\" content=\"noindex, follow\" \/>\n<meta property=\"og:locale\" content=\"de_DE\" \/>\n<meta property=\"og:type\" content=\"article\" \/>\n<meta property=\"og:title\" content=\"Volunteering - People Abroad\" \/>\n<meta property=\"og:description\" content=\"Reiseberichte \u00fcber Work &amp; Travel und Volunteering im Ausland mit Reisetipps f\u00fcr die individuelle Planung zum Nachreisen.\" \/>\n<meta property=\"og:url\" content=\"https:\/\/www.people-abroad.de\/blog\/freiwilligenarbeit\/\" \/>\n<meta property=\"og:site_name\" content=\"People Abroad\" \/>\n<meta property=\"article:publisher\" content=\"https:\/\/www.facebook.com\/menschen.international\/\" \/>\n<meta property=\"article:modified_time\" content=\"2023-01-17T10:30:14+00:00\" \/>\n<meta name=\"twitter:card\" content=\"summary_large_image\" \/>\n<meta name=\"twitter:site\" content=\"@People_Abroad\" \/>\n<meta name=\"twitter:label1\" content=\"Gesch\u00e4tzte Lesezeit\" \/>\n\t<meta name=\"twitter:data1\" content=\"1\u00a0Minute\" \/>\n<script type=\"application\/ld+json\" class=\"yoast-schema-graph\">{\"@context\":\"https:\\\/\\\/schema.org\",\"@graph\":[{\"@type\":\"WebPage\",\"@id\":\"https:\\\/\\\/www.people-abroad.de\\\/blog\\\/freiwilligenarbeit\\\/\",\"url\":\"https:\\\/\\\/www.people-abroad.de\\\/blog\\\/freiwilligenarbeit\\\/\",\"name\":\"Volunteering - People Abroad\",\"isPartOf\":{\"@id\":\"https:\\\/\\\/www.people-abroad.de\\\/blog\\\/#website\"},\"datePublished\":\"2017-02-04T11:28:30+00:00\",\"dateModified\":\"2023-01-17T10:30:14+00:00\",\"description\":\"Reiseberichte \u00fcber Work & Travel und Volunteering im Ausland mit Reisetipps f\u00fcr die individuelle Planung zum Nachreisen.\",\"breadcrumb\":{\"@id\":\"https:\\\/\\\/www.people-abroad.de\\\/blog\\\/freiwilligenarbeit\\\/#breadcrumb\"},\"inLanguage\":\"de\",\"potentialAction\":[{\"@type\":\"ReadAction\",\"target\":[\"https:\\\/\\\/www.people-abroad.de\\\/blog\\\/freiwilligenarbeit\\\/\"]}]},{\"@type\":\"BreadcrumbList\",\"@id\":\"https:\\\/\\\/www.people-abroad.de\\\/blog\\\/freiwilligenarbeit\\\/#breadcrumb\",\"itemListElement\":[{\"@type\":\"ListItem\",\"position\":1,\"name\":\"Startseite\",\"item\":\"https:\\\/\\\/www.people-abroad.de\\\/blog\\\/\"},{\"@type\":\"ListItem\",\"position\":2,\"name\":\"Volunteering\"}]},{\"@type\":\"WebSite\",\"@id\":\"https:\\\/\\\/www.people-abroad.de\\\/blog\\\/#website\",\"url\":\"https:\\\/\\\/www.people-abroad.de\\\/blog\\\/\",\"name\":\"People Abroad\",\"description\":\"Reiseblog\",\"publisher\":{\"@id\":\"https:\\\/\\\/www.people-abroad.de\\\/blog\\\/#\\\/schema\\\/person\\\/2a518a154d93ee6cf0b146bc327329b3\"},\"potentialAction\":[{\"@type\":\"SearchAction\",\"target\":{\"@type\":\"EntryPoint\",\"urlTemplate\":\"https:\\\/\\\/www.people-abroad.de\\\/blog\\\/?s={search_term_string}\"},\"query-input\":{\"@type\":\"PropertyValueSpecification\",\"valueRequired\":true,\"valueName\":\"search_term_string\"}}],\"inLanguage\":\"de\"},{\"@type\":[\"Person\",\"Organization\"],\"@id\":\"https:\\\/\\\/www.people-abroad.de\\\/blog\\\/#\\\/schema\\\/person\\\/2a518a154d93ee6cf0b146bc327329b3\",\"name\":\"Heiko M\u00fcller\",\"logo\":{\"@id\":\"https:\\\/\\\/www.people-abroad.de\\\/blog\\\/#\\\/schema\\\/person\\\/image\\\/\"},\"description\":\"Ich bin Reiseblogger, Content Creator und Redakteur. Auf Reisen erkunde ich gerne neue Regionen, St\u00e4dte und Orte beim Fotografieren, Wandern und Radfahren. F\u00fcr weitere Reisetipps folge mir auf Instagram, Facebook &amp; Co. Mehr Infos zum Blog findest du hier: https:\\\/\\\/www.people-abroad.de\\\/blog\\\/pr-media\\\/. Kontakt: h.mueller@people-abroad.de\",\"sameAs\":[\"https:\\\/\\\/www.people-abroad.de\\\/blog\\\/\",\"https:\\\/\\\/www.facebook.com\\\/menschen.international\\\/\",\"https:\\\/\\\/www.instagram.com\\\/people.abroad\\\/\",\"https:\\\/\\\/www.linkedin.com\\\/in\\\/muellerheiko\\\/\",\"https:\\\/\\\/www.pinterest.de\\\/peopleabroad\\\/\",\"https:\\\/\\\/x.com\\\/People_Abroad\",\"https:\\\/\\\/www.youtube.com\\\/user\\\/MenschenInt\"]}]}<\/script>\n<!-- \/ Yoast SEO plugin. -->","yoast_head_json":{"title":"Volunteering - People Abroad","description":"Reiseberichte \u00fcber Work & Travel und Volunteering im Ausland mit Reisetipps f\u00fcr die individuelle Planung zum Nachreisen.","robots":{"index":"noindex","follow":"follow"},"og_locale":"de_DE","og_type":"article","og_title":"Volunteering - People Abroad","og_description":"Reiseberichte \u00fcber Work & Travel und Volunteering im Ausland mit Reisetipps f\u00fcr die individuelle Planung zum Nachreisen.","og_url":"https:\/\/www.people-abroad.de\/blog\/freiwilligenarbeit\/","og_site_name":"People Abroad","article_publisher":"https:\/\/www.facebook.com\/menschen.international\/","article_modified_time":"2023-01-17T10:30:14+00:00","twitter_card":"summary_large_image","twitter_site":"@People_Abroad","twitter_misc":{"Gesch\u00e4tzte Lesezeit":"1\u00a0Minute"},"schema":{"@context":"https:\/\/schema.org","@graph":[{"@type":"WebPage","@id":"https:\/\/www.people-abroad.de\/blog\/freiwilligenarbeit\/","url":"https:\/\/www.people-abroad.de\/blog\/freiwilligenarbeit\/","name":"Volunteering - People Abroad","isPartOf":{"@id":"https:\/\/www.people-abroad.de\/blog\/#website"},"datePublished":"2017-02-04T11:28:30+00:00","dateModified":"2023-01-17T10:30:14+00:00","description":"Reiseberichte \u00fcber Work & Travel und Volunteering im Ausland mit Reisetipps f\u00fcr die individuelle Planung zum Nachreisen.","breadcrumb":{"@id":"https:\/\/www.people-abroad.de\/blog\/freiwilligenarbeit\/#breadcrumb"},"inLanguage":"de","potentialAction":[{"@type":"ReadAction","target":["https:\/\/www.people-abroad.de\/blog\/freiwilligenarbeit\/"]}]},{"@type":"BreadcrumbList","@id":"https:\/\/www.people-abroad.de\/blog\/freiwilligenarbeit\/#breadcrumb","itemListElement":[{"@type":"ListItem","position":1,"name":"Startseite","item":"https:\/\/www.people-abroad.de\/blog\/"},{"@type":"ListItem","position":2,"name":"Volunteering"}]},{"@type":"WebSite","@id":"https:\/\/www.people-abroad.de\/blog\/#website","url":"https:\/\/www.people-abroad.de\/blog\/","name":"People Abroad","description":"Reiseblog","publisher":{"@id":"https:\/\/www.people-abroad.de\/blog\/#\/schema\/person\/2a518a154d93ee6cf0b146bc327329b3"},"potentialAction":[{"@type":"SearchAction","target":{"@type":"EntryPoint","urlTemplate":"https:\/\/www.people-abroad.de\/blog\/?s={search_term_string}"},"query-input":{"@type":"PropertyValueSpecification","valueRequired":true,"valueName":"search_term_string"}}],"inLanguage":"de"},{"@type":["Person","Organization"],"@id":"https:\/\/www.people-abroad.de\/blog\/#\/schema\/person\/2a518a154d93ee6cf0b146bc327329b3","name":"Heiko M\u00fcller","logo":{"@id":"https:\/\/www.people-abroad.de\/blog\/#\/schema\/person\/image\/"},"description":"Ich bin Reiseblogger, Content Creator und Redakteur. Auf Reisen erkunde ich gerne neue Regionen, St\u00e4dte und Orte beim Fotografieren, Wandern und Radfahren. F\u00fcr weitere Reisetipps folge mir auf Instagram, Facebook &amp; Co. Mehr Infos zum Blog findest du hier: https:\/\/www.people-abroad.de\/blog\/pr-media\/. Kontakt: h.mueller@people-abroad.de","sameAs":["https:\/\/www.people-abroad.de\/blog\/","https:\/\/www.facebook.com\/menschen.international\/","https:\/\/www.instagram.com\/people.abroad\/","https:\/\/www.linkedin.com\/in\/muellerheiko\/","https:\/\/www.pinterest.de\/peopleabroad\/","https:\/\/x.com\/People_Abroad","https:\/\/www.youtube.com\/user\/MenschenInt"]}]}},"_links":{"self":[{"href":"https:\/\/www.people-abroad.de\/blog\/wp-json\/wp\/v2\/pages\/2517","targetHints":{"allow":["GET"]}}],"collection":[{"href":"https:\/\/www.people-abroad.de\/blog\/wp-json\/wp\/v2\/pages"}],"about":[{"href":"https:\/\/www.people-abroad.de\/blog\/wp-json\/wp\/v2\/types\/page"}],"author":[{"embeddable":true,"href":"https:\/\/www.people-abroad.de\/blog\/wp-json\/wp\/v2\/users\/1"}],"replies":[{"embeddable":true,"href":"https:\/\/www.people-abroad.de\/blog\/wp-json\/wp\/v2\/comments?post=2517"}],"version-history":[{"count":3,"href":"https:\/\/www.people-abroad.de\/blog\/wp-json\/wp\/v2\/pages\/2517\/revisions"}],"predecessor-version":[{"id":16660,"href":"https:\/\/www.people-abroad.de\/blog\/wp-json\/wp\/v2\/pages\/2517\/revisions\/16660"}],"wp:attachment":[{"href":"https:\/\/www.people-abroad.de\/blog\/wp-json\/wp\/v2\/media?parent=2517"}],"curies":[{"name":"wp","href":"https:\/\/api.w.org\/{rel}","templated":true}]}}