{"id":2500,"date":"2017-02-04T12:01:16","date_gmt":"2017-02-04T11:01:16","guid":{"rendered":"http:\/\/www.people-abroad.de\/blog\/?page_id=2500"},"modified":"2023-01-17T11:24:11","modified_gmt":"2023-01-17T10:24:11","slug":"reiseplanung","status":"publish","type":"page","link":"https:\/\/www.people-abroad.de\/blog\/reiseplanung\/","title":{"rendered":"Reiseplanung"},"content":{"rendered":"<div class=\"lcp_catlist\" id=\"lcp_instance_0\"><p><h2><a href=\"https:\/\/www.people-abroad.de\/blog\/gregory-baltoro-rucksack\/\">Gregory Baltoro 75 Rucksack f\u00fcr Reise und Outdoor<\/a><\/h2><div class=\"lcp_excerpt\"><p><a href=\"https:\/\/www.people-abroad.de\/blog\/gregory-baltoro-rucksack\/\"><img decoding=\"async\" class=\"alignnone wp-image-37805 size-large\" src=\"https:\/\/www.people-abroad.de\/blog\/wp-content\/uploads\/2025\/11\/gregory-baltoro-rucksack-1024x682.jpeg\" alt=\"Gregory Baltoro 75 Liter Rucksack Reise Outdoor Trekking\" width=\"1024\" height=\"682\" srcset=\"https:\/\/www.people-abroad.de\/blog\/wp-content\/uploads\/2025\/11\/gregory-baltoro-rucksack-1024x682.jpeg 1024w, https:\/\/www.people-abroad.de\/blog\/wp-content\/uploads\/2025\/11\/gregory-baltoro-rucksack-300x200.jpeg 300w, https:\/\/www.people-abroad.de\/blog\/wp-content\/uploads\/2025\/11\/gregory-baltoro-rucksack-768x511.jpeg 768w, https:\/\/www.people-abroad.de\/blog\/wp-content\/uploads\/2025\/11\/gregory-baltoro-rucksack.jpeg 1200w\" sizes=\"(max-width: 1024px) 100vw, 1024px\" \/><\/a><\/p>\n<p> Der Gregory Baltoro 75 ist ein Rucksack f\u00fcr Reise- &amp; Outdoor-Abenteuer. Hier stelle ich den Rucksack des Outdoor-Herstellers Gregory genauer vor.<\/p>\n<\/div><a href=\"https:\/\/www.people-abroad.de\/blog\/gregory-baltoro-rucksack\/\">Mehr...<\/a><\/p><p><h2><a href=\"https:\/\/www.people-abroad.de\/blog\/reisen-mit-allergien-klarify-app\/\">Reisen mit Allergien: N\u00fctzliche Tipps und die Klarify-App<\/a><\/h2><div class=\"lcp_excerpt\"><p><a href=\"https:\/\/www.people-abroad.de\/blog\/reisen-mit-allergien-klarify-app\/\"><img decoding=\"async\" class=\"alignnone wp-image-26830 size-large\" src=\"https:\/\/www.people-abroad.de\/blog\/wp-content\/uploads\/2022\/05\/reisen-mit-allergien-klarify-app-1-1024x683.jpg\" alt=\"Reisen mit Allergien Allergiker Urlaub Alk Klarify App\" width=\"1024\" height=\"683\" srcset=\"https:\/\/www.people-abroad.de\/blog\/wp-content\/uploads\/2022\/05\/reisen-mit-allergien-klarify-app-1-1024x683.jpg 1024w, https:\/\/www.people-abroad.de\/blog\/wp-content\/uploads\/2022\/05\/reisen-mit-allergien-klarify-app-1-300x200.jpg 300w, https:\/\/www.people-abroad.de\/blog\/wp-content\/uploads\/2022\/05\/reisen-mit-allergien-klarify-app-1-768x512.jpg 768w, https:\/\/www.people-abroad.de\/blog\/wp-content\/uploads\/2022\/05\/reisen-mit-allergien-klarify-app-1-400x267.jpg 400w, https:\/\/www.people-abroad.de\/blog\/wp-content\/uploads\/2022\/05\/reisen-mit-allergien-klarify-app-1.jpg 1200w\" sizes=\"(max-width: 1024px) 100vw, 1024px\" \/><\/a><\/p>\n<p> Allergische Reaktionen k\u00f6nnen die Urlaubsfreude einschr\u00e4nken und das Reisen beschwerlich machen. Infos &amp; Tipps f\u00fcr Reisen mit Allergien und mit der Klarify-App.<\/p>\n<\/div><a href=\"https:\/\/www.people-abroad.de\/blog\/reisen-mit-allergien-klarify-app\/\">Mehr...<\/a><\/p><p><h2><a href=\"https:\/\/www.people-abroad.de\/blog\/amerikanische-redewendungen-reisen\/\">Typisch amerikanische Redewendungen beim Reisen<\/a><\/h2><div class=\"lcp_excerpt\"><p><a href=\"https:\/\/www.people-abroad.de\/blog\/amerikanische-redewendungen-reisen\/\"><img decoding=\"async\" class=\"alignnone wp-image-23374 size-large\" src=\"https:\/\/www.people-abroad.de\/blog\/wp-content\/uploads\/2021\/08\/amerikanische-redewendungen-3-1024x682.jpg\" alt=\"Typisch amerikanische Redewendungen beim Reisen\" width=\"1024\" height=\"682\" srcset=\"https:\/\/www.people-abroad.de\/blog\/wp-content\/uploads\/2021\/08\/amerikanische-redewendungen-3-1024x682.jpg 1024w, https:\/\/www.people-abroad.de\/blog\/wp-content\/uploads\/2021\/08\/amerikanische-redewendungen-3-300x200.jpg 300w, https:\/\/www.people-abroad.de\/blog\/wp-content\/uploads\/2021\/08\/amerikanische-redewendungen-3-768x511.jpg 768w, https:\/\/www.people-abroad.de\/blog\/wp-content\/uploads\/2021\/08\/amerikanische-redewendungen-3-400x266.jpg 400w, https:\/\/www.people-abroad.de\/blog\/wp-content\/uploads\/2021\/08\/amerikanische-redewendungen-3.jpg 1200w\" sizes=\"(max-width: 1024px) 100vw, 1024px\" \/><\/a><\/p>\n<p> Bei Reisen in die USA begegnet man immer wieder typisch amerikanische Redewendungen, bei denen es zu Mi\u00dfverst\u00e4ndnissen kommen kann. Infos &amp; Tipps dazu findest du hier.<\/p>\n<\/div><a href=\"https:\/\/www.people-abroad.de\/blog\/amerikanische-redewendungen-reisen\/\">Mehr...<\/a><\/p><p><h2><a href=\"https:\/\/www.people-abroad.de\/blog\/reisespiele-fuer-unterwegs\/\">Die 10 besten Reisespiele f\u00fcr unterwegs<\/a><\/h2><div class=\"lcp_excerpt\"><p><a href=\"https:\/\/www.people-abroad.de\/blog\/reisespiele-fuer-unterwegs\/\"><img decoding=\"async\" class=\"alignnone wp-image-23034 size-full\" src=\"https:\/\/www.people-abroad.de\/blog\/wp-content\/uploads\/2021\/07\/reisespiele-spiele-unterwegs.jpg\" alt=\"Reisespiele Carcassonne Spiele Urlaub Reisen\" width=\"1000\" height=\"666\" srcset=\"https:\/\/www.people-abroad.de\/blog\/wp-content\/uploads\/2021\/07\/reisespiele-spiele-unterwegs.jpg 1000w, https:\/\/www.people-abroad.de\/blog\/wp-content\/uploads\/2021\/07\/reisespiele-spiele-unterwegs-300x200.jpg 300w, https:\/\/www.people-abroad.de\/blog\/wp-content\/uploads\/2021\/07\/reisespiele-spiele-unterwegs-768x511.jpg 768w, https:\/\/www.people-abroad.de\/blog\/wp-content\/uploads\/2021\/07\/reisespiele-spiele-unterwegs-400x266.jpg 400w\" sizes=\"(max-width: 1000px) 100vw, 1000px\" \/><\/a><\/p>\n<p>Reisespiele sind beliebte Begleiter f\u00fcr den Urlaub oder Wochenend-Trip. Hier findest du 10 Reisespiele, die unterwegs f\u00fcr jede Menge Spa\u00df und Abwechslung sorgen.<\/p>\n<\/div><a href=\"https:\/\/www.people-abroad.de\/blog\/reisespiele-fuer-unterwegs\/\">Mehr...<\/a><\/p><p><h2><a href=\"https:\/\/www.people-abroad.de\/blog\/beste-podcasts-reise\/\">Die 10 besten Podcasts f\u00fcr Reisen und unterwegs<\/a><\/h2><div class=\"lcp_excerpt\"><p><a href=\"https:\/\/www.people-abroad.de\/blog\/beste-podcasts-reise\/\"><img decoding=\"async\" class=\"alignleft wp-image-18710 size-full\" style=\"margin-bottom: 25px;\" src=\"https:\/\/www.people-abroad.de\/blog\/wp-content\/uploads\/2020\/10\/beste-podcasts-charts-tipps.jpg\" alt=\"Beste Podcasts Tipps Podcast Verzeichnis Reise\" width=\"1000\" height=\"646\" srcset=\"https:\/\/www.people-abroad.de\/blog\/wp-content\/uploads\/2020\/10\/beste-podcasts-charts-tipps.jpg 1000w, https:\/\/www.people-abroad.de\/blog\/wp-content\/uploads\/2020\/10\/beste-podcasts-charts-tipps-300x194.jpg 300w, https:\/\/www.people-abroad.de\/blog\/wp-content\/uploads\/2020\/10\/beste-podcasts-charts-tipps-768x496.jpg 768w, https:\/\/www.people-abroad.de\/blog\/wp-content\/uploads\/2020\/10\/beste-podcasts-charts-tipps-400x258.jpg 400w\" sizes=\"(max-width: 1000px) 100vw, 1000px\" \/><\/a><\/p>\n<p>Podcasts, H\u00f6rb\u00fccher und Audioinhalte haben inzwischen eine gro\u00dfe Fangemeinde. Co-Autorin Claudia geh\u00f6rt dazu und hat die 10 besten Podcasts f\u00fcr die Reise zusammengestellt.<\/p>\n<\/div><a href=\"https:\/\/www.people-abroad.de\/blog\/beste-podcasts-reise\/\">Mehr...<\/a><\/p><p><h2><a href=\"https:\/\/www.people-abroad.de\/blog\/aussergewoehnlich-uebernachten-tipps\/\">Au\u00dfergew\u00f6hnlich \u00dcbernachten &#8211; 12 Ideen &#038; Tipps<\/a><\/h2><div class=\"lcp_excerpt\"><p><a href=\"https:\/\/www.people-abroad.de\/blog\/aussergewoehnlich-uebernachten-tipps\/\"><img decoding=\"async\" class=\"alignleft wp-image-17210 size-full\" style=\"margin-bottom: 25px;\" src=\"https:\/\/www.people-abroad.de\/blog\/wp-content\/uploads\/2020\/07\/aussergewoehnlich-uebernachten-biwak-unter-den-sternen.jpg\" alt=\"Au\u00dfergew\u00f6hnlich \u00dcbernachten Urlaub Reisen Tipps \" width=\"900\" height=\"600\" srcset=\"https:\/\/www.people-abroad.de\/blog\/wp-content\/uploads\/2020\/07\/aussergewoehnlich-uebernachten-biwak-unter-den-sternen.jpg 900w, https:\/\/www.people-abroad.de\/blog\/wp-content\/uploads\/2020\/07\/aussergewoehnlich-uebernachten-biwak-unter-den-sternen-300x200.jpg 300w, https:\/\/www.people-abroad.de\/blog\/wp-content\/uploads\/2020\/07\/aussergewoehnlich-uebernachten-biwak-unter-den-sternen-768x512.jpg 768w, https:\/\/www.people-abroad.de\/blog\/wp-content\/uploads\/2020\/07\/aussergewoehnlich-uebernachten-biwak-unter-den-sternen-400x267.jpg 400w\" sizes=\"(max-width: 900px) 100vw, 900px\" \/><\/a><\/p>\n<p> Au\u00dfergew\u00f6hnlich \u00dcbernachten &#8211; die Alternative zu klassischen Hotels, Pensionen, Hostels und Bed &amp; Breakfast. Hier findest du 12 Tipps f\u00fcr ungew\u00f6hnliche \u00dcbernachtungen.<\/p>\n<\/div><a href=\"https:\/\/www.people-abroad.de\/blog\/aussergewoehnlich-uebernachten-tipps\/\">Mehr...<\/a><\/p><p><h2><a href=\"https:\/\/www.people-abroad.de\/blog\/green-pearls-nachhaltige-unterkuenfte\/\">Green Pearls: Nachhaltige Unterk\u00fcnfte entdecken<\/a><\/h2><div class=\"lcp_excerpt\"><p><a href=\"https:\/\/www.people-abroad.de\/blog\/green-pearls-nachhaltige-unterkuenfte\/\"><img decoding=\"async\" class=\"alignleft wp-image-16230 size-full\" style=\"margin-bottom: 25px;\" src=\"https:\/\/www.people-abroad.de\/blog\/wp-content\/uploads\/2020\/03\/green-pearls-valle-maira-eco-locanda-mistral.jpg\" alt=\"Green Pearls nachhaltige Unterk\u00fcnfte Hotels Ferienh\u00e4user Locanda Mistral\" width=\"1000\" height=\"667\" srcset=\"https:\/\/www.people-abroad.de\/blog\/wp-content\/uploads\/2020\/03\/green-pearls-valle-maira-eco-locanda-mistral.jpg 1000w, https:\/\/www.people-abroad.de\/blog\/wp-content\/uploads\/2020\/03\/green-pearls-valle-maira-eco-locanda-mistral-300x200.jpg 300w, https:\/\/www.people-abroad.de\/blog\/wp-content\/uploads\/2020\/03\/green-pearls-valle-maira-eco-locanda-mistral-768x512.jpg 768w, https:\/\/www.people-abroad.de\/blog\/wp-content\/uploads\/2020\/03\/green-pearls-valle-maira-eco-locanda-mistral-400x267.jpg 400w\" sizes=\"(max-width: 1000px) 100vw, 1000px\" \/><\/a><\/p>\n<p>Green Pearls ist die Plattform f\u00fcr nachhaltige Unterk\u00fcnfte weltweit. Was sich hinter dem Konzept verbirgt und welche Kriterien die Unterk\u00fcnfte auszeichnen, erf\u00e4hrst du im Interview.<\/p>\n<\/div><a href=\"https:\/\/www.people-abroad.de\/blog\/green-pearls-nachhaltige-unterkuenfte\/\">Mehr...<\/a><\/p><p><h2><a href=\"https:\/\/www.people-abroad.de\/blog\/naturhaeuschen-ferienhaus-urlaub\/\">Naturh\u00e4uschen: D\u00e4nemark-Urlaub im Ferienhaus<\/a><\/h2><div class=\"lcp_excerpt\"><p lang=\"de-DE\"><a href=\"https:\/\/www.people-abroad.de\/blog\/naturhaeuschen-ferienhaus-urlaub\/\"><img decoding=\"async\" class=\"alignleft wp-image-16111 size-full\" style=\"margin-bottom: 25px;\" src=\"https:\/\/www.people-abroad.de\/blog\/wp-content\/uploads\/2020\/03\/naturhaeuschen-ferienhaus-daenemark-2.jpg\" alt=\"Naturh\u00e4uschen D\u00e4nemark Urlaub Ferienhaus Ferienwohnung\" width=\"1000\" height=\"750\" srcset=\"https:\/\/www.people-abroad.de\/blog\/wp-content\/uploads\/2020\/03\/naturhaeuschen-ferienhaus-daenemark-2.jpg 1000w, https:\/\/www.people-abroad.de\/blog\/wp-content\/uploads\/2020\/03\/naturhaeuschen-ferienhaus-daenemark-2-300x225.jpg 300w, https:\/\/www.people-abroad.de\/blog\/wp-content\/uploads\/2020\/03\/naturhaeuschen-ferienhaus-daenemark-2-768x576.jpg 768w, https:\/\/www.people-abroad.de\/blog\/wp-content\/uploads\/2020\/03\/naturhaeuschen-ferienhaus-daenemark-2-400x300.jpg 400w\" sizes=\"(max-width: 1000px) 100vw, 1000px\" \/><\/a><\/p>\n<p lang=\"de-DE\"> Der Urlaub in einem Ferienhaus mitten im Gr\u00fcnen ist die perfekte Kombination aus Natur und Erholung. Auf der Plattform Naturh\u00e4uschen.de findest du dazu zahlreiche Ideen.<\/p>\n<\/div><a href=\"https:\/\/www.people-abroad.de\/blog\/naturhaeuschen-ferienhaus-urlaub\/\">Mehr...<\/a><\/p><p><h2><a href=\"https:\/\/www.people-abroad.de\/blog\/outdoor-highlights-brasilien\/\">Die besten Outdoor-Highlights in Brasilien<\/a><\/h2><div class=\"lcp_excerpt\"><p><a href=\"https:\/\/www.people-abroad.de\/blog\/outdoor-highlights-brasilien\/\"><img decoding=\"async\" class=\"wp-image-15293 size-full alignleft\" style=\"margin-bottom: 25px;\" src=\"https:\/\/www.people-abroad.de\/blog\/wp-content\/uploads\/2020\/01\/outdoor-highlights-brasilien-chapada-diamantina-1.jpg\" alt=\"Outdoor-Highlights Brasilien Aktivreise Roadtrip\" width=\"984\" height=\"703\" srcset=\"https:\/\/www.people-abroad.de\/blog\/wp-content\/uploads\/2020\/01\/outdoor-highlights-brasilien-chapada-diamantina-1.jpg 984w, https:\/\/www.people-abroad.de\/blog\/wp-content\/uploads\/2020\/01\/outdoor-highlights-brasilien-chapada-diamantina-1-300x214.jpg 300w, https:\/\/www.people-abroad.de\/blog\/wp-content\/uploads\/2020\/01\/outdoor-highlights-brasilien-chapada-diamantina-1-768x549.jpg 768w, https:\/\/www.people-abroad.de\/blog\/wp-content\/uploads\/2020\/01\/outdoor-highlights-brasilien-chapada-diamantina-1-400x286.jpg 400w\" sizes=\"(max-width: 984px) 100vw, 984px\" \/><\/a><\/p>\n<p> Brasilien ist viel mehr als nur Strandurlaub: Die beliebtesten Spots zu verschiedenen Outdoor-Highlights f\u00fcr deine Reise nach Brasilien findest du hier zusammengefasst.<\/p>\n<\/div><a href=\"https:\/\/www.people-abroad.de\/blog\/outdoor-highlights-brasilien\/\">Mehr...<\/a><\/p><p><h2><a href=\"https:\/\/www.people-abroad.de\/blog\/1000-places-to-see-before-you-die\/\">Buchtipp: 1000 Places to see before you die<\/a><\/h2><div class=\"lcp_excerpt\"><p><a href=\"https:\/\/www.people-abroad.de\/blog\/1000-places-to-see-before-you-die\/\"><img decoding=\"async\" class=\"alignleft wp-image-14656 size-full\" style=\"margin-bottom: 25px;\" src=\"https:\/\/www.people-abroad.de\/blog\/wp-content\/uploads\/2019\/11\/1000-places-to-see-before-you-die-1.jpg\" alt=\"1000 Places to see before you die\" width=\"1000\" height=\"750\" srcset=\"https:\/\/www.people-abroad.de\/blog\/wp-content\/uploads\/2019\/11\/1000-places-to-see-before-you-die-1.jpg 1000w, https:\/\/www.people-abroad.de\/blog\/wp-content\/uploads\/2019\/11\/1000-places-to-see-before-you-die-1-300x225.jpg 300w, https:\/\/www.people-abroad.de\/blog\/wp-content\/uploads\/2019\/11\/1000-places-to-see-before-you-die-1-768x576.jpg 768w, https:\/\/www.people-abroad.de\/blog\/wp-content\/uploads\/2019\/11\/1000-places-to-see-before-you-die-1-400x300.jpg 400w\" sizes=\"(max-width: 1000px) 100vw, 1000px\" \/><\/a><\/p>\n<p> Der Bildband &#8222;1000 Places to see before you die&#8220; ist eine visuelle Reise zu den sch\u00f6nsten Orten der Welt. Magische Pl\u00e4tze, festgehalten in magischen wie faszinierenden Bildern.<\/p>\n<\/div><a href=\"https:\/\/www.people-abroad.de\/blog\/1000-places-to-see-before-you-die\/\">Mehr...<\/a><\/p><\/div><ul class='lcp_paginator'><li class='lcp_currentpage'>1<\/li><li><a href='https:\/\/www.people-abroad.de\/blog\/wp-json\/wp\/v2\/pages\/2500?lcp_page0=2#lcp_instance_0' title='2'>2<\/a><\/li><li><a href='https:\/\/www.people-abroad.de\/blog\/wp-json\/wp\/v2\/pages\/2500?lcp_page0=3#lcp_instance_0' title='3'>3<\/a><\/li><li><a href='https:\/\/www.people-abroad.de\/blog\/wp-json\/wp\/v2\/pages\/2500?lcp_page0=4#lcp_instance_0' title='4'>4<\/a><\/li><li><a href='https:\/\/www.people-abroad.de\/blog\/wp-json\/wp\/v2\/pages\/2500?lcp_page0=2#lcp_instance_0' title='2' class='lcp_nextlink'>\u00c4ltere Beitr\u00e4ge &gt;&gt;<\/a><\/li><\/ul>\n","protected":false},"excerpt":{"rendered":"","protected":false},"author":1,"featured_media":0,"parent":0,"menu_order":0,"comment_status":"closed","ping_status":"closed","template":"","meta":{"_monsterinsights_skip_tracking":false,"_monsterinsights_sitenote_active":false,"_monsterinsights_sitenote_note":"","_monsterinsights_sitenote_category":0,"footnotes":""},"class_list":["post-2500","page","type-page","status-publish","hentry"],"yoast_head":"<!-- This site is optimized with the Yoast SEO plugin v27.5 - https:\/\/yoast.com\/product\/yoast-seo-wordpress\/ -->\n<title>Reiseplanung - People Abroad<\/title>\n<meta name=\"description\" content=\"Reiseberichte mit dem Schwerpunkt Reiseplanung mit n\u00fctzlichen Reisetipps f\u00fcr die individuelle Planung zum Nachreisen.\" \/>\n<meta name=\"robots\" content=\"noindex, follow\" \/>\n<meta property=\"og:locale\" content=\"de_DE\" \/>\n<meta property=\"og:type\" content=\"article\" \/>\n<meta property=\"og:title\" content=\"Reiseplanung - People Abroad\" \/>\n<meta property=\"og:description\" content=\"Reiseberichte mit dem Schwerpunkt Reiseplanung mit n\u00fctzlichen Reisetipps f\u00fcr die individuelle Planung zum Nachreisen.\" \/>\n<meta property=\"og:url\" content=\"https:\/\/www.people-abroad.de\/blog\/reiseplanung\/\" \/>\n<meta property=\"og:site_name\" content=\"People Abroad\" \/>\n<meta property=\"article:publisher\" content=\"https:\/\/www.facebook.com\/menschen.international\/\" \/>\n<meta property=\"article:modified_time\" content=\"2023-01-17T10:24:11+00:00\" \/>\n<meta name=\"twitter:card\" content=\"summary_large_image\" \/>\n<meta name=\"twitter:site\" content=\"@People_Abroad\" \/>\n<meta name=\"twitter:label1\" content=\"Gesch\u00e4tzte Lesezeit\" \/>\n\t<meta name=\"twitter:data1\" content=\"1\u00a0Minute\" \/>\n<script type=\"application\/ld+json\" class=\"yoast-schema-graph\">{\"@context\":\"https:\\\/\\\/schema.org\",\"@graph\":[{\"@type\":\"WebPage\",\"@id\":\"https:\\\/\\\/www.people-abroad.de\\\/blog\\\/reiseplanung\\\/\",\"url\":\"https:\\\/\\\/www.people-abroad.de\\\/blog\\\/reiseplanung\\\/\",\"name\":\"Reiseplanung - People Abroad\",\"isPartOf\":{\"@id\":\"https:\\\/\\\/www.people-abroad.de\\\/blog\\\/#website\"},\"datePublished\":\"2017-02-04T11:01:16+00:00\",\"dateModified\":\"2023-01-17T10:24:11+00:00\",\"description\":\"Reiseberichte mit dem Schwerpunkt Reiseplanung mit n\u00fctzlichen Reisetipps f\u00fcr die individuelle Planung zum Nachreisen.\",\"breadcrumb\":{\"@id\":\"https:\\\/\\\/www.people-abroad.de\\\/blog\\\/reiseplanung\\\/#breadcrumb\"},\"inLanguage\":\"de\",\"potentialAction\":[{\"@type\":\"ReadAction\",\"target\":[\"https:\\\/\\\/www.people-abroad.de\\\/blog\\\/reiseplanung\\\/\"]}]},{\"@type\":\"BreadcrumbList\",\"@id\":\"https:\\\/\\\/www.people-abroad.de\\\/blog\\\/reiseplanung\\\/#breadcrumb\",\"itemListElement\":[{\"@type\":\"ListItem\",\"position\":1,\"name\":\"Startseite\",\"item\":\"https:\\\/\\\/www.people-abroad.de\\\/blog\\\/\"},{\"@type\":\"ListItem\",\"position\":2,\"name\":\"Reiseplanung\"}]},{\"@type\":\"WebSite\",\"@id\":\"https:\\\/\\\/www.people-abroad.de\\\/blog\\\/#website\",\"url\":\"https:\\\/\\\/www.people-abroad.de\\\/blog\\\/\",\"name\":\"People Abroad\",\"description\":\"Reiseblog\",\"publisher\":{\"@id\":\"https:\\\/\\\/www.people-abroad.de\\\/blog\\\/#\\\/schema\\\/person\\\/2a518a154d93ee6cf0b146bc327329b3\"},\"potentialAction\":[{\"@type\":\"SearchAction\",\"target\":{\"@type\":\"EntryPoint\",\"urlTemplate\":\"https:\\\/\\\/www.people-abroad.de\\\/blog\\\/?s={search_term_string}\"},\"query-input\":{\"@type\":\"PropertyValueSpecification\",\"valueRequired\":true,\"valueName\":\"search_term_string\"}}],\"inLanguage\":\"de\"},{\"@type\":[\"Person\",\"Organization\"],\"@id\":\"https:\\\/\\\/www.people-abroad.de\\\/blog\\\/#\\\/schema\\\/person\\\/2a518a154d93ee6cf0b146bc327329b3\",\"name\":\"Heiko M\u00fcller\",\"logo\":{\"@id\":\"https:\\\/\\\/www.people-abroad.de\\\/blog\\\/#\\\/schema\\\/person\\\/image\\\/\"},\"description\":\"Ich bin Reiseblogger, Content Creator und Redakteur. Auf Reisen erkunde ich gerne neue Regionen, St\u00e4dte und Orte beim Fotografieren, Wandern und Radfahren. F\u00fcr weitere Reisetipps folge mir auf Instagram. Mehr Infos zum Blog findest du hier: https:\\\/\\\/www.people-abroad.de\\\/blog\\\/pr-media\\\/. Kontakt: h.mueller@people-abroad.de\",\"sameAs\":[\"https:\\\/\\\/www.people-abroad.de\\\/blog\\\/\",\"https:\\\/\\\/www.facebook.com\\\/menschen.international\\\/\",\"https:\\\/\\\/www.instagram.com\\\/people.abroad\\\/\",\"https:\\\/\\\/www.linkedin.com\\\/in\\\/muellerheiko\\\/\",\"https:\\\/\\\/www.pinterest.de\\\/peopleabroad\\\/\",\"https:\\\/\\\/x.com\\\/People_Abroad\",\"https:\\\/\\\/www.youtube.com\\\/user\\\/MenschenInt\"]}]}<\/script>\n<!-- \/ Yoast SEO plugin. -->","yoast_head_json":{"title":"Reiseplanung - People Abroad","description":"Reiseberichte mit dem Schwerpunkt Reiseplanung mit n\u00fctzlichen Reisetipps f\u00fcr die individuelle Planung zum Nachreisen.","robots":{"index":"noindex","follow":"follow"},"og_locale":"de_DE","og_type":"article","og_title":"Reiseplanung - People Abroad","og_description":"Reiseberichte mit dem Schwerpunkt Reiseplanung mit n\u00fctzlichen Reisetipps f\u00fcr die individuelle Planung zum Nachreisen.","og_url":"https:\/\/www.people-abroad.de\/blog\/reiseplanung\/","og_site_name":"People Abroad","article_publisher":"https:\/\/www.facebook.com\/menschen.international\/","article_modified_time":"2023-01-17T10:24:11+00:00","twitter_card":"summary_large_image","twitter_site":"@People_Abroad","twitter_misc":{"Gesch\u00e4tzte Lesezeit":"1\u00a0Minute"},"schema":{"@context":"https:\/\/schema.org","@graph":[{"@type":"WebPage","@id":"https:\/\/www.people-abroad.de\/blog\/reiseplanung\/","url":"https:\/\/www.people-abroad.de\/blog\/reiseplanung\/","name":"Reiseplanung - People Abroad","isPartOf":{"@id":"https:\/\/www.people-abroad.de\/blog\/#website"},"datePublished":"2017-02-04T11:01:16+00:00","dateModified":"2023-01-17T10:24:11+00:00","description":"Reiseberichte mit dem Schwerpunkt Reiseplanung mit n\u00fctzlichen Reisetipps f\u00fcr die individuelle Planung zum Nachreisen.","breadcrumb":{"@id":"https:\/\/www.people-abroad.de\/blog\/reiseplanung\/#breadcrumb"},"inLanguage":"de","potentialAction":[{"@type":"ReadAction","target":["https:\/\/www.people-abroad.de\/blog\/reiseplanung\/"]}]},{"@type":"BreadcrumbList","@id":"https:\/\/www.people-abroad.de\/blog\/reiseplanung\/#breadcrumb","itemListElement":[{"@type":"ListItem","position":1,"name":"Startseite","item":"https:\/\/www.people-abroad.de\/blog\/"},{"@type":"ListItem","position":2,"name":"Reiseplanung"}]},{"@type":"WebSite","@id":"https:\/\/www.people-abroad.de\/blog\/#website","url":"https:\/\/www.people-abroad.de\/blog\/","name":"People Abroad","description":"Reiseblog","publisher":{"@id":"https:\/\/www.people-abroad.de\/blog\/#\/schema\/person\/2a518a154d93ee6cf0b146bc327329b3"},"potentialAction":[{"@type":"SearchAction","target":{"@type":"EntryPoint","urlTemplate":"https:\/\/www.people-abroad.de\/blog\/?s={search_term_string}"},"query-input":{"@type":"PropertyValueSpecification","valueRequired":true,"valueName":"search_term_string"}}],"inLanguage":"de"},{"@type":["Person","Organization"],"@id":"https:\/\/www.people-abroad.de\/blog\/#\/schema\/person\/2a518a154d93ee6cf0b146bc327329b3","name":"Heiko M\u00fcller","logo":{"@id":"https:\/\/www.people-abroad.de\/blog\/#\/schema\/person\/image\/"},"description":"Ich bin Reiseblogger, Content Creator und Redakteur. Auf Reisen erkunde ich gerne neue Regionen, St\u00e4dte und Orte beim Fotografieren, Wandern und Radfahren. F\u00fcr weitere Reisetipps folge mir auf Instagram. Mehr Infos zum Blog findest du hier: https:\/\/www.people-abroad.de\/blog\/pr-media\/. Kontakt: h.mueller@people-abroad.de","sameAs":["https:\/\/www.people-abroad.de\/blog\/","https:\/\/www.facebook.com\/menschen.international\/","https:\/\/www.instagram.com\/people.abroad\/","https:\/\/www.linkedin.com\/in\/muellerheiko\/","https:\/\/www.pinterest.de\/peopleabroad\/","https:\/\/x.com\/People_Abroad","https:\/\/www.youtube.com\/user\/MenschenInt"]}]}},"_links":{"self":[{"href":"https:\/\/www.people-abroad.de\/blog\/wp-json\/wp\/v2\/pages\/2500","targetHints":{"allow":["GET"]}}],"collection":[{"href":"https:\/\/www.people-abroad.de\/blog\/wp-json\/wp\/v2\/pages"}],"about":[{"href":"https:\/\/www.people-abroad.de\/blog\/wp-json\/wp\/v2\/types\/page"}],"author":[{"embeddable":true,"href":"https:\/\/www.people-abroad.de\/blog\/wp-json\/wp\/v2\/users\/1"}],"replies":[{"embeddable":true,"href":"https:\/\/www.people-abroad.de\/blog\/wp-json\/wp\/v2\/comments?post=2500"}],"version-history":[{"count":2,"href":"https:\/\/www.people-abroad.de\/blog\/wp-json\/wp\/v2\/pages\/2500\/revisions"}],"predecessor-version":[{"id":14561,"href":"https:\/\/www.people-abroad.de\/blog\/wp-json\/wp\/v2\/pages\/2500\/revisions\/14561"}],"wp:attachment":[{"href":"https:\/\/www.people-abroad.de\/blog\/wp-json\/wp\/v2\/media?parent=2500"}],"curies":[{"name":"wp","href":"https:\/\/api.w.org\/{rel}","templated":true}]}}