{"id":2475,"date":"2017-02-03T18:14:31","date_gmt":"2017-02-03T17:14:31","guid":{"rendered":"http:\/\/www.people-abroad.de\/blog\/?page_id=2475"},"modified":"2023-01-17T11:06:27","modified_gmt":"2023-01-17T10:06:27","slug":"digitale-nomaden","status":"publish","type":"page","link":"https:\/\/www.people-abroad.de\/blog\/digitale-nomaden\/","title":{"rendered":"Digitale Nomaden"},"content":{"rendered":"<div class=\"lcp_catlist\" id=\"lcp_instance_0\"><p><h2><a href=\"https:\/\/www.people-abroad.de\/blog\/cafes-leipzig\/\">Cafes in Leipzig &#038; Tipps zu Coffee Bars<\/a><\/h2><div class=\"lcp_excerpt\"><p><a href=\"https:\/\/www.people-abroad.de\/blog\/cafes-leipzig\/\"><img decoding=\"async\" class=\"alignnone wp-image-24766 size-large\" src=\"https:\/\/www.people-abroad.de\/blog\/wp-content\/uploads\/2021\/12\/cafes-leipzig-cafe-maitre-kaffeehaus-1024x684.jpg\" alt=\"Cafes Leipzig Kaffehaus R\u00f6sterei Cafe Kaffee \" width=\"1024\" height=\"684\" srcset=\"https:\/\/www.people-abroad.de\/blog\/wp-content\/uploads\/2021\/12\/cafes-leipzig-cafe-maitre-kaffeehaus-1024x684.jpg 1024w, https:\/\/www.people-abroad.de\/blog\/wp-content\/uploads\/2021\/12\/cafes-leipzig-cafe-maitre-kaffeehaus-300x200.jpg 300w, https:\/\/www.people-abroad.de\/blog\/wp-content\/uploads\/2021\/12\/cafes-leipzig-cafe-maitre-kaffeehaus-768x513.jpg 768w, https:\/\/www.people-abroad.de\/blog\/wp-content\/uploads\/2021\/12\/cafes-leipzig-cafe-maitre-kaffeehaus-400x267.jpg 400w, https:\/\/www.people-abroad.de\/blog\/wp-content\/uploads\/2021\/12\/cafes-leipzig-cafe-maitre-kaffeehaus.jpg 1200w\" sizes=\"(max-width: 1024px) 100vw, 1024px\" \/><\/a><\/p>\n<p>Auf der Suche nach gem\u00fctlichen Caf\u00e9s in Leipzig? Hier findest du Infos und Tipps zu den sch\u00f6nsten Caf\u00e9s &amp; Coffee Bars in Leipzig \u2013 mit Adressen und Kontaktdaten.<\/p>\n<\/div><a href=\"https:\/\/www.people-abroad.de\/blog\/cafes-leipzig\/\">Mehr...<\/a><\/p><p><h2><a href=\"https:\/\/www.people-abroad.de\/blog\/cafes-mannheim\/\">Caf\u00e9s in Mannheim &#038; Tipps zu Coffee Bars<\/a><\/h2><div class=\"lcp_excerpt\"><p><a href=\"https:\/\/www.people-abroad.de\/blog\/cafes-mannheim\/\"><img decoding=\"async\" class=\"alignleft wp-image-16955 size-full\" style=\"margin-bottom: 25px;\" src=\"https:\/\/www.people-abroad.de\/blog\/wp-content\/uploads\/2020\/06\/cafe-meerwiesen-cafe-mannheim.jpg\" alt=\"Caf\u00e9 Meerwiesen Caf\u00e9 Mannheim Tipps\" width=\"1000\" height=\"667\" srcset=\"https:\/\/www.people-abroad.de\/blog\/wp-content\/uploads\/2020\/06\/cafe-meerwiesen-cafe-mannheim.jpg 1000w, https:\/\/www.people-abroad.de\/blog\/wp-content\/uploads\/2020\/06\/cafe-meerwiesen-cafe-mannheim-300x200.jpg 300w, https:\/\/www.people-abroad.de\/blog\/wp-content\/uploads\/2020\/06\/cafe-meerwiesen-cafe-mannheim-768x512.jpg 768w, https:\/\/www.people-abroad.de\/blog\/wp-content\/uploads\/2020\/06\/cafe-meerwiesen-cafe-mannheim-400x267.jpg 400w\" sizes=\"(max-width: 1000px) 100vw, 1000px\" \/><\/a><\/p>\n<p>Auf der Suche nach gem\u00fctlichen Caf\u00e9s in Mannheim? Hier findest du Infos und Tipps zu den sch\u00f6nsten Caf\u00e9s &amp; Coffee Bars in Mannheim &#8211; mit Adressen und Kontaktdaten.<\/p>\n<\/div><a href=\"https:\/\/www.people-abroad.de\/blog\/cafes-mannheim\/\">Mehr...<\/a><\/p><p><h2><a href=\"https:\/\/www.people-abroad.de\/blog\/ortsunabhaengig-arbeiten\/\">Ortsunabh\u00e4ngig arbeiten als digitaler Nomade<\/a><\/h2><div class=\"lcp_excerpt\"><p><a href=\"https:\/\/www.people-abroad.de\/blog\/ortsunabhaengig-arbeiten\/\"><img decoding=\"async\" class=\"alignleft wp-image-16803 size-full\" style=\"margin-bottom: 25px;\" src=\"https:\/\/www.people-abroad.de\/blog\/wp-content\/uploads\/2020\/05\/daniel-schoeberl-reiseblogger-rucksacktraeger.com-1.jpg\" alt=\"Digitale Nomaden ortsunabh\u00e4ngig arbeiten Daniel Sch\u00f6berl Reiseblogger\" width=\"1000\" height=\"666\" srcset=\"https:\/\/www.people-abroad.de\/blog\/wp-content\/uploads\/2020\/05\/daniel-schoeberl-reiseblogger-rucksacktraeger.com-1.jpg 1000w, https:\/\/www.people-abroad.de\/blog\/wp-content\/uploads\/2020\/05\/daniel-schoeberl-reiseblogger-rucksacktraeger.com-1-300x200.jpg 300w, https:\/\/www.people-abroad.de\/blog\/wp-content\/uploads\/2020\/05\/daniel-schoeberl-reiseblogger-rucksacktraeger.com-1-768x511.jpg 768w, https:\/\/www.people-abroad.de\/blog\/wp-content\/uploads\/2020\/05\/daniel-schoeberl-reiseblogger-rucksacktraeger.com-1-400x266.jpg 400w\" sizes=\"(max-width: 1000px) 100vw, 1000px\" \/><\/a><\/p>\n<p>Ortsunabh\u00e4ngig Arbeiten als digitaler Nomade ist f\u00fcr viele ein Traum. Daniel vom Reiseblog &#8222;Rucksacktr\u00e4ger&#8220; hat vier Jahre als digitaler Nomade gelebt und berichtet dar\u00fcber.<\/p>\n<\/div><a href=\"https:\/\/www.people-abroad.de\/blog\/ortsunabhaengig-arbeiten\/\">Mehr...<\/a><\/p><p><h2><a href=\"https:\/\/www.people-abroad.de\/blog\/pushbikegirl-tourenrad\/\">Pushbikegirl: Radreisen mit dem Tourenrad<\/a><\/h2><div class=\"lcp_excerpt\"><p><a href=\"https:\/\/www.people-abroad.de\/blog\/pushbikegirl-tourenrad\/\"><img decoding=\"async\" class=\"alignnone wp-image-16752 size-full\" src=\"https:\/\/www.people-abroad.de\/blog\/wp-content\/uploads\/2020\/05\/heike-pirngruber-tourenrad-bikepacking-6.jpg\" alt=\"Pushbikegirl Heike Pirngruber Tourenrad Radreise Weltreise Rad Bikepacking\" width=\"800\" height=\"600\" srcset=\"https:\/\/www.people-abroad.de\/blog\/wp-content\/uploads\/2020\/05\/heike-pirngruber-tourenrad-bikepacking-6.jpg 800w, https:\/\/www.people-abroad.de\/blog\/wp-content\/uploads\/2020\/05\/heike-pirngruber-tourenrad-bikepacking-6-300x225.jpg 300w, https:\/\/www.people-abroad.de\/blog\/wp-content\/uploads\/2020\/05\/heike-pirngruber-tourenrad-bikepacking-6-768x576.jpg 768w, https:\/\/www.people-abroad.de\/blog\/wp-content\/uploads\/2020\/05\/heike-pirngruber-tourenrad-bikepacking-6-400x300.jpg 400w\" sizes=\"(max-width: 800px) 100vw, 800px\" \/><\/a><\/p>\n<p>Heike betreibt mit &#8222;Pushbikegirl&#8220; einen der bekanntesten deutschsprachigen Radblogs. \u00dcber ihre Erlebnisse mit dem Tourenrad fernab der Heimat berichtet die Fotografin im Interview.<\/p>\n<\/div><a href=\"https:\/\/www.people-abroad.de\/blog\/pushbikegirl-tourenrad\/\">Mehr...<\/a><\/p><p><h2><a href=\"https:\/\/www.people-abroad.de\/blog\/coworking-mannheim-heidelberg-rhein-neckar\/\">Coworking Spaces in Mannheim &#038; Heidelberg<\/a><\/h2><div class=\"lcp_excerpt\"><p><a href=\"https:\/\/www.people-abroad.de\/blog\/coworking-mannheim-heidelberg-rhein-neckar\/\"><img decoding=\"async\" class=\"alignleft wp-image-9025 size-full\" style=\"margin-bottom: 25px;\" src=\"https:\/\/www.people-abroad.de\/blog\/wp-content\/uploads\/2018\/09\/blogger-influencer-rhein-neckar-region.jpg\" alt=\"Coworking Mannheim Heidelberg Ludwigshafen Rhein-Neckar Workspace\" width=\"900\" height=\"600\" srcset=\"https:\/\/www.people-abroad.de\/blog\/wp-content\/uploads\/2018\/09\/blogger-influencer-rhein-neckar-region.jpg 900w, https:\/\/www.people-abroad.de\/blog\/wp-content\/uploads\/2018\/09\/blogger-influencer-rhein-neckar-region-300x200.jpg 300w, https:\/\/www.people-abroad.de\/blog\/wp-content\/uploads\/2018\/09\/blogger-influencer-rhein-neckar-region-768x512.jpg 768w, https:\/\/www.people-abroad.de\/blog\/wp-content\/uploads\/2018\/09\/blogger-influencer-rhein-neckar-region-400x267.jpg 400w, https:\/\/www.people-abroad.de\/blog\/wp-content\/uploads\/2018\/09\/blogger-influencer-rhein-neckar-region-272x182.jpg 272w\" sizes=\"(max-width: 900px) 100vw, 900px\" \/><\/a><\/p>\n<p>Die Arbeitswelt ist im Wandel und Coworking liegt im Trend. Hier findest du Tipps zum Coworking in Mannheim, Heidelberg, Ludwigshafen und der Region Rhein-Neckar.<\/p>\n<\/div><a href=\"https:\/\/www.people-abroad.de\/blog\/coworking-mannheim-heidelberg-rhein-neckar\/\">Mehr...<\/a><\/p><p><h2><a href=\"https:\/\/www.people-abroad.de\/blog\/reiseblogger-tipps\/\">10 Reiseblogger f\u00fcr deine Reiseplanung<\/a><\/h2><div class=\"lcp_excerpt\"><p><a href=\"https:\/\/www.people-abroad.de\/blog\/reiseblogger-tipps\/\"><img decoding=\"async\" class=\"alignleft wp-image-9177 size-full\" style=\"margin-bottom: 25px;\" src=\"https:\/\/www.people-abroad.de\/blog\/wp-content\/uploads\/2018\/09\/daniel-schoeberl-rucksacktraeger.jpg\" alt=\"Daniel Schoeberl Rucksacktraeger.com Reiseblogger Outdoor Blog Digitaler Nomade\" width=\"900\" height=\"571\" srcset=\"https:\/\/www.people-abroad.de\/blog\/wp-content\/uploads\/2018\/09\/daniel-schoeberl-rucksacktraeger.jpg 900w, https:\/\/www.people-abroad.de\/blog\/wp-content\/uploads\/2018\/09\/daniel-schoeberl-rucksacktraeger-300x190.jpg 300w, https:\/\/www.people-abroad.de\/blog\/wp-content\/uploads\/2018\/09\/daniel-schoeberl-rucksacktraeger-768x487.jpg 768w, https:\/\/www.people-abroad.de\/blog\/wp-content\/uploads\/2018\/09\/daniel-schoeberl-rucksacktraeger-400x254.jpg 400w\" sizes=\"(max-width: 900px) 100vw, 900px\" \/><\/a><\/p>\n<p>Wer gerne auf Reisen ist, der hat in der Regel noch eine weitere Leidenschaft: Reiseblogs lesen! Hier findest du 10 Reiseblogger, die du kennen solltest. Spezialisten zum Thema Fernweh. \u00a0<\/p>\n<\/div><a href=\"https:\/\/www.people-abroad.de\/blog\/reiseblogger-tipps\/\">Mehr...<\/a><\/p><p><h2><a href=\"https:\/\/www.people-abroad.de\/blog\/thomas-bauer-abenteurer-aus-leidenschaft\/\">Thomas Bauer: Abenteurer aus Leidenschaft<\/a><\/h2><div class=\"lcp_excerpt\"><p><a href=\"https:\/\/www.people-abroad.de\/blog\/thomas-bauer-abenteurer-aus-leidenschaft\/\"><img decoding=\"async\" class=\"alignleft size-full wp-image-5228\" style=\"margin-bottom: 25px;\" src=\"https:\/\/www.people-abroad.de\/blog\/wp-content\/uploads\/2017\/09\/thomas-bauer-abenteurer-und-autor1.jpg\" alt=\"\" width=\"900\" height=\"600\" srcset=\"https:\/\/www.people-abroad.de\/blog\/wp-content\/uploads\/2017\/09\/thomas-bauer-abenteurer-und-autor1.jpg 900w, https:\/\/www.people-abroad.de\/blog\/wp-content\/uploads\/2017\/09\/thomas-bauer-abenteurer-und-autor1-300x200.jpg 300w, https:\/\/www.people-abroad.de\/blog\/wp-content\/uploads\/2017\/09\/thomas-bauer-abenteurer-und-autor1-768x512.jpg 768w, https:\/\/www.people-abroad.de\/blog\/wp-content\/uploads\/2017\/09\/thomas-bauer-abenteurer-und-autor1-400x267.jpg 400w, https:\/\/www.people-abroad.de\/blog\/wp-content\/uploads\/2017\/09\/thomas-bauer-abenteurer-und-autor1-272x182.jpg 272w\" sizes=\"(max-width: 900px) 100vw, 900px\" \/><\/a><\/p>\n<p>Thomas Bauer\u00a0umrundete Frankreich auf einem Postrad, fuhr per Fahrradrikscha von Laos nach Singapur, folgte der Donau im Paddelboot zum Schwarzen Meer. Mit dem Hundeschlitten zog er durch Gr\u00f6nland und im Himalaya beobachtete er einen der letzten Schneeleoparden. Im Interview berichtet er uns wie er &#8222;Berufsabenteurer&#8220; wurde und\u00a0was ihm beim Reisen wichtig ist.<\/p>\n<\/div><a href=\"https:\/\/www.people-abroad.de\/blog\/thomas-bauer-abenteurer-aus-leidenschaft\/\">Mehr...<\/a><\/p><p><h2><a href=\"https:\/\/www.people-abroad.de\/blog\/auswandern-nach-daenemark-kopenhagen\/\">Auswandern nach D\u00e4nemark &#8211; My Copenhagen<\/a><\/h2><div class=\"lcp_excerpt\"><p><a href=\"https:\/\/www.people-abroad.de\/blog\/auswandern-nach-daenemark-kopenhagen\/\"><img decoding=\"async\" class=\"alignleft wp-image-4753 size-full\" style=\"margin-bottom: 25px;\" src=\"https:\/\/www.people-abroad.de\/blog\/wp-content\/uploads\/2017\/07\/auswandern-nach-daenemark1.jpg\" alt=\"Auswandern nach D\u00e4nemark Kopenhagen Erfahrungen Tipps\" width=\"900\" height=\"600\" srcset=\"https:\/\/www.people-abroad.de\/blog\/wp-content\/uploads\/2017\/07\/auswandern-nach-daenemark1.jpg 900w, https:\/\/www.people-abroad.de\/blog\/wp-content\/uploads\/2017\/07\/auswandern-nach-daenemark1-300x200.jpg 300w, https:\/\/www.people-abroad.de\/blog\/wp-content\/uploads\/2017\/07\/auswandern-nach-daenemark1-768x512.jpg 768w, https:\/\/www.people-abroad.de\/blog\/wp-content\/uploads\/2017\/07\/auswandern-nach-daenemark1-272x182.jpg 272w\" sizes=\"(max-width: 900px) 100vw, 900px\" \/><\/a><\/p>\n<p>Philipp zieht nach Kopenhagen, weil er dort im Fach Astronomie forschen kann. Hier berichtet er \u00fcber sein Auswandern nach D\u00e4nemark und die ersten Monate in Kopenhagen.<\/p>\n<\/div><a href=\"https:\/\/www.people-abroad.de\/blog\/auswandern-nach-daenemark-kopenhagen\/\">Mehr...<\/a><\/p><p><h2><a href=\"https:\/\/www.people-abroad.de\/blog\/city-guides-fuer-digitale-nomaden\/\">Nomads: City Guides f\u00fcr digitale Nomaden<\/a><\/h2><div class=\"lcp_excerpt\"><p><a href=\"https:\/\/www.people-abroad.de\/blog\/city-guides-fuer-digitale-nomaden\/\"><img decoding=\"async\" class=\"alignleft wp-image-4569 size-full\" style=\"margin-bottom: 25px;\" src=\"https:\/\/www.people-abroad.de\/blog\/wp-content\/uploads\/2017\/07\/city-guides-fuer-digitale-nomaden2.jpg\" alt=\"City Guides f\u00fcr digitale Nomaden Barbara Riedel\" width=\"900\" height=\"599\" srcset=\"https:\/\/www.people-abroad.de\/blog\/wp-content\/uploads\/2017\/07\/city-guides-fuer-digitale-nomaden2.jpg 900w, https:\/\/www.people-abroad.de\/blog\/wp-content\/uploads\/2017\/07\/city-guides-fuer-digitale-nomaden2-300x200.jpg 300w, https:\/\/www.people-abroad.de\/blog\/wp-content\/uploads\/2017\/07\/city-guides-fuer-digitale-nomaden2-768x511.jpg 768w, https:\/\/www.people-abroad.de\/blog\/wp-content\/uploads\/2017\/07\/city-guides-fuer-digitale-nomaden2-272x182.jpg 272w\" sizes=\"(max-width: 900px) 100vw, 900px\" \/><\/a><\/p>\n<p>Barbara Riedel ist Dolmetscherin, \u00dcbersetzerin und Reisebloggerin. Und: sie ist digitale Nomadin und hat sich zu dem Thema ortsunabh\u00e4ngiges Arbeiten mittlerweile ganz sch\u00f6n viel Know-how angeeignet. Ihre Erfahrungen und Tipps zum Arbeiten ohne festes B\u00fcro gibt sie gerne anderen weiter. In ihrem Gastbeitrag stellt sich ihre City Guides f\u00fcr digitale Nomaden vor.<\/p>\n<\/div><a href=\"https:\/\/www.people-abroad.de\/blog\/city-guides-fuer-digitale-nomaden\/\">Mehr...<\/a><\/p><p><h2><a href=\"https:\/\/www.people-abroad.de\/blog\/minnja-reisebloggerin\/\">Minnja sucht die besonderen Momente<\/a><\/h2><div class=\"lcp_excerpt\"><p><a href=\"https:\/\/www.people-abroad.de\/blog\/minnja-reisebloggerin\/\"><img decoding=\"async\" class=\"alignleft wp-image-4293 size-full\" style=\"margin-bottom: 25px;\" title=\"Minnja\" src=\"https:\/\/www.people-abroad.de\/blog\/wp-content\/uploads\/2017\/06\/minnja-reisebloggerin1.jpg\" alt=\"\" width=\"900\" height=\"450\" srcset=\"https:\/\/www.people-abroad.de\/blog\/wp-content\/uploads\/2017\/06\/minnja-reisebloggerin1.jpg 900w, https:\/\/www.people-abroad.de\/blog\/wp-content\/uploads\/2017\/06\/minnja-reisebloggerin1-300x150.jpg 300w, https:\/\/www.people-abroad.de\/blog\/wp-content\/uploads\/2017\/06\/minnja-reisebloggerin1-768x384.jpg 768w\" sizes=\"(max-width: 900px) 100vw, 900px\" \/><\/a><\/p>\n<p>Minnja haben wir in Berlin kennengelernt. Auf ihrem Blog kombiniert sie die Themen Reisen, Fashion und Lifestyle. Wir waren nicht nur von unserer Blogger-Kollegin begeistert, sondern auch von den tollen Reisefotos, die sie unterwegs macht. H\u00f6chste Zeit also, dass wir sie in einem Kurzinterview hier vorstellen. Nicht verpassen: ihre Fotomotive und ihr Instagram-Account.<\/p>\n<\/div><a href=\"https:\/\/www.people-abroad.de\/blog\/minnja-reisebloggerin\/\">Mehr...<\/a><\/p><\/div><ul class='lcp_paginator'><li class='lcp_currentpage'>1<\/li><li><a href='https:\/\/www.people-abroad.de\/blog\/wp-json\/wp\/v2\/pages\/2475?lcp_page0=2#lcp_instance_0' title='2'>2<\/a><\/li><li><a href='https:\/\/www.people-abroad.de\/blog\/wp-json\/wp\/v2\/pages\/2475?lcp_page0=3#lcp_instance_0' title='3'>3<\/a><\/li><li><a href='https:\/\/www.people-abroad.de\/blog\/wp-json\/wp\/v2\/pages\/2475?lcp_page0=2#lcp_instance_0' title='2' class='lcp_nextlink'>\u00c4ltere Beitr\u00e4ge &gt;&gt;<\/a><\/li><\/ul>\n","protected":false},"excerpt":{"rendered":"","protected":false},"author":1,"featured_media":0,"parent":0,"menu_order":0,"comment_status":"closed","ping_status":"closed","template":"","meta":{"_monsterinsights_skip_tracking":false,"_monsterinsights_sitenote_active":false,"_monsterinsights_sitenote_note":"","_monsterinsights_sitenote_category":0,"footnotes":""},"class_list":["post-2475","page","type-page","status-publish","hentry"],"yoast_head":"<!-- This site is optimized with the Yoast SEO plugin v27.5 - https:\/\/yoast.com\/product\/yoast-seo-wordpress\/ -->\n<title>Digitale Nomaden - People Abroad<\/title>\n<meta name=\"description\" content=\"Reiseberichte und Erfahrungsberichte von Digitalen Nomaden mit Reisetipps f\u00fcr die individuelle Planung zum Nachreisen.\" \/>\n<meta name=\"robots\" content=\"noindex, follow\" \/>\n<meta property=\"og:locale\" content=\"de_DE\" \/>\n<meta property=\"og:type\" content=\"article\" \/>\n<meta property=\"og:title\" content=\"Digitale Nomaden - People Abroad\" \/>\n<meta property=\"og:description\" content=\"Reiseberichte und Erfahrungsberichte von Digitalen Nomaden mit Reisetipps f\u00fcr die individuelle Planung zum Nachreisen.\" \/>\n<meta property=\"og:url\" content=\"https:\/\/www.people-abroad.de\/blog\/digitale-nomaden\/\" \/>\n<meta property=\"og:site_name\" content=\"People Abroad\" \/>\n<meta property=\"article:publisher\" content=\"https:\/\/www.facebook.com\/menschen.international\/\" \/>\n<meta property=\"article:modified_time\" content=\"2023-01-17T10:06:27+00:00\" \/>\n<meta name=\"twitter:card\" content=\"summary_large_image\" \/>\n<meta name=\"twitter:site\" content=\"@People_Abroad\" \/>\n<meta name=\"twitter:label1\" content=\"Gesch\u00e4tzte Lesezeit\" \/>\n\t<meta name=\"twitter:data1\" content=\"1\u00a0Minute\" \/>\n<script type=\"application\/ld+json\" class=\"yoast-schema-graph\">{\"@context\":\"https:\\\/\\\/schema.org\",\"@graph\":[{\"@type\":\"WebPage\",\"@id\":\"https:\\\/\\\/www.people-abroad.de\\\/blog\\\/digitale-nomaden\\\/\",\"url\":\"https:\\\/\\\/www.people-abroad.de\\\/blog\\\/digitale-nomaden\\\/\",\"name\":\"Digitale Nomaden - People Abroad\",\"isPartOf\":{\"@id\":\"https:\\\/\\\/www.people-abroad.de\\\/blog\\\/#website\"},\"datePublished\":\"2017-02-03T17:14:31+00:00\",\"dateModified\":\"2023-01-17T10:06:27+00:00\",\"description\":\"Reiseberichte und Erfahrungsberichte von Digitalen Nomaden mit Reisetipps f\u00fcr die individuelle Planung zum Nachreisen.\",\"breadcrumb\":{\"@id\":\"https:\\\/\\\/www.people-abroad.de\\\/blog\\\/digitale-nomaden\\\/#breadcrumb\"},\"inLanguage\":\"de\",\"potentialAction\":[{\"@type\":\"ReadAction\",\"target\":[\"https:\\\/\\\/www.people-abroad.de\\\/blog\\\/digitale-nomaden\\\/\"]}]},{\"@type\":\"BreadcrumbList\",\"@id\":\"https:\\\/\\\/www.people-abroad.de\\\/blog\\\/digitale-nomaden\\\/#breadcrumb\",\"itemListElement\":[{\"@type\":\"ListItem\",\"position\":1,\"name\":\"Startseite\",\"item\":\"https:\\\/\\\/www.people-abroad.de\\\/blog\\\/\"},{\"@type\":\"ListItem\",\"position\":2,\"name\":\"Digitale Nomaden\"}]},{\"@type\":\"WebSite\",\"@id\":\"https:\\\/\\\/www.people-abroad.de\\\/blog\\\/#website\",\"url\":\"https:\\\/\\\/www.people-abroad.de\\\/blog\\\/\",\"name\":\"People Abroad\",\"description\":\"Reiseblog\",\"publisher\":{\"@id\":\"https:\\\/\\\/www.people-abroad.de\\\/blog\\\/#\\\/schema\\\/person\\\/2a518a154d93ee6cf0b146bc327329b3\"},\"potentialAction\":[{\"@type\":\"SearchAction\",\"target\":{\"@type\":\"EntryPoint\",\"urlTemplate\":\"https:\\\/\\\/www.people-abroad.de\\\/blog\\\/?s={search_term_string}\"},\"query-input\":{\"@type\":\"PropertyValueSpecification\",\"valueRequired\":true,\"valueName\":\"search_term_string\"}}],\"inLanguage\":\"de\"},{\"@type\":[\"Person\",\"Organization\"],\"@id\":\"https:\\\/\\\/www.people-abroad.de\\\/blog\\\/#\\\/schema\\\/person\\\/2a518a154d93ee6cf0b146bc327329b3\",\"name\":\"Heiko M\u00fcller\",\"logo\":{\"@id\":\"https:\\\/\\\/www.people-abroad.de\\\/blog\\\/#\\\/schema\\\/person\\\/image\\\/\"},\"description\":\"Ich bin Reiseblogger, Content Creator und Redakteur. Auf Reisen erkunde ich gerne neue Regionen, St\u00e4dte und Orte beim Fotografieren, Wandern und Radfahren. F\u00fcr weitere Reisetipps folge mir auf Instagram. Mehr Infos zum Blog findest du hier: https:\\\/\\\/www.people-abroad.de\\\/blog\\\/pr-media\\\/. Kontakt: h.mueller@people-abroad.de\",\"sameAs\":[\"https:\\\/\\\/www.people-abroad.de\\\/blog\\\/\",\"https:\\\/\\\/www.facebook.com\\\/menschen.international\\\/\",\"https:\\\/\\\/www.instagram.com\\\/people.abroad\\\/\",\"https:\\\/\\\/www.linkedin.com\\\/in\\\/muellerheiko\\\/\",\"https:\\\/\\\/www.pinterest.de\\\/peopleabroad\\\/\",\"https:\\\/\\\/x.com\\\/People_Abroad\",\"https:\\\/\\\/www.youtube.com\\\/user\\\/MenschenInt\"]}]}<\/script>\n<!-- \/ Yoast SEO plugin. -->","yoast_head_json":{"title":"Digitale Nomaden - People Abroad","description":"Reiseberichte und Erfahrungsberichte von Digitalen Nomaden mit Reisetipps f\u00fcr die individuelle Planung zum Nachreisen.","robots":{"index":"noindex","follow":"follow"},"og_locale":"de_DE","og_type":"article","og_title":"Digitale Nomaden - People Abroad","og_description":"Reiseberichte und Erfahrungsberichte von Digitalen Nomaden mit Reisetipps f\u00fcr die individuelle Planung zum Nachreisen.","og_url":"https:\/\/www.people-abroad.de\/blog\/digitale-nomaden\/","og_site_name":"People Abroad","article_publisher":"https:\/\/www.facebook.com\/menschen.international\/","article_modified_time":"2023-01-17T10:06:27+00:00","twitter_card":"summary_large_image","twitter_site":"@People_Abroad","twitter_misc":{"Gesch\u00e4tzte Lesezeit":"1\u00a0Minute"},"schema":{"@context":"https:\/\/schema.org","@graph":[{"@type":"WebPage","@id":"https:\/\/www.people-abroad.de\/blog\/digitale-nomaden\/","url":"https:\/\/www.people-abroad.de\/blog\/digitale-nomaden\/","name":"Digitale Nomaden - People Abroad","isPartOf":{"@id":"https:\/\/www.people-abroad.de\/blog\/#website"},"datePublished":"2017-02-03T17:14:31+00:00","dateModified":"2023-01-17T10:06:27+00:00","description":"Reiseberichte und Erfahrungsberichte von Digitalen Nomaden mit Reisetipps f\u00fcr die individuelle Planung zum Nachreisen.","breadcrumb":{"@id":"https:\/\/www.people-abroad.de\/blog\/digitale-nomaden\/#breadcrumb"},"inLanguage":"de","potentialAction":[{"@type":"ReadAction","target":["https:\/\/www.people-abroad.de\/blog\/digitale-nomaden\/"]}]},{"@type":"BreadcrumbList","@id":"https:\/\/www.people-abroad.de\/blog\/digitale-nomaden\/#breadcrumb","itemListElement":[{"@type":"ListItem","position":1,"name":"Startseite","item":"https:\/\/www.people-abroad.de\/blog\/"},{"@type":"ListItem","position":2,"name":"Digitale Nomaden"}]},{"@type":"WebSite","@id":"https:\/\/www.people-abroad.de\/blog\/#website","url":"https:\/\/www.people-abroad.de\/blog\/","name":"People Abroad","description":"Reiseblog","publisher":{"@id":"https:\/\/www.people-abroad.de\/blog\/#\/schema\/person\/2a518a154d93ee6cf0b146bc327329b3"},"potentialAction":[{"@type":"SearchAction","target":{"@type":"EntryPoint","urlTemplate":"https:\/\/www.people-abroad.de\/blog\/?s={search_term_string}"},"query-input":{"@type":"PropertyValueSpecification","valueRequired":true,"valueName":"search_term_string"}}],"inLanguage":"de"},{"@type":["Person","Organization"],"@id":"https:\/\/www.people-abroad.de\/blog\/#\/schema\/person\/2a518a154d93ee6cf0b146bc327329b3","name":"Heiko M\u00fcller","logo":{"@id":"https:\/\/www.people-abroad.de\/blog\/#\/schema\/person\/image\/"},"description":"Ich bin Reiseblogger, Content Creator und Redakteur. Auf Reisen erkunde ich gerne neue Regionen, St\u00e4dte und Orte beim Fotografieren, Wandern und Radfahren. F\u00fcr weitere Reisetipps folge mir auf Instagram. Mehr Infos zum Blog findest du hier: https:\/\/www.people-abroad.de\/blog\/pr-media\/. Kontakt: h.mueller@people-abroad.de","sameAs":["https:\/\/www.people-abroad.de\/blog\/","https:\/\/www.facebook.com\/menschen.international\/","https:\/\/www.instagram.com\/people.abroad\/","https:\/\/www.linkedin.com\/in\/muellerheiko\/","https:\/\/www.pinterest.de\/peopleabroad\/","https:\/\/x.com\/People_Abroad","https:\/\/www.youtube.com\/user\/MenschenInt"]}]}},"_links":{"self":[{"href":"https:\/\/www.people-abroad.de\/blog\/wp-json\/wp\/v2\/pages\/2475","targetHints":{"allow":["GET"]}}],"collection":[{"href":"https:\/\/www.people-abroad.de\/blog\/wp-json\/wp\/v2\/pages"}],"about":[{"href":"https:\/\/www.people-abroad.de\/blog\/wp-json\/wp\/v2\/types\/page"}],"author":[{"embeddable":true,"href":"https:\/\/www.people-abroad.de\/blog\/wp-json\/wp\/v2\/users\/1"}],"replies":[{"embeddable":true,"href":"https:\/\/www.people-abroad.de\/blog\/wp-json\/wp\/v2\/comments?post=2475"}],"version-history":[{"count":2,"href":"https:\/\/www.people-abroad.de\/blog\/wp-json\/wp\/v2\/pages\/2475\/revisions"}],"predecessor-version":[{"id":14550,"href":"https:\/\/www.people-abroad.de\/blog\/wp-json\/wp\/v2\/pages\/2475\/revisions\/14550"}],"wp:attachment":[{"href":"https:\/\/www.people-abroad.de\/blog\/wp-json\/wp\/v2\/media?parent=2475"}],"curies":[{"name":"wp","href":"https:\/\/api.w.org\/{rel}","templated":true}]}}