{"id":2471,"date":"2017-02-03T18:10:36","date_gmt":"2017-02-03T17:10:36","guid":{"rendered":"http:\/\/www.people-abroad.de\/blog\/?page_id=2471"},"modified":"2023-01-17T11:22:49","modified_gmt":"2023-01-17T10:22:49","slug":"reisen-abenteuer","status":"publish","type":"page","link":"https:\/\/www.people-abroad.de\/blog\/reisen-abenteuer\/","title":{"rendered":"Reisen &#038; Outdoor"},"content":{"rendered":"<p>Das Reisen ist f\u00fcr mich immer auch mit neuen und spannenden\u00a0<strong>Abenteuern<\/strong> verbunden. Mit gro\u00dfen und kleinen Herausforderungen und spannenden Entdeckungen. Deshalb verbinde ich gerne das Reisen mit kleinen und gro\u00dfen Abenteuern wie Camping in der Wildnis, wandern in den Bergen, Radreisen, Trailrunning oder Kanu-Touren. Ich liebe die Herausforderung und alles, was mit dem Thema <strong>Outdoor<\/strong> zu tun hat.<\/p>\n<p>Beides hat seinen Reiz:\u00a0<strong>sportliche Herausforderung<\/strong> und <strong>Genuss-Touren<\/strong> drau\u00dfen. Immer wieder kombiniere ich Reisen auch mit der Teilnahme an einem sportlichen Event. Ob Halbmarathon, Trailrunning-Event oder ein Jedermann-Radrennen. Auch an einem Cross-Duathlon und einem Einsteiger-Triathlon habe ich schon teilgenommen. Grunds\u00e4tzlich bin ich f\u00fcr alles offen, was Spa\u00df macht und bei dem man seine pers\u00f6nlichen Grenzen austesten kann.<\/p>\n<p>Doch ich mag auch <strong>gem\u00fctliche\u00a0Momente<\/strong>, bei einem k\u00fchlen Bier auf einer H\u00fctte in den Bergen sitzen oder bei einem Cappuccino in einem kleinen Stra\u00dfencaf\u00e9 und frisch gebackenen Kuchen probieren. Es sind die gro\u00dfen und oft auch die kleinen Abenteuer und Momente, die sich lohnen immer wieder neu den Rucksack zu packen und loszuziehen.<\/p>\n<p>Hier findest du eine Sammlung von Blog-Beitr\u00e4gen zu diesen Themen:<\/p>\n<p>Artikel zu <a href=\"https:\/\/www.people-abroad.de\/blog\/reiseplanung\/\">Reiseplanung<\/a><\/p>\n<p>Artikel zu <a href=\"https:\/\/www.people-abroad.de\/blog\/outdoor\/\">Outdoor<\/a><\/p>\n<p>Artikel zu <a href=\"https:\/\/www.people-abroad.de\/blog\/geocaching-travelbug\/\">Geocaching<\/a><\/p>\n<p>&nbsp;<\/p>\n","protected":false},"excerpt":{"rendered":"<p>Das Reisen ist f\u00fcr mich immer auch mit neuen und spannenden\u00a0Abenteuern verbunden. Mit gro\u00dfen und kleinen Herausforderungen und spannenden Entdeckungen. Deshalb verbinde ich gerne das Reisen mit kleinen und gro\u00dfen Abenteuern wie Camping in der Wildnis, wandern in den Bergen, Radreisen, Trailrunning oder Kanu-Touren. Ich liebe die Herausforderung und alles, was mit dem Thema Outdoor [&hellip;]<\/p>\n","protected":false},"author":1,"featured_media":0,"parent":0,"menu_order":0,"comment_status":"closed","ping_status":"closed","template":"","meta":{"_monsterinsights_skip_tracking":false,"_monsterinsights_sitenote_active":false,"_monsterinsights_sitenote_note":"","_monsterinsights_sitenote_category":0,"footnotes":""},"class_list":["post-2471","page","type-page","status-publish","hentry"],"yoast_head":"<!-- This site is optimized with the Yoast SEO plugin v27.5 - https:\/\/yoast.com\/product\/yoast-seo-wordpress\/ -->\n<title>Reisen &amp; Outdoor - People Abroad<\/title>\n<meta name=\"description\" content=\"Reiseberichte mit dem Schwerpunkt Outdoor und Sport mit Reisetipps f\u00fcr die individuelle Planung zum Nachreisen.\" \/>\n<meta name=\"robots\" content=\"noindex, follow\" \/>\n<meta property=\"og:locale\" content=\"de_DE\" \/>\n<meta property=\"og:type\" content=\"article\" \/>\n<meta property=\"og:title\" content=\"Reisen &amp; Outdoor - People Abroad\" \/>\n<meta property=\"og:description\" content=\"Reiseberichte mit dem Schwerpunkt Outdoor und Sport mit Reisetipps f\u00fcr die individuelle Planung zum Nachreisen.\" \/>\n<meta property=\"og:url\" content=\"https:\/\/www.people-abroad.de\/blog\/reisen-abenteuer\/\" \/>\n<meta property=\"og:site_name\" content=\"People Abroad\" \/>\n<meta property=\"article:publisher\" content=\"https:\/\/www.facebook.com\/menschen.international\/\" \/>\n<meta property=\"article:modified_time\" content=\"2023-01-17T10:22:49+00:00\" \/>\n<meta name=\"twitter:card\" content=\"summary_large_image\" \/>\n<meta name=\"twitter:site\" content=\"@People_Abroad\" \/>\n<meta name=\"twitter:label1\" content=\"Gesch\u00e4tzte Lesezeit\" \/>\n\t<meta name=\"twitter:data1\" content=\"2\u00a0Minuten\" \/>\n<script type=\"application\/ld+json\" class=\"yoast-schema-graph\">{\"@context\":\"https:\\\/\\\/schema.org\",\"@graph\":[{\"@type\":\"WebPage\",\"@id\":\"https:\\\/\\\/www.people-abroad.de\\\/blog\\\/reisen-abenteuer\\\/\",\"url\":\"https:\\\/\\\/www.people-abroad.de\\\/blog\\\/reisen-abenteuer\\\/\",\"name\":\"Reisen & Outdoor - People Abroad\",\"isPartOf\":{\"@id\":\"https:\\\/\\\/www.people-abroad.de\\\/blog\\\/#website\"},\"datePublished\":\"2017-02-03T17:10:36+00:00\",\"dateModified\":\"2023-01-17T10:22:49+00:00\",\"description\":\"Reiseberichte mit dem Schwerpunkt Outdoor und Sport mit Reisetipps f\u00fcr die individuelle Planung zum Nachreisen.\",\"breadcrumb\":{\"@id\":\"https:\\\/\\\/www.people-abroad.de\\\/blog\\\/reisen-abenteuer\\\/#breadcrumb\"},\"inLanguage\":\"de\",\"potentialAction\":[{\"@type\":\"ReadAction\",\"target\":[\"https:\\\/\\\/www.people-abroad.de\\\/blog\\\/reisen-abenteuer\\\/\"]}]},{\"@type\":\"BreadcrumbList\",\"@id\":\"https:\\\/\\\/www.people-abroad.de\\\/blog\\\/reisen-abenteuer\\\/#breadcrumb\",\"itemListElement\":[{\"@type\":\"ListItem\",\"position\":1,\"name\":\"Startseite\",\"item\":\"https:\\\/\\\/www.people-abroad.de\\\/blog\\\/\"},{\"@type\":\"ListItem\",\"position\":2,\"name\":\"Reisen &#038; Outdoor\"}]},{\"@type\":\"WebSite\",\"@id\":\"https:\\\/\\\/www.people-abroad.de\\\/blog\\\/#website\",\"url\":\"https:\\\/\\\/www.people-abroad.de\\\/blog\\\/\",\"name\":\"People Abroad\",\"description\":\"Reiseblog\",\"publisher\":{\"@id\":\"https:\\\/\\\/www.people-abroad.de\\\/blog\\\/#\\\/schema\\\/person\\\/2a518a154d93ee6cf0b146bc327329b3\"},\"potentialAction\":[{\"@type\":\"SearchAction\",\"target\":{\"@type\":\"EntryPoint\",\"urlTemplate\":\"https:\\\/\\\/www.people-abroad.de\\\/blog\\\/?s={search_term_string}\"},\"query-input\":{\"@type\":\"PropertyValueSpecification\",\"valueRequired\":true,\"valueName\":\"search_term_string\"}}],\"inLanguage\":\"de\"},{\"@type\":[\"Person\",\"Organization\"],\"@id\":\"https:\\\/\\\/www.people-abroad.de\\\/blog\\\/#\\\/schema\\\/person\\\/2a518a154d93ee6cf0b146bc327329b3\",\"name\":\"Heiko M\u00fcller\",\"logo\":{\"@id\":\"https:\\\/\\\/www.people-abroad.de\\\/blog\\\/#\\\/schema\\\/person\\\/image\\\/\"},\"description\":\"Ich bin Reiseblogger, Content Creator und Redakteur. Auf Reisen erkunde ich gerne neue Regionen, St\u00e4dte und Orte beim Fotografieren, Wandern und Radfahren. F\u00fcr weitere Reisetipps folge mir auf Instagram. Mehr Infos zum Blog findest du hier: https:\\\/\\\/www.people-abroad.de\\\/blog\\\/pr-media\\\/. Kontakt: h.mueller@people-abroad.de\",\"sameAs\":[\"https:\\\/\\\/www.people-abroad.de\\\/blog\\\/\",\"https:\\\/\\\/www.facebook.com\\\/menschen.international\\\/\",\"https:\\\/\\\/www.instagram.com\\\/people.abroad\\\/\",\"https:\\\/\\\/www.linkedin.com\\\/in\\\/muellerheiko\\\/\",\"https:\\\/\\\/www.pinterest.de\\\/peopleabroad\\\/\",\"https:\\\/\\\/x.com\\\/People_Abroad\",\"https:\\\/\\\/www.youtube.com\\\/user\\\/MenschenInt\"]}]}<\/script>\n<!-- \/ Yoast SEO plugin. -->","yoast_head_json":{"title":"Reisen & Outdoor - People Abroad","description":"Reiseberichte mit dem Schwerpunkt Outdoor und Sport mit Reisetipps f\u00fcr die individuelle Planung zum Nachreisen.","robots":{"index":"noindex","follow":"follow"},"og_locale":"de_DE","og_type":"article","og_title":"Reisen & Outdoor - People Abroad","og_description":"Reiseberichte mit dem Schwerpunkt Outdoor und Sport mit Reisetipps f\u00fcr die individuelle Planung zum Nachreisen.","og_url":"https:\/\/www.people-abroad.de\/blog\/reisen-abenteuer\/","og_site_name":"People Abroad","article_publisher":"https:\/\/www.facebook.com\/menschen.international\/","article_modified_time":"2023-01-17T10:22:49+00:00","twitter_card":"summary_large_image","twitter_site":"@People_Abroad","twitter_misc":{"Gesch\u00e4tzte Lesezeit":"2\u00a0Minuten"},"schema":{"@context":"https:\/\/schema.org","@graph":[{"@type":"WebPage","@id":"https:\/\/www.people-abroad.de\/blog\/reisen-abenteuer\/","url":"https:\/\/www.people-abroad.de\/blog\/reisen-abenteuer\/","name":"Reisen & Outdoor - People Abroad","isPartOf":{"@id":"https:\/\/www.people-abroad.de\/blog\/#website"},"datePublished":"2017-02-03T17:10:36+00:00","dateModified":"2023-01-17T10:22:49+00:00","description":"Reiseberichte mit dem Schwerpunkt Outdoor und Sport mit Reisetipps f\u00fcr die individuelle Planung zum Nachreisen.","breadcrumb":{"@id":"https:\/\/www.people-abroad.de\/blog\/reisen-abenteuer\/#breadcrumb"},"inLanguage":"de","potentialAction":[{"@type":"ReadAction","target":["https:\/\/www.people-abroad.de\/blog\/reisen-abenteuer\/"]}]},{"@type":"BreadcrumbList","@id":"https:\/\/www.people-abroad.de\/blog\/reisen-abenteuer\/#breadcrumb","itemListElement":[{"@type":"ListItem","position":1,"name":"Startseite","item":"https:\/\/www.people-abroad.de\/blog\/"},{"@type":"ListItem","position":2,"name":"Reisen &#038; Outdoor"}]},{"@type":"WebSite","@id":"https:\/\/www.people-abroad.de\/blog\/#website","url":"https:\/\/www.people-abroad.de\/blog\/","name":"People Abroad","description":"Reiseblog","publisher":{"@id":"https:\/\/www.people-abroad.de\/blog\/#\/schema\/person\/2a518a154d93ee6cf0b146bc327329b3"},"potentialAction":[{"@type":"SearchAction","target":{"@type":"EntryPoint","urlTemplate":"https:\/\/www.people-abroad.de\/blog\/?s={search_term_string}"},"query-input":{"@type":"PropertyValueSpecification","valueRequired":true,"valueName":"search_term_string"}}],"inLanguage":"de"},{"@type":["Person","Organization"],"@id":"https:\/\/www.people-abroad.de\/blog\/#\/schema\/person\/2a518a154d93ee6cf0b146bc327329b3","name":"Heiko M\u00fcller","logo":{"@id":"https:\/\/www.people-abroad.de\/blog\/#\/schema\/person\/image\/"},"description":"Ich bin Reiseblogger, Content Creator und Redakteur. Auf Reisen erkunde ich gerne neue Regionen, St\u00e4dte und Orte beim Fotografieren, Wandern und Radfahren. F\u00fcr weitere Reisetipps folge mir auf Instagram. Mehr Infos zum Blog findest du hier: https:\/\/www.people-abroad.de\/blog\/pr-media\/. Kontakt: h.mueller@people-abroad.de","sameAs":["https:\/\/www.people-abroad.de\/blog\/","https:\/\/www.facebook.com\/menschen.international\/","https:\/\/www.instagram.com\/people.abroad\/","https:\/\/www.linkedin.com\/in\/muellerheiko\/","https:\/\/www.pinterest.de\/peopleabroad\/","https:\/\/x.com\/People_Abroad","https:\/\/www.youtube.com\/user\/MenschenInt"]}]}},"_links":{"self":[{"href":"https:\/\/www.people-abroad.de\/blog\/wp-json\/wp\/v2\/pages\/2471","targetHints":{"allow":["GET"]}}],"collection":[{"href":"https:\/\/www.people-abroad.de\/blog\/wp-json\/wp\/v2\/pages"}],"about":[{"href":"https:\/\/www.people-abroad.de\/blog\/wp-json\/wp\/v2\/types\/page"}],"author":[{"embeddable":true,"href":"https:\/\/www.people-abroad.de\/blog\/wp-json\/wp\/v2\/users\/1"}],"replies":[{"embeddable":true,"href":"https:\/\/www.people-abroad.de\/blog\/wp-json\/wp\/v2\/comments?post=2471"}],"version-history":[{"count":5,"href":"https:\/\/www.people-abroad.de\/blog\/wp-json\/wp\/v2\/pages\/2471\/revisions"}],"predecessor-version":[{"id":13327,"href":"https:\/\/www.people-abroad.de\/blog\/wp-json\/wp\/v2\/pages\/2471\/revisions\/13327"}],"wp:attachment":[{"href":"https:\/\/www.people-abroad.de\/blog\/wp-json\/wp\/v2\/media?parent=2471"}],"curies":[{"name":"wp","href":"https:\/\/api.w.org\/{rel}","templated":true}]}}