{"id":2110,"date":"2016-11-29T22:20:25","date_gmt":"2016-11-29T21:20:25","guid":{"rendered":"http:\/\/www.people-abroad.de\/blog\/?page_id=2110"},"modified":"2023-01-17T10:39:20","modified_gmt":"2023-01-17T09:39:20","slug":"australien-ozeanien","status":"publish","type":"page","link":"https:\/\/www.people-abroad.de\/blog\/australien-ozeanien\/","title":{"rendered":"Ozeanien"},"content":{"rendered":"<div class=\"lcp_catlist\" id=\"lcp_instance_0\"><p><h2><a href=\"https:\/\/www.people-abroad.de\/blog\/tasmanien-sehenswuerdigkeiten\/\">Tasmanien Sehensw\u00fcrdigkeiten &#8211; Highlights &#038; Tipps<\/a><\/h2><div class=\"lcp_excerpt\"><p><a href=\"https:\/\/www.people-abroad.de\/blog\/tasmanien-sehenswuerdigkeiten\/\"><img decoding=\"async\" class=\"alignnone wp-image-26250 size-full\" src=\"https:\/\/www.people-abroad.de\/blog\/wp-content\/uploads\/2022\/03\/tasmanien-sehenswuerdigkeiten.jpg\" alt=\"Tasmanien Sehensw\u00fcrdigkeiten Roadtrip Tipps\" width=\"1000\" height=\"667\" srcset=\"https:\/\/www.people-abroad.de\/blog\/wp-content\/uploads\/2022\/03\/tasmanien-sehenswuerdigkeiten.jpg 1000w, https:\/\/www.people-abroad.de\/blog\/wp-content\/uploads\/2022\/03\/tasmanien-sehenswuerdigkeiten-300x200.jpg 300w, https:\/\/www.people-abroad.de\/blog\/wp-content\/uploads\/2022\/03\/tasmanien-sehenswuerdigkeiten-768x512.jpg 768w, https:\/\/www.people-abroad.de\/blog\/wp-content\/uploads\/2022\/03\/tasmanien-sehenswuerdigkeiten-400x267.jpg 400w\" sizes=\"(max-width: 1000px) 100vw, 1000px\" \/><\/a><\/p>\n<p style=\"text-align: left;\" align=\"LEFT\">Tasmanien ist bekannt f\u00fcr seine ausgedehnten und unber\u00fchrten Naturr\u00e4ume. Hier findest du Infos &amp; Tipps zu den 10 sch\u00f6nsten Tasmanien Sehensw\u00fcrdigkeiten auf der Insel.<\/p>\n<\/div><a href=\"https:\/\/www.people-abroad.de\/blog\/tasmanien-sehenswuerdigkeiten\/\">Mehr...<\/a><\/p><p><h2><a href=\"https:\/\/www.people-abroad.de\/blog\/neuseeland-rundreise\/\">Neuseeland Rundreise: Im Land der Kiwis unterwegs<\/a><\/h2><div class=\"lcp_excerpt\"><p align=\"LEFT\"><a href=\"https:\/\/www.people-abroad.de\/blog\/neuseeland-rundreise\/\"><img decoding=\"async\" class=\"alignleft wp-image-12142 size-full\" style=\"margin-bottom: 25px;\" src=\"https:\/\/www.people-abroad.de\/blog\/wp-content\/uploads\/2019\/05\/neuseeland-rundreise.jpg\" alt=\"Neuseeland Rundreise - im Land der Kiwis\" width=\"1000\" height=\"666\" srcset=\"https:\/\/www.people-abroad.de\/blog\/wp-content\/uploads\/2019\/05\/neuseeland-rundreise.jpg 1000w, https:\/\/www.people-abroad.de\/blog\/wp-content\/uploads\/2019\/05\/neuseeland-rundreise-300x200.jpg 300w, https:\/\/www.people-abroad.de\/blog\/wp-content\/uploads\/2019\/05\/neuseeland-rundreise-768x511.jpg 768w, https:\/\/www.people-abroad.de\/blog\/wp-content\/uploads\/2019\/05\/neuseeland-rundreise-400x266.jpg 400w, https:\/\/www.people-abroad.de\/blog\/wp-content\/uploads\/2019\/05\/neuseeland-rundreise-272x182.jpg 272w\" sizes=\"(max-width: 1000px) 100vw, 1000px\" \/><\/a><\/p>\n<p align=\"LEFT\">Eine Neuseeland Rundreise bedeutet spektakul\u00e4re Landschaften, wilde K\u00fcsten, Vulkane und einsame Buchten. Das Land steht bei vielen weit oben auf der Bucketlist. Ein Roadtrip in Bildern.<\/p>\n<\/div><a href=\"https:\/\/www.people-abroad.de\/blog\/neuseeland-rundreise\/\">Mehr...<\/a><\/p><p><h2><a href=\"https:\/\/www.people-abroad.de\/blog\/australien-roadtrip-durchs-outback\/\">Outback Australien: Roadtrip mit dem Allrad<\/a><\/h2><div class=\"lcp_excerpt\"><p><a href=\"https:\/\/www.people-abroad.de\/blog\/australien-roadtrip-durchs-outback\/\"><img decoding=\"async\" class=\"alignleft wp-image-3044 size-full\" style=\"margin-bottom: 25px;\" src=\"https:\/\/www.people-abroad.de\/blog\/wp-content\/uploads\/2017\/04\/australien-gibb-river-road.jpg\" alt=\"Outback Australien Roadtrip Mietwagen Allrad\" width=\"900\" height=\"450\" srcset=\"https:\/\/www.people-abroad.de\/blog\/wp-content\/uploads\/2017\/04\/australien-gibb-river-road.jpg 900w, https:\/\/www.people-abroad.de\/blog\/wp-content\/uploads\/2017\/04\/australien-gibb-river-road-300x150.jpg 300w, https:\/\/www.people-abroad.de\/blog\/wp-content\/uploads\/2017\/04\/australien-gibb-river-road-768x384.jpg 768w\" sizes=\"(max-width: 900px) 100vw, 900px\" \/><\/a><\/p>\n<p>Outback Australien: Vor zwei Jahren sind Denny und Sarah mit dem Working Holiday Visum in der Tasche in Perth in Australien gelandet. Fast genau zwei Jahre sp\u00e4ter sind sie wieder in Perth, nachdem sie mit dem Auto fast das gesamte Land bereist haben. Dabei haben sie viel erlebt und der Weg war oft staubig oder steinig, denn sie sind meist abseits der Highways auf Pisten gefahren. Hier gibt&#8217;s den Bericht \u00fcber ihren Outback Australien Roadtrip.<\/p>\n<\/div><a href=\"https:\/\/www.people-abroad.de\/blog\/australien-roadtrip-durchs-outback\/\">Mehr...<\/a><\/p><p><h2><a href=\"https:\/\/www.people-abroad.de\/blog\/work-and-travel-in-neuseeland-planen\/\">Work &#038; Travel in Neuseeland planen<\/a><\/h2><div class=\"lcp_excerpt\"><p><a href=\"https:\/\/www.people-abroad.de\/blog\/work-and-travel-in-neuseeland-planen\/\"><img decoding=\"async\" class=\"aligncenter wp-image-1529 \" src=\"https:\/\/www.people-abroad.de\/blog\/wp-content\/uploads\/2016\/07\/Bildschirmfoto-2016-07-04-um-07.54.56.png\" alt=\"Bildschirmfoto 2016-07-04 um 07.54.56\" width=\"940\" height=\"446\" srcset=\"https:\/\/www.people-abroad.de\/blog\/wp-content\/uploads\/2016\/07\/Bildschirmfoto-2016-07-04-um-07.54.56.png 803w, https:\/\/www.people-abroad.de\/blog\/wp-content\/uploads\/2016\/07\/Bildschirmfoto-2016-07-04-um-07.54.56-300x142.png 300w, https:\/\/www.people-abroad.de\/blog\/wp-content\/uploads\/2016\/07\/Bildschirmfoto-2016-07-04-um-07.54.56-768x364.png 768w\" sizes=\"(max-width: 940px) 100vw, 940px\" \/><\/a><\/p>\n<p>F\u00fcr viele Globetrotter steht eine Reise nach Neuseeland ganz oben auf der Wunschliste. Das Land eignet sich aber nicht nur zum Reisen, sondern ist auch ideal f\u00fcr&#8217;s Jobben. Deshalb bietet sich ein Work &amp; Travel-Aufenthalt an, um Land und Leute n\u00e4her kennen zu lernen und f\u00fcr eine l\u00e4ngere Zeit dort zu verweilen. Unser B\u00fccherwurm hat sich durch aktuelle Ver\u00f6ffentlichungen zum Thema Work &amp; Travel in Neuseeland gearbeitet und berichtet, welche B\u00fccher sich lohnen, um deine Zeit in Neuseeland planen zu k\u00f6nnen.<\/p>\n<\/div><a href=\"https:\/\/www.people-abroad.de\/blog\/work-and-travel-in-neuseeland-planen\/\">Mehr...<\/a><\/p><\/div>\n","protected":false},"excerpt":{"rendered":"","protected":false},"author":1,"featured_media":0,"parent":0,"menu_order":0,"comment_status":"closed","ping_status":"closed","template":"","meta":{"_monsterinsights_skip_tracking":false,"_monsterinsights_sitenote_active":false,"_monsterinsights_sitenote_note":"","_monsterinsights_sitenote_category":0,"footnotes":""},"class_list":["post-2110","page","type-page","status-publish","hentry"],"yoast_head":"<!-- This site is optimized with the Yoast SEO plugin v27.5 - https:\/\/yoast.com\/product\/yoast-seo-wordpress\/ -->\n<title>Ozeanien - People Abroad<\/title>\n<meta name=\"description\" content=\"Reiseberichte f\u00fcr die Region Ozeanien mit Reisetipps und n\u00fctzlichen Infos f\u00fcr die individuelle Planung zum Nachreisen.\" \/>\n<meta name=\"robots\" content=\"noindex, follow\" \/>\n<meta property=\"og:locale\" content=\"de_DE\" \/>\n<meta property=\"og:type\" content=\"article\" \/>\n<meta property=\"og:title\" content=\"Ozeanien - People Abroad\" \/>\n<meta property=\"og:description\" content=\"Reiseberichte f\u00fcr die Region Ozeanien mit Reisetipps und n\u00fctzlichen Infos f\u00fcr die individuelle Planung zum Nachreisen.\" \/>\n<meta property=\"og:url\" content=\"https:\/\/www.people-abroad.de\/blog\/australien-ozeanien\/\" \/>\n<meta property=\"og:site_name\" content=\"People Abroad\" \/>\n<meta property=\"article:publisher\" content=\"https:\/\/www.facebook.com\/menschen.international\/\" \/>\n<meta property=\"article:modified_time\" content=\"2023-01-17T09:39:20+00:00\" \/>\n<meta name=\"twitter:card\" content=\"summary_large_image\" \/>\n<meta name=\"twitter:site\" content=\"@People_Abroad\" \/>\n<meta name=\"twitter:label1\" content=\"Gesch\u00e4tzte Lesezeit\" \/>\n\t<meta name=\"twitter:data1\" content=\"1\u00a0Minute\" \/>\n<script type=\"application\/ld+json\" class=\"yoast-schema-graph\">{\"@context\":\"https:\\\/\\\/schema.org\",\"@graph\":[{\"@type\":\"WebPage\",\"@id\":\"https:\\\/\\\/www.people-abroad.de\\\/blog\\\/australien-ozeanien\\\/\",\"url\":\"https:\\\/\\\/www.people-abroad.de\\\/blog\\\/australien-ozeanien\\\/\",\"name\":\"Ozeanien - People Abroad\",\"isPartOf\":{\"@id\":\"https:\\\/\\\/www.people-abroad.de\\\/blog\\\/#website\"},\"datePublished\":\"2016-11-29T21:20:25+00:00\",\"dateModified\":\"2023-01-17T09:39:20+00:00\",\"description\":\"Reiseberichte f\u00fcr die Region Ozeanien mit Reisetipps und n\u00fctzlichen Infos f\u00fcr die individuelle Planung zum Nachreisen.\",\"breadcrumb\":{\"@id\":\"https:\\\/\\\/www.people-abroad.de\\\/blog\\\/australien-ozeanien\\\/#breadcrumb\"},\"inLanguage\":\"de\",\"potentialAction\":[{\"@type\":\"ReadAction\",\"target\":[\"https:\\\/\\\/www.people-abroad.de\\\/blog\\\/australien-ozeanien\\\/\"]}]},{\"@type\":\"BreadcrumbList\",\"@id\":\"https:\\\/\\\/www.people-abroad.de\\\/blog\\\/australien-ozeanien\\\/#breadcrumb\",\"itemListElement\":[{\"@type\":\"ListItem\",\"position\":1,\"name\":\"Startseite\",\"item\":\"https:\\\/\\\/www.people-abroad.de\\\/blog\\\/\"},{\"@type\":\"ListItem\",\"position\":2,\"name\":\"Ozeanien\"}]},{\"@type\":\"WebSite\",\"@id\":\"https:\\\/\\\/www.people-abroad.de\\\/blog\\\/#website\",\"url\":\"https:\\\/\\\/www.people-abroad.de\\\/blog\\\/\",\"name\":\"People Abroad\",\"description\":\"Reiseblog\",\"publisher\":{\"@id\":\"https:\\\/\\\/www.people-abroad.de\\\/blog\\\/#\\\/schema\\\/person\\\/2a518a154d93ee6cf0b146bc327329b3\"},\"potentialAction\":[{\"@type\":\"SearchAction\",\"target\":{\"@type\":\"EntryPoint\",\"urlTemplate\":\"https:\\\/\\\/www.people-abroad.de\\\/blog\\\/?s={search_term_string}\"},\"query-input\":{\"@type\":\"PropertyValueSpecification\",\"valueRequired\":true,\"valueName\":\"search_term_string\"}}],\"inLanguage\":\"de\"},{\"@type\":[\"Person\",\"Organization\"],\"@id\":\"https:\\\/\\\/www.people-abroad.de\\\/blog\\\/#\\\/schema\\\/person\\\/2a518a154d93ee6cf0b146bc327329b3\",\"name\":\"Heiko M\u00fcller\",\"logo\":{\"@id\":\"https:\\\/\\\/www.people-abroad.de\\\/blog\\\/#\\\/schema\\\/person\\\/image\\\/\"},\"description\":\"Ich bin Reiseblogger, Content Creator und Redakteur. Auf Reisen erkunde ich gerne neue Regionen, St\u00e4dte und Orte beim Fotografieren, Wandern und Radfahren. F\u00fcr weitere Reisetipps folge mir auf Instagram. Mehr Infos zum Blog findest du hier: https:\\\/\\\/www.people-abroad.de\\\/blog\\\/pr-media\\\/. Kontakt: h.mueller@people-abroad.de\",\"sameAs\":[\"https:\\\/\\\/www.people-abroad.de\\\/blog\\\/\",\"https:\\\/\\\/www.facebook.com\\\/menschen.international\\\/\",\"https:\\\/\\\/www.instagram.com\\\/people.abroad\\\/\",\"https:\\\/\\\/www.linkedin.com\\\/in\\\/muellerheiko\\\/\",\"https:\\\/\\\/www.pinterest.de\\\/peopleabroad\\\/\",\"https:\\\/\\\/x.com\\\/People_Abroad\",\"https:\\\/\\\/www.youtube.com\\\/user\\\/MenschenInt\"]}]}<\/script>\n<!-- \/ Yoast SEO plugin. -->","yoast_head_json":{"title":"Ozeanien - People Abroad","description":"Reiseberichte f\u00fcr die Region Ozeanien mit Reisetipps und n\u00fctzlichen Infos f\u00fcr die individuelle Planung zum Nachreisen.","robots":{"index":"noindex","follow":"follow"},"og_locale":"de_DE","og_type":"article","og_title":"Ozeanien - People Abroad","og_description":"Reiseberichte f\u00fcr die Region Ozeanien mit Reisetipps und n\u00fctzlichen Infos f\u00fcr die individuelle Planung zum Nachreisen.","og_url":"https:\/\/www.people-abroad.de\/blog\/australien-ozeanien\/","og_site_name":"People Abroad","article_publisher":"https:\/\/www.facebook.com\/menschen.international\/","article_modified_time":"2023-01-17T09:39:20+00:00","twitter_card":"summary_large_image","twitter_site":"@People_Abroad","twitter_misc":{"Gesch\u00e4tzte Lesezeit":"1\u00a0Minute"},"schema":{"@context":"https:\/\/schema.org","@graph":[{"@type":"WebPage","@id":"https:\/\/www.people-abroad.de\/blog\/australien-ozeanien\/","url":"https:\/\/www.people-abroad.de\/blog\/australien-ozeanien\/","name":"Ozeanien - People Abroad","isPartOf":{"@id":"https:\/\/www.people-abroad.de\/blog\/#website"},"datePublished":"2016-11-29T21:20:25+00:00","dateModified":"2023-01-17T09:39:20+00:00","description":"Reiseberichte f\u00fcr die Region Ozeanien mit Reisetipps und n\u00fctzlichen Infos f\u00fcr die individuelle Planung zum Nachreisen.","breadcrumb":{"@id":"https:\/\/www.people-abroad.de\/blog\/australien-ozeanien\/#breadcrumb"},"inLanguage":"de","potentialAction":[{"@type":"ReadAction","target":["https:\/\/www.people-abroad.de\/blog\/australien-ozeanien\/"]}]},{"@type":"BreadcrumbList","@id":"https:\/\/www.people-abroad.de\/blog\/australien-ozeanien\/#breadcrumb","itemListElement":[{"@type":"ListItem","position":1,"name":"Startseite","item":"https:\/\/www.people-abroad.de\/blog\/"},{"@type":"ListItem","position":2,"name":"Ozeanien"}]},{"@type":"WebSite","@id":"https:\/\/www.people-abroad.de\/blog\/#website","url":"https:\/\/www.people-abroad.de\/blog\/","name":"People Abroad","description":"Reiseblog","publisher":{"@id":"https:\/\/www.people-abroad.de\/blog\/#\/schema\/person\/2a518a154d93ee6cf0b146bc327329b3"},"potentialAction":[{"@type":"SearchAction","target":{"@type":"EntryPoint","urlTemplate":"https:\/\/www.people-abroad.de\/blog\/?s={search_term_string}"},"query-input":{"@type":"PropertyValueSpecification","valueRequired":true,"valueName":"search_term_string"}}],"inLanguage":"de"},{"@type":["Person","Organization"],"@id":"https:\/\/www.people-abroad.de\/blog\/#\/schema\/person\/2a518a154d93ee6cf0b146bc327329b3","name":"Heiko M\u00fcller","logo":{"@id":"https:\/\/www.people-abroad.de\/blog\/#\/schema\/person\/image\/"},"description":"Ich bin Reiseblogger, Content Creator und Redakteur. Auf Reisen erkunde ich gerne neue Regionen, St\u00e4dte und Orte beim Fotografieren, Wandern und Radfahren. F\u00fcr weitere Reisetipps folge mir auf Instagram. Mehr Infos zum Blog findest du hier: https:\/\/www.people-abroad.de\/blog\/pr-media\/. Kontakt: h.mueller@people-abroad.de","sameAs":["https:\/\/www.people-abroad.de\/blog\/","https:\/\/www.facebook.com\/menschen.international\/","https:\/\/www.instagram.com\/people.abroad\/","https:\/\/www.linkedin.com\/in\/muellerheiko\/","https:\/\/www.pinterest.de\/peopleabroad\/","https:\/\/x.com\/People_Abroad","https:\/\/www.youtube.com\/user\/MenschenInt"]}]}},"_links":{"self":[{"href":"https:\/\/www.people-abroad.de\/blog\/wp-json\/wp\/v2\/pages\/2110","targetHints":{"allow":["GET"]}}],"collection":[{"href":"https:\/\/www.people-abroad.de\/blog\/wp-json\/wp\/v2\/pages"}],"about":[{"href":"https:\/\/www.people-abroad.de\/blog\/wp-json\/wp\/v2\/types\/page"}],"author":[{"embeddable":true,"href":"https:\/\/www.people-abroad.de\/blog\/wp-json\/wp\/v2\/users\/1"}],"replies":[{"embeddable":true,"href":"https:\/\/www.people-abroad.de\/blog\/wp-json\/wp\/v2\/comments?post=2110"}],"version-history":[{"count":2,"href":"https:\/\/www.people-abroad.de\/blog\/wp-json\/wp\/v2\/pages\/2110\/revisions"}],"predecessor-version":[{"id":14555,"href":"https:\/\/www.people-abroad.de\/blog\/wp-json\/wp\/v2\/pages\/2110\/revisions\/14555"}],"wp:attachment":[{"href":"https:\/\/www.people-abroad.de\/blog\/wp-json\/wp\/v2\/media?parent=2110"}],"curies":[{"name":"wp","href":"https:\/\/api.w.org\/{rel}","templated":true}]}}