{"id":2108,"date":"2016-11-29T22:20:08","date_gmt":"2016-11-29T21:20:08","guid":{"rendered":"http:\/\/www.people-abroad.de\/blog\/?page_id=2108"},"modified":"2023-01-17T10:36:21","modified_gmt":"2023-01-17T09:36:21","slug":"asien","status":"publish","type":"page","link":"https:\/\/www.people-abroad.de\/blog\/asien\/","title":{"rendered":"Asien"},"content":{"rendered":"<div class=\"lcp_catlist\" id=\"lcp_instance_0\"><p><h2><a href=\"https:\/\/www.people-abroad.de\/blog\/taiwan-reise-tipps\/\">Urlaub in Taiwan: Tipps f\u00fcr den Inselstaat in Asien<\/a><\/h2><div class=\"lcp_excerpt\"><p><a href=\"https:\/\/www.people-abroad.de\/blog\/taiwan-reise-tipps\/\"><img decoding=\"async\" class=\"alignnone wp-image-34372 size-large\" src=\"https:\/\/www.people-abroad.de\/blog\/wp-content\/uploads\/2024\/07\/taiwan-reise-tipps-1024x682.jpeg\" alt=\"\" width=\"1024\" height=\"682\" srcset=\"https:\/\/www.people-abroad.de\/blog\/wp-content\/uploads\/2024\/07\/taiwan-reise-tipps-1024x682.jpeg 1024w, https:\/\/www.people-abroad.de\/blog\/wp-content\/uploads\/2024\/07\/taiwan-reise-tipps-300x200.jpeg 300w, https:\/\/www.people-abroad.de\/blog\/wp-content\/uploads\/2024\/07\/taiwan-reise-tipps-768x511.jpeg 768w, https:\/\/www.people-abroad.de\/blog\/wp-content\/uploads\/2024\/07\/taiwan-reise-tipps.jpeg 1200w\" sizes=\"(max-width: 1024px) 100vw, 1024px\" \/><\/a><\/p>\n<p> Moderne St\u00e4dte, traditionelle Tempel, kulinarische K\u00f6stlichkeiten &#8211; eine Reise nach Taiwan ist ein Fest f\u00fcr die Sinne. Tipps f\u00fcr den asiatischen Inselstaat im Westpazifik.<\/p>\n<\/div><a href=\"https:\/\/www.people-abroad.de\/blog\/taiwan-reise-tipps\/\">Mehr...<\/a><\/p><p><h2><a href=\"https:\/\/www.people-abroad.de\/blog\/kuala-lumpur-malaysia\/\">Kuala Lumpur in Malaysia: Tradition trifft Moderne<\/a><\/h2><div class=\"lcp_excerpt\"><p><a href=\"https:\/\/www.people-abroad.de\/blog\/kuala-lumpur-malaysia\/\"><img decoding=\"async\" class=\"alignnone wp-image-33517 size-large\" src=\"https:\/\/www.people-abroad.de\/blog\/wp-content\/uploads\/2024\/05\/kuala-lumpur-malaysia-1024x683.jpeg\" alt=\"Kuala Lumpur Malaysia Hauptstadt Skyline Fernsehturm Menara\" width=\"1024\" height=\"683\" srcset=\"https:\/\/www.people-abroad.de\/blog\/wp-content\/uploads\/2024\/05\/kuala-lumpur-malaysia-1024x683.jpeg 1024w, https:\/\/www.people-abroad.de\/blog\/wp-content\/uploads\/2024\/05\/kuala-lumpur-malaysia-300x200.jpeg 300w, https:\/\/www.people-abroad.de\/blog\/wp-content\/uploads\/2024\/05\/kuala-lumpur-malaysia-768x512.jpeg 768w, https:\/\/www.people-abroad.de\/blog\/wp-content\/uploads\/2024\/05\/kuala-lumpur-malaysia.jpeg 1200w\" sizes=\"(max-width: 1024px) 100vw, 1024px\" \/><\/a><\/p>\n<p>Kuala Lumpur bietet einen spannenden Mix aus Tradition und Moderne. Co-Autorin Corinna hat die Hauptstadt Malaysias besucht und war fasziniert von den verschiedenen Kulturen.<\/p>\n<\/div><a href=\"https:\/\/www.people-abroad.de\/blog\/kuala-lumpur-malaysia\/\">Mehr...<\/a><\/p><p><h2><a href=\"https:\/\/www.people-abroad.de\/blog\/khao-sok-nationalpark\/\">Der Khao Sok Nationalpark in Thailand<\/a><\/h2><div class=\"lcp_excerpt\"><p><a href=\"https:\/\/www.people-abroad.de\/blog\/khao-sok-nationalpark\/\"><img decoding=\"async\" class=\"alignleft wp-image-16859 size-full\" style=\"margin-bottom: 25px;\" src=\"https:\/\/www.people-abroad.de\/blog\/wp-content\/uploads\/2020\/06\/khao-sok-nationalpark-thailand.jpg\" alt=\"Khao Sok Nationalpark Thailand\" width=\"1000\" height=\"667\" srcset=\"https:\/\/www.people-abroad.de\/blog\/wp-content\/uploads\/2020\/06\/khao-sok-nationalpark-thailand.jpg 1000w, https:\/\/www.people-abroad.de\/blog\/wp-content\/uploads\/2020\/06\/khao-sok-nationalpark-thailand-300x200.jpg 300w, https:\/\/www.people-abroad.de\/blog\/wp-content\/uploads\/2020\/06\/khao-sok-nationalpark-thailand-768x512.jpg 768w, https:\/\/www.people-abroad.de\/blog\/wp-content\/uploads\/2020\/06\/khao-sok-nationalpark-thailand-400x267.jpg 400w\" sizes=\"(max-width: 1000px) 100vw, 1000px\" \/><\/a><\/p>\n<p>Die meisten Reisenden verbringen ihren Thailand-Urlaub auf den Inseln. Dabei liegt ein wahrer Schatz im Landesinneren. Co-Autorin Corinna hat den Khao Sok Nationalpark erkundet.<\/p>\n<\/div><a href=\"https:\/\/www.people-abroad.de\/blog\/khao-sok-nationalpark\/\">Mehr...<\/a><\/p><p><h2><a href=\"https:\/\/www.people-abroad.de\/blog\/hanoi-vietnam\/\">Hanoi in Vietnam: Liebe auf den dritten Blick<\/a><\/h2><div class=\"lcp_excerpt\"><p><a href=\"https:\/\/www.people-abroad.de\/blog\/hanoi-vietnam\/\"><img decoding=\"async\" class=\"alignleft wp-image-11936 size-full\" style=\"margin-bottom: 25px;\" src=\"https:\/\/www.people-abroad.de\/blog\/wp-content\/uploads\/2019\/05\/hanoi-tipps-staedtetrip.jpg\" alt=\"Hanoi Vietnam Train Street\" width=\"1000\" height=\"667\" srcset=\"https:\/\/www.people-abroad.de\/blog\/wp-content\/uploads\/2019\/05\/hanoi-tipps-staedtetrip.jpg 1000w, https:\/\/www.people-abroad.de\/blog\/wp-content\/uploads\/2019\/05\/hanoi-tipps-staedtetrip-300x200.jpg 300w, https:\/\/www.people-abroad.de\/blog\/wp-content\/uploads\/2019\/05\/hanoi-tipps-staedtetrip-768x512.jpg 768w, https:\/\/www.people-abroad.de\/blog\/wp-content\/uploads\/2019\/05\/hanoi-tipps-staedtetrip-400x267.jpg 400w, https:\/\/www.people-abroad.de\/blog\/wp-content\/uploads\/2019\/05\/hanoi-tipps-staedtetrip-272x182.jpg 272w\" sizes=\"(max-width: 1000px) 100vw, 1000px\" \/><\/a><\/p>\n<p>Hanoi ist eine pulsierende Metropole. Spannend, chaotisch und voller Leben. Bei Co-Autorin Corinna hat es einige Tage gedauert, bis sie sich begeistern konnte. Daf\u00fcr umso nachhaltiger.<\/p>\n<\/div><a href=\"https:\/\/www.people-abroad.de\/blog\/hanoi-vietnam\/\">Mehr...<\/a><\/p><p><h2><a href=\"https:\/\/www.people-abroad.de\/blog\/roadtrip-mit-dem-motorrad-durch-vietnam\/\">Mit dem Motorrad durch Vietnam &#8211; ein Roadtrip<\/a><\/h2><div class=\"lcp_excerpt\"><p><a href=\"https:\/\/www.people-abroad.de\/blog\/roadtrip-mit-dem-motorrad-durch-vietnam\/\"><img decoding=\"async\" class=\"alignleft wp-image-6301 size-full\" style=\"margin-bottom: 25px;\" src=\"https:\/\/www.people-abroad.de\/blog\/wp-content\/uploads\/2017\/12\/roadtrip-motorrad-vietnam.jpg\" alt=\"Mit dem Motorrad durch Vietnam Roadtrip Asien\" width=\"900\" height=\"675\" srcset=\"https:\/\/www.people-abroad.de\/blog\/wp-content\/uploads\/2017\/12\/roadtrip-motorrad-vietnam.jpg 900w, https:\/\/www.people-abroad.de\/blog\/wp-content\/uploads\/2017\/12\/roadtrip-motorrad-vietnam-300x225.jpg 300w, https:\/\/www.people-abroad.de\/blog\/wp-content\/uploads\/2017\/12\/roadtrip-motorrad-vietnam-768x576.jpg 768w, https:\/\/www.people-abroad.de\/blog\/wp-content\/uploads\/2017\/12\/roadtrip-motorrad-vietnam-400x300.jpg 400w\" sizes=\"(max-width: 900px) 100vw, 900px\" \/><\/a><\/p>\n<p>Mit dem Motorrad durch Vietnam: Philipp Weber und Manuel Gerken waren als Backpacker in Vietnam unterwegs. Da sie landestypisch reisen wollten, haben sie sich ein Motorrad zugelegt und sind damit quer durch&#8217;s Land ged\u00fcst. Von Ho Chi Minh City bis nach Hanoi im Norden. Ein abenteuerlicher Roadtrip.<\/p>\n<\/div><a href=\"https:\/\/www.people-abroad.de\/blog\/roadtrip-mit-dem-motorrad-durch-vietnam\/\">Mehr...<\/a><\/p><p><h2><a href=\"https:\/\/www.people-abroad.de\/blog\/thailand-insel-koh-lipe\/\">Koh Lipe: Trauminsel &#038; Thailands Malediven<\/a><\/h2><div class=\"lcp_excerpt\"><p align=\"LEFT\"><a href=\"https:\/\/www.people-abroad.de\/blog\/thailand-insel-koh-lipe\/\"><img decoding=\"async\" class=\"alignleft wp-image-3244 size-full\" style=\"margin-bottom: 25px;\" src=\"https:\/\/www.people-abroad.de\/blog\/wp-content\/uploads\/2017\/04\/thailand-koh-lipe.jpeg\" alt=\"Koh Lipe Insel Thailand Urlaub\" width=\"900\" height=\"450\" srcset=\"https:\/\/www.people-abroad.de\/blog\/wp-content\/uploads\/2017\/04\/thailand-koh-lipe.jpeg 900w, https:\/\/www.people-abroad.de\/blog\/wp-content\/uploads\/2017\/04\/thailand-koh-lipe-300x150.jpeg 300w, https:\/\/www.people-abroad.de\/blog\/wp-content\/uploads\/2017\/04\/thailand-koh-lipe-768x384.jpeg 768w\" sizes=\"(max-width: 900px) 100vw, 900px\" \/><\/a><\/p>\n<p id=\"yui_3_16_0_ym19_1_1493094300213_16005\" align=\"LEFT\"><span id=\"yui_3_16_0_ym19_1_1493094300213_16003\">Als ich vor einigen Monaten mit einer Freundin am wei\u00dfen Sandstrand der thail\u00e4ndischen Insel Koh Lanta sa\u00df und mit ihr unsere weitere Reiseroute plante, haben wir \u00fcberlegt, ob und &#8211; falls ja &#8211; wie lange wir nach Koh Lipe fahren wollen. Eine Freundin hatte sehr von dieser kleinen, weit s\u00fcdlich gelegenen Insel geschw\u00e4rmt. Bald stand unser Entschluss fest: Los geht&#8217;s!<\/span><\/p>\n<\/div><a href=\"https:\/\/www.people-abroad.de\/blog\/thailand-insel-koh-lipe\/\">Mehr...<\/a><\/p><p><h2><a href=\"https:\/\/www.people-abroad.de\/blog\/varanasi-die-stadt-des-lichts\/\">Varanasi: Reise in die Stadt des Lichts in Indien<\/a><\/h2><div class=\"lcp_excerpt\"><p><a href=\"https:\/\/www.people-abroad.de\/blog\/varanasi-die-stadt-des-lichts\/\"><img decoding=\"async\" class=\"alignleft wp-image-2863 size-full\" style=\"margin-bottom: 25px;\" src=\"https:\/\/www.people-abroad.de\/blog\/wp-content\/uploads\/2017\/03\/varanasi_gauravaroraji.jpg\" alt=\"Varanasi Ganges Indien Asien\" width=\"900\" height=\"450\" srcset=\"https:\/\/www.people-abroad.de\/blog\/wp-content\/uploads\/2017\/03\/varanasi_gauravaroraji.jpg 900w, https:\/\/www.people-abroad.de\/blog\/wp-content\/uploads\/2017\/03\/varanasi_gauravaroraji-300x150.jpg 300w, https:\/\/www.people-abroad.de\/blog\/wp-content\/uploads\/2017\/03\/varanasi_gauravaroraji-768x384.jpg 768w\" sizes=\"(max-width: 900px) 100vw, 900px\" \/><\/a><\/p>\n<p>Die indische Stadt Varanasi hat viele Namen und ebenso viele Beinamen: Benares, Kashi, Stadt des Lichts, Wald der Gl\u00fcckseligkeit, der &#8222;sakrale Ort&#8220; oder &#8222;die (von Shiva) nie Verlassene&#8220;. Noch viel spannender als die mystischen Bezeichnungen ist eine Reise in den Ort am Ganges. Philipp ist hingefahren und \u00fcberrascht worden &#8211; unter anderem auch von Hochwasser.<\/p>\n<\/div><a href=\"https:\/\/www.people-abroad.de\/blog\/varanasi-die-stadt-des-lichts\/\">Mehr...<\/a><\/p><p><h2><a href=\"https:\/\/www.people-abroad.de\/blog\/neue-heimat-thailand\/\">Nesting Nomads: Neue Heimat Thailand<\/a><\/h2><div class=\"lcp_excerpt\"><p><a href=\"https:\/\/www.people-abroad.de\/blog\/neue-heimat-thailand\/\"><img decoding=\"async\" class=\"alignleft wp-image-2729 size-full\" style=\"margin-bottom: 25px;\" src=\"https:\/\/www.people-abroad.de\/blog\/wp-content\/uploads\/2017\/01\/nesting-nomads1.jpg\" alt=\"Neue Heimat Thailand\" width=\"893\" height=\"452\" srcset=\"https:\/\/www.people-abroad.de\/blog\/wp-content\/uploads\/2017\/01\/nesting-nomads1.jpg 893w, https:\/\/www.people-abroad.de\/blog\/wp-content\/uploads\/2017\/01\/nesting-nomads1-300x152.jpg 300w, https:\/\/www.people-abroad.de\/blog\/wp-content\/uploads\/2017\/01\/nesting-nomads1-768x389.jpg 768w\" sizes=\"(max-width: 893px) 100vw, 893px\" \/><\/a><\/p>\n<p>Christian und Victoria gingen vor einigen Jahren auf Weltreise. Mittlerweile reisen sie mit Sohn Liam, leben mehrere Monate im Jahr in Thailand und machen anderen jungen Familien Mut zum Reisen mit Kind. Auf ihrem Blog Nesting Nomads berichten sie \u00fcber das Abenteuer Fernreise als Familie. Neue Heimat Thailand &#8211; wir waren neugierig und haben Christian befragt.<\/p>\n<\/div><a href=\"https:\/\/www.people-abroad.de\/blog\/neue-heimat-thailand\/\">Mehr...<\/a><\/p><p><h2><a href=\"https:\/\/www.people-abroad.de\/blog\/sozial-engagiert-in-sri-lanka\/\">Eliya-Verein: Sozial engagiert in Sri Lanka<\/a><\/h2><div class=\"lcp_excerpt\"><p><a href=\"https:\/\/www.people-abroad.de\/blog\/sozial-engagiert-in-sri-lanka\/\"><img decoding=\"async\" class=\"alignleft size-full wp-image-2217\" style=\"margin-bottom: 25px;\" src=\"https:\/\/www.people-abroad.de\/blog\/wp-content\/uploads\/2016\/12\/eliya-kinderheim1.png\" alt=\"eliya-kinderheim1\" width=\"992\" height=\"543\" srcset=\"https:\/\/www.people-abroad.de\/blog\/wp-content\/uploads\/2016\/12\/eliya-kinderheim1.png 992w, https:\/\/www.people-abroad.de\/blog\/wp-content\/uploads\/2016\/12\/eliya-kinderheim1-300x164.png 300w, https:\/\/www.people-abroad.de\/blog\/wp-content\/uploads\/2016\/12\/eliya-kinderheim1-768x420.png 768w\" sizes=\"(max-width: 992px) 100vw, 992px\" \/><\/a><\/p>\n<p>Angelika Riedlinger ist Kinderkrankenschwester und hat schon Hilfseins\u00e4tze in Nepal, Indien und Sri Lanka absolviert. Heute leitet sie das von ihr gegr\u00fcndete Eliya Kinderheim in Sri Lanka, das sich durch Spendengelder finanziert. Regelm\u00e4\u00dfig sind Freiwillige und Praktikanten aus Deutschland sowie anderen L\u00e4ndern dort und packen tatkr\u00e4ftig mit an. Sozial engagiert in Sri Lanka.<\/p>\n<\/div><a href=\"https:\/\/www.people-abroad.de\/blog\/sozial-engagiert-in-sri-lanka\/\">Mehr...<\/a><\/p><p><h2><a href=\"https:\/\/www.people-abroad.de\/blog\/meine-reise-nach-ladakh\/\">Ladakh in Indien: Backpacker-Trip in Asien<\/a><\/h2><div class=\"lcp_excerpt\"><p><a href=\"https:\/\/www.people-abroad.de\/blog\/meine-reise-nach-ladakh\/\"><img decoding=\"async\" class=\"alignleft wp-image-2195\" style=\"margin-bottom: 25px;\" src=\"https:\/\/www.people-abroad.de\/blog\/wp-content\/uploads\/2016\/12\/philippweber1.png\" alt=\"Ladakh Indien Backpacker Trip Asien\" width=\"923\" height=\"519\" srcset=\"https:\/\/www.people-abroad.de\/blog\/wp-content\/uploads\/2016\/12\/philippweber1.png 809w, https:\/\/www.people-abroad.de\/blog\/wp-content\/uploads\/2016\/12\/philippweber1-300x169.png 300w, https:\/\/www.people-abroad.de\/blog\/wp-content\/uploads\/2016\/12\/philippweber1-768x432.png 768w\" sizes=\"(max-width: 923px) 100vw, 923px\" \/><\/a><\/p>\n<p>Philipp reiste nach seinem Master in Astronomie mehrere Monate als Backpacker durch Asien. Besonders fasziniert war er von Ladakh in Indien. Wegen seiner tibetisch-buddhistischen Kultur wird diese Region gerne auch Klein-Tibet genannt. Doch er fand zu seiner \u00dcberraschung auch muslimische Einfl\u00fcsse. Eine Reise nach Ladakh, im Spannungsbogen zweier Religionen.<\/p>\n<\/div><a href=\"https:\/\/www.people-abroad.de\/blog\/meine-reise-nach-ladakh\/\">Mehr...<\/a><\/p><\/div><ul class='lcp_paginator'><li class='lcp_currentpage'>1<\/li><li><a href='https:\/\/www.people-abroad.de\/blog\/wp-json\/wp\/v2\/pages\/2108?lcp_page0=2#lcp_instance_0' title='2'>2<\/a><\/li><li><a href='https:\/\/www.people-abroad.de\/blog\/wp-json\/wp\/v2\/pages\/2108?lcp_page0=2#lcp_instance_0' title='2' class='lcp_nextlink'>\u00c4ltere Beitr\u00e4ge &gt;&gt;<\/a><\/li><\/ul>\n","protected":false},"excerpt":{"rendered":"","protected":false},"author":1,"featured_media":0,"parent":0,"menu_order":0,"comment_status":"closed","ping_status":"closed","template":"","meta":{"_monsterinsights_skip_tracking":false,"_monsterinsights_sitenote_active":false,"_monsterinsights_sitenote_note":"","_monsterinsights_sitenote_category":0,"footnotes":""},"class_list":["post-2108","page","type-page","status-publish","hentry"],"yoast_head":"<!-- This site is optimized with the Yoast SEO plugin v27.5 - https:\/\/yoast.com\/product\/yoast-seo-wordpress\/ -->\n<title>Asien - People Abroad<\/title>\n<meta name=\"description\" content=\"Reiseberichte f\u00fcr die Region Asien mit Reisetipps und n\u00fctzlichen Infos f\u00fcr die individuelle Planung zum Nachreisen.\" \/>\n<meta name=\"robots\" content=\"noindex, follow\" \/>\n<meta property=\"og:locale\" content=\"de_DE\" \/>\n<meta property=\"og:type\" content=\"article\" \/>\n<meta property=\"og:title\" content=\"Asien - People Abroad\" \/>\n<meta property=\"og:description\" content=\"Reiseberichte f\u00fcr die Region Asien mit Reisetipps und n\u00fctzlichen Infos f\u00fcr die individuelle Planung zum Nachreisen.\" \/>\n<meta property=\"og:url\" content=\"https:\/\/www.people-abroad.de\/blog\/asien\/\" \/>\n<meta property=\"og:site_name\" content=\"People Abroad\" \/>\n<meta property=\"article:publisher\" content=\"https:\/\/www.facebook.com\/menschen.international\/\" \/>\n<meta property=\"article:modified_time\" content=\"2023-01-17T09:36:21+00:00\" \/>\n<meta name=\"twitter:card\" content=\"summary_large_image\" \/>\n<meta name=\"twitter:site\" content=\"@People_Abroad\" \/>\n<meta name=\"twitter:label1\" content=\"Gesch\u00e4tzte Lesezeit\" \/>\n\t<meta name=\"twitter:data1\" content=\"1\u00a0Minute\" \/>\n<script type=\"application\/ld+json\" class=\"yoast-schema-graph\">{\"@context\":\"https:\\\/\\\/schema.org\",\"@graph\":[{\"@type\":\"WebPage\",\"@id\":\"https:\\\/\\\/www.people-abroad.de\\\/blog\\\/asien\\\/\",\"url\":\"https:\\\/\\\/www.people-abroad.de\\\/blog\\\/asien\\\/\",\"name\":\"Asien - People Abroad\",\"isPartOf\":{\"@id\":\"https:\\\/\\\/www.people-abroad.de\\\/blog\\\/#website\"},\"datePublished\":\"2016-11-29T21:20:08+00:00\",\"dateModified\":\"2023-01-17T09:36:21+00:00\",\"description\":\"Reiseberichte f\u00fcr die Region Asien mit Reisetipps und n\u00fctzlichen Infos f\u00fcr die individuelle Planung zum Nachreisen.\",\"breadcrumb\":{\"@id\":\"https:\\\/\\\/www.people-abroad.de\\\/blog\\\/asien\\\/#breadcrumb\"},\"inLanguage\":\"de\",\"potentialAction\":[{\"@type\":\"ReadAction\",\"target\":[\"https:\\\/\\\/www.people-abroad.de\\\/blog\\\/asien\\\/\"]}]},{\"@type\":\"BreadcrumbList\",\"@id\":\"https:\\\/\\\/www.people-abroad.de\\\/blog\\\/asien\\\/#breadcrumb\",\"itemListElement\":[{\"@type\":\"ListItem\",\"position\":1,\"name\":\"Startseite\",\"item\":\"https:\\\/\\\/www.people-abroad.de\\\/blog\\\/\"},{\"@type\":\"ListItem\",\"position\":2,\"name\":\"Asien\"}]},{\"@type\":\"WebSite\",\"@id\":\"https:\\\/\\\/www.people-abroad.de\\\/blog\\\/#website\",\"url\":\"https:\\\/\\\/www.people-abroad.de\\\/blog\\\/\",\"name\":\"People Abroad\",\"description\":\"Reiseblog\",\"publisher\":{\"@id\":\"https:\\\/\\\/www.people-abroad.de\\\/blog\\\/#\\\/schema\\\/person\\\/2a518a154d93ee6cf0b146bc327329b3\"},\"potentialAction\":[{\"@type\":\"SearchAction\",\"target\":{\"@type\":\"EntryPoint\",\"urlTemplate\":\"https:\\\/\\\/www.people-abroad.de\\\/blog\\\/?s={search_term_string}\"},\"query-input\":{\"@type\":\"PropertyValueSpecification\",\"valueRequired\":true,\"valueName\":\"search_term_string\"}}],\"inLanguage\":\"de\"},{\"@type\":[\"Person\",\"Organization\"],\"@id\":\"https:\\\/\\\/www.people-abroad.de\\\/blog\\\/#\\\/schema\\\/person\\\/2a518a154d93ee6cf0b146bc327329b3\",\"name\":\"Heiko M\u00fcller\",\"logo\":{\"@id\":\"https:\\\/\\\/www.people-abroad.de\\\/blog\\\/#\\\/schema\\\/person\\\/image\\\/\"},\"description\":\"Ich bin Reiseblogger, Content Creator und Redakteur. Auf Reisen erkunde ich gerne neue Regionen, St\u00e4dte und Orte beim Fotografieren, Wandern und Radfahren. F\u00fcr weitere Reisetipps folge mir auf Instagram. Mehr Infos zum Blog findest du hier: https:\\\/\\\/www.people-abroad.de\\\/blog\\\/pr-media\\\/. Kontakt: h.mueller@people-abroad.de\",\"sameAs\":[\"https:\\\/\\\/www.people-abroad.de\\\/blog\\\/\",\"https:\\\/\\\/www.facebook.com\\\/menschen.international\\\/\",\"https:\\\/\\\/www.instagram.com\\\/people.abroad\\\/\",\"https:\\\/\\\/www.linkedin.com\\\/in\\\/muellerheiko\\\/\",\"https:\\\/\\\/www.pinterest.de\\\/peopleabroad\\\/\",\"https:\\\/\\\/x.com\\\/People_Abroad\",\"https:\\\/\\\/www.youtube.com\\\/user\\\/MenschenInt\"]}]}<\/script>\n<!-- \/ Yoast SEO plugin. -->","yoast_head_json":{"title":"Asien - People Abroad","description":"Reiseberichte f\u00fcr die Region Asien mit Reisetipps und n\u00fctzlichen Infos f\u00fcr die individuelle Planung zum Nachreisen.","robots":{"index":"noindex","follow":"follow"},"og_locale":"de_DE","og_type":"article","og_title":"Asien - People Abroad","og_description":"Reiseberichte f\u00fcr die Region Asien mit Reisetipps und n\u00fctzlichen Infos f\u00fcr die individuelle Planung zum Nachreisen.","og_url":"https:\/\/www.people-abroad.de\/blog\/asien\/","og_site_name":"People Abroad","article_publisher":"https:\/\/www.facebook.com\/menschen.international\/","article_modified_time":"2023-01-17T09:36:21+00:00","twitter_card":"summary_large_image","twitter_site":"@People_Abroad","twitter_misc":{"Gesch\u00e4tzte Lesezeit":"1\u00a0Minute"},"schema":{"@context":"https:\/\/schema.org","@graph":[{"@type":"WebPage","@id":"https:\/\/www.people-abroad.de\/blog\/asien\/","url":"https:\/\/www.people-abroad.de\/blog\/asien\/","name":"Asien - People Abroad","isPartOf":{"@id":"https:\/\/www.people-abroad.de\/blog\/#website"},"datePublished":"2016-11-29T21:20:08+00:00","dateModified":"2023-01-17T09:36:21+00:00","description":"Reiseberichte f\u00fcr die Region Asien mit Reisetipps und n\u00fctzlichen Infos f\u00fcr die individuelle Planung zum Nachreisen.","breadcrumb":{"@id":"https:\/\/www.people-abroad.de\/blog\/asien\/#breadcrumb"},"inLanguage":"de","potentialAction":[{"@type":"ReadAction","target":["https:\/\/www.people-abroad.de\/blog\/asien\/"]}]},{"@type":"BreadcrumbList","@id":"https:\/\/www.people-abroad.de\/blog\/asien\/#breadcrumb","itemListElement":[{"@type":"ListItem","position":1,"name":"Startseite","item":"https:\/\/www.people-abroad.de\/blog\/"},{"@type":"ListItem","position":2,"name":"Asien"}]},{"@type":"WebSite","@id":"https:\/\/www.people-abroad.de\/blog\/#website","url":"https:\/\/www.people-abroad.de\/blog\/","name":"People Abroad","description":"Reiseblog","publisher":{"@id":"https:\/\/www.people-abroad.de\/blog\/#\/schema\/person\/2a518a154d93ee6cf0b146bc327329b3"},"potentialAction":[{"@type":"SearchAction","target":{"@type":"EntryPoint","urlTemplate":"https:\/\/www.people-abroad.de\/blog\/?s={search_term_string}"},"query-input":{"@type":"PropertyValueSpecification","valueRequired":true,"valueName":"search_term_string"}}],"inLanguage":"de"},{"@type":["Person","Organization"],"@id":"https:\/\/www.people-abroad.de\/blog\/#\/schema\/person\/2a518a154d93ee6cf0b146bc327329b3","name":"Heiko M\u00fcller","logo":{"@id":"https:\/\/www.people-abroad.de\/blog\/#\/schema\/person\/image\/"},"description":"Ich bin Reiseblogger, Content Creator und Redakteur. Auf Reisen erkunde ich gerne neue Regionen, St\u00e4dte und Orte beim Fotografieren, Wandern und Radfahren. F\u00fcr weitere Reisetipps folge mir auf Instagram. Mehr Infos zum Blog findest du hier: https:\/\/www.people-abroad.de\/blog\/pr-media\/. Kontakt: h.mueller@people-abroad.de","sameAs":["https:\/\/www.people-abroad.de\/blog\/","https:\/\/www.facebook.com\/menschen.international\/","https:\/\/www.instagram.com\/people.abroad\/","https:\/\/www.linkedin.com\/in\/muellerheiko\/","https:\/\/www.pinterest.de\/peopleabroad\/","https:\/\/x.com\/People_Abroad","https:\/\/www.youtube.com\/user\/MenschenInt"]}]}},"_links":{"self":[{"href":"https:\/\/www.people-abroad.de\/blog\/wp-json\/wp\/v2\/pages\/2108","targetHints":{"allow":["GET"]}}],"collection":[{"href":"https:\/\/www.people-abroad.de\/blog\/wp-json\/wp\/v2\/pages"}],"about":[{"href":"https:\/\/www.people-abroad.de\/blog\/wp-json\/wp\/v2\/types\/page"}],"author":[{"embeddable":true,"href":"https:\/\/www.people-abroad.de\/blog\/wp-json\/wp\/v2\/users\/1"}],"replies":[{"embeddable":true,"href":"https:\/\/www.people-abroad.de\/blog\/wp-json\/wp\/v2\/comments?post=2108"}],"version-history":[{"count":2,"href":"https:\/\/www.people-abroad.de\/blog\/wp-json\/wp\/v2\/pages\/2108\/revisions"}],"predecessor-version":[{"id":14547,"href":"https:\/\/www.people-abroad.de\/blog\/wp-json\/wp\/v2\/pages\/2108\/revisions\/14547"}],"wp:attachment":[{"href":"https:\/\/www.people-abroad.de\/blog\/wp-json\/wp\/v2\/media?parent=2108"}],"curies":[{"name":"wp","href":"https:\/\/api.w.org\/{rel}","templated":true}]}}