{"id":2105,"date":"2016-11-29T22:19:52","date_gmt":"2016-11-29T21:19:52","guid":{"rendered":"http:\/\/www.people-abroad.de\/blog\/?page_id=2105"},"modified":"2023-01-17T10:33:32","modified_gmt":"2023-01-17T09:33:32","slug":"afrika-naher-osten","status":"publish","type":"page","link":"https:\/\/www.people-abroad.de\/blog\/afrika-naher-osten\/","title":{"rendered":"Afrika"},"content":{"rendered":"<div class=\"lcp_catlist\" id=\"lcp_instance_0\"><p><h2><a href=\"https:\/\/www.people-abroad.de\/blog\/marokko-sehenswuerdigkeiten\/\">Marokko Sehensw\u00fcrdigkeiten: 10 Tipps f\u00fcr die Afrika-Reise<\/a><\/h2><div class=\"lcp_excerpt\"><p><a href=\"https:\/\/www.people-abroad.de\/blog\/marokko-sehenswuerdigkeiten\/\"><img decoding=\"async\" class=\"alignnone wp-image-31301 size-large\" src=\"https:\/\/www.people-abroad.de\/blog\/wp-content\/uploads\/2023\/07\/marokko-sehenswuerdigkeiten-voloubilis-1-1024x683.jpeg\" alt=\"Marokko Sehensw\u00fcrdigkeiten Tipps \" width=\"1024\" height=\"683\" srcset=\"https:\/\/www.people-abroad.de\/blog\/wp-content\/uploads\/2023\/07\/marokko-sehenswuerdigkeiten-voloubilis-1-1024x683.jpeg 1024w, https:\/\/www.people-abroad.de\/blog\/wp-content\/uploads\/2023\/07\/marokko-sehenswuerdigkeiten-voloubilis-1-300x200.jpeg 300w, https:\/\/www.people-abroad.de\/blog\/wp-content\/uploads\/2023\/07\/marokko-sehenswuerdigkeiten-voloubilis-1-768x512.jpeg 768w, https:\/\/www.people-abroad.de\/blog\/wp-content\/uploads\/2023\/07\/marokko-sehenswuerdigkeiten-voloubilis-1.jpeg 1200w\" sizes=\"(max-width: 1024px) 100vw, 1024px\" \/><\/a><\/p>\n<p> Marokko gilt als Tor zu Afrika und lockt mit orientalischen St\u00e4dten, ausgedehnten Str\u00e4nden und faszinierenden W\u00fcsten. Tipps zu den Marokko Sehensw\u00fcrdigkeiten.<\/p>\n<\/div><a href=\"https:\/\/www.people-abroad.de\/blog\/marokko-sehenswuerdigkeiten\/\">Mehr...<\/a><\/p><p><h2><a href=\"https:\/\/www.people-abroad.de\/blog\/max-kirschbaum-asics-frontrunner\/\">Max Kirschbaum auf dem Tafelberg<\/a><\/h2><div class=\"lcp_excerpt\"><p><a href=\"https:\/\/www.people-abroad.de\/blog\/max-kirschbaum-asics-frontrunner\/\"><img decoding=\"async\" class=\"alignleft size-full wp-image-3654\" style=\"margin-bottom: 25px;\" src=\"https:\/\/www.people-abroad.de\/blog\/wp-content\/uploads\/2017\/05\/max-kirschbaum3-vitaminberge.jpg\" alt=\"max-kirschbaum3-vitaminberge\" width=\"900\" height=\"450\" srcset=\"https:\/\/www.people-abroad.de\/blog\/wp-content\/uploads\/2017\/05\/max-kirschbaum3-vitaminberge.jpg 900w, https:\/\/www.people-abroad.de\/blog\/wp-content\/uploads\/2017\/05\/max-kirschbaum3-vitaminberge-300x150.jpg 300w, https:\/\/www.people-abroad.de\/blog\/wp-content\/uploads\/2017\/05\/max-kirschbaum3-vitaminberge-768x384.jpg 768w\" sizes=\"(max-width: 900px) 100vw, 900px\" \/><\/a><\/p>\n<p>Max Kirschbaum ist Ultral\u00e4ufer und seine Spezialit\u00e4t sind Ultramarathon-, Trail- und Berglauf-Veranstaltungen. Je l\u00e4nger und h\u00fcgeliger, desto besser. Mittlerweile l\u00e4uft er nicht mehr nur in seiner Heimat Pfalz, sondern immer wieder auch im Ausland. Erst k\u00fcrzlich zog es ihn f\u00fcr einen mehrt\u00e4tigen Trail in Richtung Tafelberg.<\/p>\n<\/div><a href=\"https:\/\/www.people-abroad.de\/blog\/max-kirschbaum-asics-frontrunner\/\">Mehr...<\/a><\/p><p><h2><a href=\"https:\/\/www.people-abroad.de\/blog\/sandduenen-und-autopannen-in-namibia\/\">Namibia: Roadtrip mit dem Mietwagen<\/a><\/h2><div class=\"lcp_excerpt\"><p><a href=\"https:\/\/www.people-abroad.de\/blog\/sandduenen-und-autopannen-in-namibia\/\"><img decoding=\"async\" class=\"alignleft wp-image-2770 size-full\" style=\"margin-bottom: 25px;\" src=\"https:\/\/www.people-abroad.de\/blog\/wp-content\/uploads\/2017\/03\/namibia_ninakunkelmann1.jpg\" alt=\"Namibia Roadtrip Rundreise\" width=\"920\" height=\"455\" srcset=\"https:\/\/www.people-abroad.de\/blog\/wp-content\/uploads\/2017\/03\/namibia_ninakunkelmann1.jpg 920w, https:\/\/www.people-abroad.de\/blog\/wp-content\/uploads\/2017\/03\/namibia_ninakunkelmann1-300x148.jpg 300w, https:\/\/www.people-abroad.de\/blog\/wp-content\/uploads\/2017\/03\/namibia_ninakunkelmann1-768x380.jpg 768w\" sizes=\"(max-width: 920px) 100vw, 920px\" \/><\/a><\/p>\n<p>Nina startet mit zwei Freundinnen zu einem Roadtrip durch Namibia. Unterwegs erleben die drei Backpacker jede Menge spannender Momente: beeindruckende Sandd\u00fcnen, unendliche Weiten, mehrere Autopannen und einen lebensm\u00fcden Vogel. Aus diesen Eindr\u00fccken ist ein neuer Blog-Beitrag entstanden, und hier findet ihr die ganze Geschichte.<\/p>\n<\/div><a href=\"https:\/\/www.people-abroad.de\/blog\/sandduenen-und-autopannen-in-namibia\/\">Mehr...<\/a><\/p><\/div>\n","protected":false},"excerpt":{"rendered":"","protected":false},"author":1,"featured_media":0,"parent":0,"menu_order":0,"comment_status":"closed","ping_status":"closed","template":"","meta":{"_monsterinsights_skip_tracking":false,"_monsterinsights_sitenote_active":false,"_monsterinsights_sitenote_note":"","_monsterinsights_sitenote_category":0,"footnotes":""},"class_list":["post-2105","page","type-page","status-publish","hentry"],"yoast_head":"<!-- This site is optimized with the Yoast SEO plugin v27.5 - https:\/\/yoast.com\/product\/yoast-seo-wordpress\/ -->\n<title>Afrika - People Abroad<\/title>\n<meta name=\"description\" content=\"Reiseberichte f\u00fcr die Region Afrika und Naher Osten mit Reisetipps f\u00fcr die individuelle Planung zum Nachreisen.\" \/>\n<meta name=\"robots\" content=\"noindex, follow\" \/>\n<meta property=\"og:locale\" content=\"de_DE\" \/>\n<meta property=\"og:type\" content=\"article\" \/>\n<meta property=\"og:title\" content=\"Afrika - People Abroad\" \/>\n<meta property=\"og:description\" content=\"Reiseberichte f\u00fcr die Region Afrika und Naher Osten mit Reisetipps f\u00fcr die individuelle Planung zum Nachreisen.\" \/>\n<meta property=\"og:url\" content=\"https:\/\/www.people-abroad.de\/blog\/afrika-naher-osten\/\" \/>\n<meta property=\"og:site_name\" content=\"People Abroad\" \/>\n<meta property=\"article:publisher\" content=\"https:\/\/www.facebook.com\/menschen.international\/\" \/>\n<meta property=\"article:modified_time\" content=\"2023-01-17T09:33:32+00:00\" \/>\n<meta name=\"twitter:card\" content=\"summary_large_image\" \/>\n<meta name=\"twitter:site\" content=\"@People_Abroad\" \/>\n<meta name=\"twitter:label1\" content=\"Gesch\u00e4tzte Lesezeit\" \/>\n\t<meta name=\"twitter:data1\" content=\"1\u00a0Minute\" \/>\n<script type=\"application\/ld+json\" class=\"yoast-schema-graph\">{\"@context\":\"https:\\\/\\\/schema.org\",\"@graph\":[{\"@type\":\"WebPage\",\"@id\":\"https:\\\/\\\/www.people-abroad.de\\\/blog\\\/afrika-naher-osten\\\/\",\"url\":\"https:\\\/\\\/www.people-abroad.de\\\/blog\\\/afrika-naher-osten\\\/\",\"name\":\"Afrika - People Abroad\",\"isPartOf\":{\"@id\":\"https:\\\/\\\/www.people-abroad.de\\\/blog\\\/#website\"},\"datePublished\":\"2016-11-29T21:19:52+00:00\",\"dateModified\":\"2023-01-17T09:33:32+00:00\",\"description\":\"Reiseberichte f\u00fcr die Region Afrika und Naher Osten mit Reisetipps f\u00fcr die individuelle Planung zum Nachreisen.\",\"breadcrumb\":{\"@id\":\"https:\\\/\\\/www.people-abroad.de\\\/blog\\\/afrika-naher-osten\\\/#breadcrumb\"},\"inLanguage\":\"de\",\"potentialAction\":[{\"@type\":\"ReadAction\",\"target\":[\"https:\\\/\\\/www.people-abroad.de\\\/blog\\\/afrika-naher-osten\\\/\"]}]},{\"@type\":\"BreadcrumbList\",\"@id\":\"https:\\\/\\\/www.people-abroad.de\\\/blog\\\/afrika-naher-osten\\\/#breadcrumb\",\"itemListElement\":[{\"@type\":\"ListItem\",\"position\":1,\"name\":\"Startseite\",\"item\":\"https:\\\/\\\/www.people-abroad.de\\\/blog\\\/\"},{\"@type\":\"ListItem\",\"position\":2,\"name\":\"Afrika\"}]},{\"@type\":\"WebSite\",\"@id\":\"https:\\\/\\\/www.people-abroad.de\\\/blog\\\/#website\",\"url\":\"https:\\\/\\\/www.people-abroad.de\\\/blog\\\/\",\"name\":\"People Abroad\",\"description\":\"Reiseblog\",\"publisher\":{\"@id\":\"https:\\\/\\\/www.people-abroad.de\\\/blog\\\/#\\\/schema\\\/person\\\/2a518a154d93ee6cf0b146bc327329b3\"},\"potentialAction\":[{\"@type\":\"SearchAction\",\"target\":{\"@type\":\"EntryPoint\",\"urlTemplate\":\"https:\\\/\\\/www.people-abroad.de\\\/blog\\\/?s={search_term_string}\"},\"query-input\":{\"@type\":\"PropertyValueSpecification\",\"valueRequired\":true,\"valueName\":\"search_term_string\"}}],\"inLanguage\":\"de\"},{\"@type\":[\"Person\",\"Organization\"],\"@id\":\"https:\\\/\\\/www.people-abroad.de\\\/blog\\\/#\\\/schema\\\/person\\\/2a518a154d93ee6cf0b146bc327329b3\",\"name\":\"Heiko M\u00fcller\",\"logo\":{\"@id\":\"https:\\\/\\\/www.people-abroad.de\\\/blog\\\/#\\\/schema\\\/person\\\/image\\\/\"},\"description\":\"Ich bin Reiseblogger, Content Creator und Redakteur. Auf Reisen erkunde ich gerne neue Regionen, St\u00e4dte und Orte beim Fotografieren, Wandern und Radfahren. F\u00fcr weitere Reisetipps folge mir auf Instagram. Mehr Infos zum Blog findest du hier: https:\\\/\\\/www.people-abroad.de\\\/blog\\\/pr-media\\\/. Kontakt: h.mueller@people-abroad.de\",\"sameAs\":[\"https:\\\/\\\/www.people-abroad.de\\\/blog\\\/\",\"https:\\\/\\\/www.facebook.com\\\/menschen.international\\\/\",\"https:\\\/\\\/www.instagram.com\\\/people.abroad\\\/\",\"https:\\\/\\\/www.linkedin.com\\\/in\\\/muellerheiko\\\/\",\"https:\\\/\\\/www.pinterest.de\\\/peopleabroad\\\/\",\"https:\\\/\\\/x.com\\\/People_Abroad\",\"https:\\\/\\\/www.youtube.com\\\/user\\\/MenschenInt\"]}]}<\/script>\n<!-- \/ Yoast SEO plugin. -->","yoast_head_json":{"title":"Afrika - People Abroad","description":"Reiseberichte f\u00fcr die Region Afrika und Naher Osten mit Reisetipps f\u00fcr die individuelle Planung zum Nachreisen.","robots":{"index":"noindex","follow":"follow"},"og_locale":"de_DE","og_type":"article","og_title":"Afrika - People Abroad","og_description":"Reiseberichte f\u00fcr die Region Afrika und Naher Osten mit Reisetipps f\u00fcr die individuelle Planung zum Nachreisen.","og_url":"https:\/\/www.people-abroad.de\/blog\/afrika-naher-osten\/","og_site_name":"People Abroad","article_publisher":"https:\/\/www.facebook.com\/menschen.international\/","article_modified_time":"2023-01-17T09:33:32+00:00","twitter_card":"summary_large_image","twitter_site":"@People_Abroad","twitter_misc":{"Gesch\u00e4tzte Lesezeit":"1\u00a0Minute"},"schema":{"@context":"https:\/\/schema.org","@graph":[{"@type":"WebPage","@id":"https:\/\/www.people-abroad.de\/blog\/afrika-naher-osten\/","url":"https:\/\/www.people-abroad.de\/blog\/afrika-naher-osten\/","name":"Afrika - People Abroad","isPartOf":{"@id":"https:\/\/www.people-abroad.de\/blog\/#website"},"datePublished":"2016-11-29T21:19:52+00:00","dateModified":"2023-01-17T09:33:32+00:00","description":"Reiseberichte f\u00fcr die Region Afrika und Naher Osten mit Reisetipps f\u00fcr die individuelle Planung zum Nachreisen.","breadcrumb":{"@id":"https:\/\/www.people-abroad.de\/blog\/afrika-naher-osten\/#breadcrumb"},"inLanguage":"de","potentialAction":[{"@type":"ReadAction","target":["https:\/\/www.people-abroad.de\/blog\/afrika-naher-osten\/"]}]},{"@type":"BreadcrumbList","@id":"https:\/\/www.people-abroad.de\/blog\/afrika-naher-osten\/#breadcrumb","itemListElement":[{"@type":"ListItem","position":1,"name":"Startseite","item":"https:\/\/www.people-abroad.de\/blog\/"},{"@type":"ListItem","position":2,"name":"Afrika"}]},{"@type":"WebSite","@id":"https:\/\/www.people-abroad.de\/blog\/#website","url":"https:\/\/www.people-abroad.de\/blog\/","name":"People Abroad","description":"Reiseblog","publisher":{"@id":"https:\/\/www.people-abroad.de\/blog\/#\/schema\/person\/2a518a154d93ee6cf0b146bc327329b3"},"potentialAction":[{"@type":"SearchAction","target":{"@type":"EntryPoint","urlTemplate":"https:\/\/www.people-abroad.de\/blog\/?s={search_term_string}"},"query-input":{"@type":"PropertyValueSpecification","valueRequired":true,"valueName":"search_term_string"}}],"inLanguage":"de"},{"@type":["Person","Organization"],"@id":"https:\/\/www.people-abroad.de\/blog\/#\/schema\/person\/2a518a154d93ee6cf0b146bc327329b3","name":"Heiko M\u00fcller","logo":{"@id":"https:\/\/www.people-abroad.de\/blog\/#\/schema\/person\/image\/"},"description":"Ich bin Reiseblogger, Content Creator und Redakteur. Auf Reisen erkunde ich gerne neue Regionen, St\u00e4dte und Orte beim Fotografieren, Wandern und Radfahren. F\u00fcr weitere Reisetipps folge mir auf Instagram. Mehr Infos zum Blog findest du hier: https:\/\/www.people-abroad.de\/blog\/pr-media\/. Kontakt: h.mueller@people-abroad.de","sameAs":["https:\/\/www.people-abroad.de\/blog\/","https:\/\/www.facebook.com\/menschen.international\/","https:\/\/www.instagram.com\/people.abroad\/","https:\/\/www.linkedin.com\/in\/muellerheiko\/","https:\/\/www.pinterest.de\/peopleabroad\/","https:\/\/x.com\/People_Abroad","https:\/\/www.youtube.com\/user\/MenschenInt"]}]}},"_links":{"self":[{"href":"https:\/\/www.people-abroad.de\/blog\/wp-json\/wp\/v2\/pages\/2105","targetHints":{"allow":["GET"]}}],"collection":[{"href":"https:\/\/www.people-abroad.de\/blog\/wp-json\/wp\/v2\/pages"}],"about":[{"href":"https:\/\/www.people-abroad.de\/blog\/wp-json\/wp\/v2\/types\/page"}],"author":[{"embeddable":true,"href":"https:\/\/www.people-abroad.de\/blog\/wp-json\/wp\/v2\/users\/1"}],"replies":[{"embeddable":true,"href":"https:\/\/www.people-abroad.de\/blog\/wp-json\/wp\/v2\/comments?post=2105"}],"version-history":[{"count":2,"href":"https:\/\/www.people-abroad.de\/blog\/wp-json\/wp\/v2\/pages\/2105\/revisions"}],"predecessor-version":[{"id":14548,"href":"https:\/\/www.people-abroad.de\/blog\/wp-json\/wp\/v2\/pages\/2105\/revisions\/14548"}],"wp:attachment":[{"href":"https:\/\/www.people-abroad.de\/blog\/wp-json\/wp\/v2\/media?parent=2105"}],"curies":[{"name":"wp","href":"https:\/\/api.w.org\/{rel}","templated":true}]}}