{"id":2027,"date":"2016-11-23T00:50:18","date_gmt":"2016-11-22T23:50:18","guid":{"rendered":"http:\/\/www.people-abroad.de\/blog\/?page_id=2027"},"modified":"2023-01-17T10:41:24","modified_gmt":"2023-01-17T09:41:24","slug":"dkb-bank","status":"publish","type":"page","link":"https:\/\/www.people-abroad.de\/blog\/dkb-bank\/","title":{"rendered":"Anzeige | Bargeld auf Reisen"},"content":{"rendered":"<p><!-- BEGINN des zanox-affiliate HTML-Code --><\/p>\n<p>Auch wenn viele eine EC-Karte mit auf ihre Reise nehmen, ist f\u00fcr die meisten Reisenden die erste Wahl doch eine Kreditkarte, um unterwegs Geld abzuheben und auch im Notfall schnell an Bargeld zu kommen. Bei Reisenden, Globetrottern, Reisebloggern und digitalen Nomaden ist die VISA Card der Deutschen Kreditbank (DKB) besonders beliebt. Warum eigentlich?<\/p>\n<p>Die Kreditkarte ist kostenlos und es gibt keine j\u00e4hrlichen Geb\u00fchren. Verzinsung und Dispo-Zinsen sind im Vergleich zu anderen Banken sehr g\u00fcnstig und man kann die DKB-Karte bequem online beantragen. Auch das zur Kreditkarte dazugeh\u00f6rige Girokonto ist kostenlos.<\/p>\n<p>Die Deutsche Kreditbank erhebt keine Geb\u00fchren, wenn man im Ausland Geld abhebt. Hinweis: die meisten ausl\u00e4ndischen Banken berechnen allerdings eine zus\u00e4tzliche Geb\u00fchr f\u00fcr Transaktionen. In EU-L\u00e4ndern kann man aber mit der DKB-Karte geb\u00fchrenfrei Geld abheben.<\/p>\n<p>Aus den genannten Gr\u00fcnden empfehlen wir &#8211; wie auch viele andere Globetrotter und Reiseblogger &#8211; die VISA Card Kreditkarte der DKB f\u00fcr deine n\u00e4chste Reise. Hier kannst du direkt dein DKB-Cash-Konto er\u00f6ffnen und deine Karte beantragen.<br \/>\n<!-- ( Der HTML-Code darf im Sinne der einwandfreien Funktionalit\u00e4t nicht ver\u00e4ndert werden! ) --><\/p>\n<p><!-- ENDE des zanox-affiliate HTML-Code --><\/p>\n<p>&nbsp;<\/p>\n","protected":false},"excerpt":{"rendered":"<p>Auch wenn viele eine EC-Karte mit auf ihre Reise nehmen, ist f\u00fcr die meisten Reisenden die erste Wahl doch eine Kreditkarte, um unterwegs Geld abzuheben und auch im Notfall schnell an Bargeld zu kommen. Bei Reisenden, Globetrottern, Reisebloggern und digitalen Nomaden ist die VISA Card der Deutschen Kreditbank (DKB) besonders beliebt. Warum eigentlich? Die Kreditkarte [&hellip;]<\/p>\n","protected":false},"author":1,"featured_media":0,"parent":0,"menu_order":0,"comment_status":"closed","ping_status":"closed","template":"","meta":{"_monsterinsights_skip_tracking":false,"_monsterinsights_sitenote_active":false,"_monsterinsights_sitenote_note":"","_monsterinsights_sitenote_category":0,"footnotes":""},"class_list":["post-2027","page","type-page","status-publish","hentry"],"yoast_head":"<!-- This site is optimized with the Yoast SEO plugin v27.3 - https:\/\/yoast.com\/product\/yoast-seo-wordpress\/ -->\n<title>Anzeige | Bargeld auf Reisen - People Abroad<\/title>\n<meta name=\"description\" content=\"Die DKB-Kreditkarte ist kostenlos und es gibt keine j\u00e4hrlichen Geb\u00fchren. Verzinsung und Dispo-Zinsen sind sehr g\u00fcnstig.\" \/>\n<meta name=\"robots\" content=\"noindex, follow\" \/>\n<meta property=\"og:locale\" content=\"de_DE\" \/>\n<meta property=\"og:type\" content=\"article\" \/>\n<meta property=\"og:title\" content=\"Anzeige | Bargeld auf Reisen - People Abroad\" \/>\n<meta property=\"og:description\" content=\"Die DKB-Kreditkarte ist kostenlos und es gibt keine j\u00e4hrlichen Geb\u00fchren. Verzinsung und Dispo-Zinsen sind sehr g\u00fcnstig.\" \/>\n<meta property=\"og:url\" content=\"https:\/\/www.people-abroad.de\/blog\/dkb-bank\/\" \/>\n<meta property=\"og:site_name\" content=\"People Abroad\" \/>\n<meta property=\"article:publisher\" content=\"https:\/\/www.facebook.com\/menschen.international\/\" \/>\n<meta property=\"article:modified_time\" content=\"2023-01-17T09:41:24+00:00\" \/>\n<meta name=\"twitter:card\" content=\"summary_large_image\" \/>\n<meta name=\"twitter:site\" content=\"@People_Abroad\" \/>\n<meta name=\"twitter:label1\" content=\"Gesch\u00e4tzte Lesezeit\" \/>\n\t<meta name=\"twitter:data1\" content=\"1\u00a0Minute\" \/>\n<script type=\"application\/ld+json\" class=\"yoast-schema-graph\">{\"@context\":\"https:\\\/\\\/schema.org\",\"@graph\":[{\"@type\":\"WebPage\",\"@id\":\"https:\\\/\\\/www.people-abroad.de\\\/blog\\\/dkb-bank\\\/\",\"url\":\"https:\\\/\\\/www.people-abroad.de\\\/blog\\\/dkb-bank\\\/\",\"name\":\"Anzeige | Bargeld auf Reisen - People Abroad\",\"isPartOf\":{\"@id\":\"https:\\\/\\\/www.people-abroad.de\\\/blog\\\/#website\"},\"datePublished\":\"2016-11-22T23:50:18+00:00\",\"dateModified\":\"2023-01-17T09:41:24+00:00\",\"description\":\"Die DKB-Kreditkarte ist kostenlos und es gibt keine j\u00e4hrlichen Geb\u00fchren. Verzinsung und Dispo-Zinsen sind sehr g\u00fcnstig.\",\"breadcrumb\":{\"@id\":\"https:\\\/\\\/www.people-abroad.de\\\/blog\\\/dkb-bank\\\/#breadcrumb\"},\"inLanguage\":\"de\",\"potentialAction\":[{\"@type\":\"ReadAction\",\"target\":[\"https:\\\/\\\/www.people-abroad.de\\\/blog\\\/dkb-bank\\\/\"]}]},{\"@type\":\"BreadcrumbList\",\"@id\":\"https:\\\/\\\/www.people-abroad.de\\\/blog\\\/dkb-bank\\\/#breadcrumb\",\"itemListElement\":[{\"@type\":\"ListItem\",\"position\":1,\"name\":\"Startseite\",\"item\":\"https:\\\/\\\/www.people-abroad.de\\\/blog\\\/\"},{\"@type\":\"ListItem\",\"position\":2,\"name\":\"Anzeige | Bargeld auf Reisen\"}]},{\"@type\":\"WebSite\",\"@id\":\"https:\\\/\\\/www.people-abroad.de\\\/blog\\\/#website\",\"url\":\"https:\\\/\\\/www.people-abroad.de\\\/blog\\\/\",\"name\":\"People Abroad\",\"description\":\"Reiseblog\",\"publisher\":{\"@id\":\"https:\\\/\\\/www.people-abroad.de\\\/blog\\\/#\\\/schema\\\/person\\\/2a518a154d93ee6cf0b146bc327329b3\"},\"potentialAction\":[{\"@type\":\"SearchAction\",\"target\":{\"@type\":\"EntryPoint\",\"urlTemplate\":\"https:\\\/\\\/www.people-abroad.de\\\/blog\\\/?s={search_term_string}\"},\"query-input\":{\"@type\":\"PropertyValueSpecification\",\"valueRequired\":true,\"valueName\":\"search_term_string\"}}],\"inLanguage\":\"de\"},{\"@type\":[\"Person\",\"Organization\"],\"@id\":\"https:\\\/\\\/www.people-abroad.de\\\/blog\\\/#\\\/schema\\\/person\\\/2a518a154d93ee6cf0b146bc327329b3\",\"name\":\"Heiko M\u00fcller\",\"logo\":{\"@id\":\"https:\\\/\\\/www.people-abroad.de\\\/blog\\\/#\\\/schema\\\/person\\\/image\\\/\"},\"description\":\"Ich bin Reiseblogger, Content Creator und Redakteur. Auf Reisen erkunde ich gerne neue Regionen, St\u00e4dte und Orte beim Fotografieren, Wandern und Radfahren. F\u00fcr weitere Reisetipps folge mir auf Instagram, Facebook &amp; Co. Mehr Infos zum Blog findest du hier: https:\\\/\\\/www.people-abroad.de\\\/blog\\\/pr-media\\\/. Kontakt: h.mueller@people-abroad.de\",\"sameAs\":[\"https:\\\/\\\/www.people-abroad.de\\\/blog\\\/\",\"https:\\\/\\\/www.facebook.com\\\/menschen.international\\\/\",\"https:\\\/\\\/www.instagram.com\\\/people.abroad\\\/\",\"https:\\\/\\\/www.linkedin.com\\\/in\\\/muellerheiko\\\/\",\"https:\\\/\\\/www.pinterest.de\\\/peopleabroad\\\/\",\"https:\\\/\\\/x.com\\\/People_Abroad\",\"https:\\\/\\\/www.youtube.com\\\/user\\\/MenschenInt\"]}]}<\/script>\n<!-- \/ Yoast SEO plugin. -->","yoast_head_json":{"title":"Anzeige | Bargeld auf Reisen - People Abroad","description":"Die DKB-Kreditkarte ist kostenlos und es gibt keine j\u00e4hrlichen Geb\u00fchren. Verzinsung und Dispo-Zinsen sind sehr g\u00fcnstig.","robots":{"index":"noindex","follow":"follow"},"og_locale":"de_DE","og_type":"article","og_title":"Anzeige | Bargeld auf Reisen - People Abroad","og_description":"Die DKB-Kreditkarte ist kostenlos und es gibt keine j\u00e4hrlichen Geb\u00fchren. Verzinsung und Dispo-Zinsen sind sehr g\u00fcnstig.","og_url":"https:\/\/www.people-abroad.de\/blog\/dkb-bank\/","og_site_name":"People Abroad","article_publisher":"https:\/\/www.facebook.com\/menschen.international\/","article_modified_time":"2023-01-17T09:41:24+00:00","twitter_card":"summary_large_image","twitter_site":"@People_Abroad","twitter_misc":{"Gesch\u00e4tzte Lesezeit":"1\u00a0Minute"},"schema":{"@context":"https:\/\/schema.org","@graph":[{"@type":"WebPage","@id":"https:\/\/www.people-abroad.de\/blog\/dkb-bank\/","url":"https:\/\/www.people-abroad.de\/blog\/dkb-bank\/","name":"Anzeige | Bargeld auf Reisen - People Abroad","isPartOf":{"@id":"https:\/\/www.people-abroad.de\/blog\/#website"},"datePublished":"2016-11-22T23:50:18+00:00","dateModified":"2023-01-17T09:41:24+00:00","description":"Die DKB-Kreditkarte ist kostenlos und es gibt keine j\u00e4hrlichen Geb\u00fchren. Verzinsung und Dispo-Zinsen sind sehr g\u00fcnstig.","breadcrumb":{"@id":"https:\/\/www.people-abroad.de\/blog\/dkb-bank\/#breadcrumb"},"inLanguage":"de","potentialAction":[{"@type":"ReadAction","target":["https:\/\/www.people-abroad.de\/blog\/dkb-bank\/"]}]},{"@type":"BreadcrumbList","@id":"https:\/\/www.people-abroad.de\/blog\/dkb-bank\/#breadcrumb","itemListElement":[{"@type":"ListItem","position":1,"name":"Startseite","item":"https:\/\/www.people-abroad.de\/blog\/"},{"@type":"ListItem","position":2,"name":"Anzeige | Bargeld auf Reisen"}]},{"@type":"WebSite","@id":"https:\/\/www.people-abroad.de\/blog\/#website","url":"https:\/\/www.people-abroad.de\/blog\/","name":"People Abroad","description":"Reiseblog","publisher":{"@id":"https:\/\/www.people-abroad.de\/blog\/#\/schema\/person\/2a518a154d93ee6cf0b146bc327329b3"},"potentialAction":[{"@type":"SearchAction","target":{"@type":"EntryPoint","urlTemplate":"https:\/\/www.people-abroad.de\/blog\/?s={search_term_string}"},"query-input":{"@type":"PropertyValueSpecification","valueRequired":true,"valueName":"search_term_string"}}],"inLanguage":"de"},{"@type":["Person","Organization"],"@id":"https:\/\/www.people-abroad.de\/blog\/#\/schema\/person\/2a518a154d93ee6cf0b146bc327329b3","name":"Heiko M\u00fcller","logo":{"@id":"https:\/\/www.people-abroad.de\/blog\/#\/schema\/person\/image\/"},"description":"Ich bin Reiseblogger, Content Creator und Redakteur. Auf Reisen erkunde ich gerne neue Regionen, St\u00e4dte und Orte beim Fotografieren, Wandern und Radfahren. F\u00fcr weitere Reisetipps folge mir auf Instagram, Facebook &amp; Co. Mehr Infos zum Blog findest du hier: https:\/\/www.people-abroad.de\/blog\/pr-media\/. Kontakt: h.mueller@people-abroad.de","sameAs":["https:\/\/www.people-abroad.de\/blog\/","https:\/\/www.facebook.com\/menschen.international\/","https:\/\/www.instagram.com\/people.abroad\/","https:\/\/www.linkedin.com\/in\/muellerheiko\/","https:\/\/www.pinterest.de\/peopleabroad\/","https:\/\/x.com\/People_Abroad","https:\/\/www.youtube.com\/user\/MenschenInt"]}]}},"_links":{"self":[{"href":"https:\/\/www.people-abroad.de\/blog\/wp-json\/wp\/v2\/pages\/2027","targetHints":{"allow":["GET"]}}],"collection":[{"href":"https:\/\/www.people-abroad.de\/blog\/wp-json\/wp\/v2\/pages"}],"about":[{"href":"https:\/\/www.people-abroad.de\/blog\/wp-json\/wp\/v2\/types\/page"}],"author":[{"embeddable":true,"href":"https:\/\/www.people-abroad.de\/blog\/wp-json\/wp\/v2\/users\/1"}],"replies":[{"embeddable":true,"href":"https:\/\/www.people-abroad.de\/blog\/wp-json\/wp\/v2\/comments?post=2027"}],"version-history":[{"count":3,"href":"https:\/\/www.people-abroad.de\/blog\/wp-json\/wp\/v2\/pages\/2027\/revisions"}],"predecessor-version":[{"id":24953,"href":"https:\/\/www.people-abroad.de\/blog\/wp-json\/wp\/v2\/pages\/2027\/revisions\/24953"}],"wp:attachment":[{"href":"https:\/\/www.people-abroad.de\/blog\/wp-json\/wp\/v2\/media?parent=2027"}],"curies":[{"name":"wp","href":"https:\/\/api.w.org\/{rel}","templated":true}]}}