{"id":1641,"date":"2016-08-31T16:15:31","date_gmt":"2016-08-31T14:15:31","guid":{"rendered":"http:\/\/www.people-abroad.de\/blog\/?page_id=1641"},"modified":"2023-01-17T11:29:09","modified_gmt":"2023-01-17T10:29:09","slug":"geocaching-travelbug","status":"publish","type":"page","link":"https:\/\/www.people-abroad.de\/blog\/geocaching-travelbug\/","title":{"rendered":"Geocaching"},"content":{"rendered":"<p>&#8222;People Abroad goes Geocaching!&#8220; &#8211; Als offenes Netzwerk f\u00fcr Reiseliebhaber und Globetrotter sind wir von Natur aus sehr offen f\u00fcr Outdoor-Themen aller Art. Kein Wunder, dass wir fr\u00fcher oder sp\u00e4ter \u00fcber das Thema Geocaching stolpern mussten. Um es gleich vorweg zu nehmen: wir sind nicht nur dar\u00fcber gestolpert, sondern direkt daran h\u00e4ngen geblieben, und seitdem fasziniert uns das Geocaching. Schuld daran ist unsere Reisebloggerin Claudia, die in einem Blog-Beitrag beschreibt was Geocaching eigentlich ist und die erste Grundlagen liefert zum Einstieg in die Thematik. Lesetipp: Claudia unterwegs&#8230; als Such-S\u00fcchtige<\/p>\n<p>Seit kurzem ist nun unser &#8222;People Abroad Travelbug&#8220; zu seiner gro\u00dfen Reise gestartet. Unsere &#8222;Reisewanze&#8220; ist auf einem Anh\u00e4nger mit einer eingestanzten Nummer unterwegs, und wir haben sie mit einem Mini-Kompass versehen. Genau wie alle anderen Travelbugs, die weltweit unterwegs sind, reist sie von Cache zu Cache. Mehr zur Idee der Travelbugs, die eng mit dem Thema Geocaching verkn\u00fcpft ist, findest du hier: <a href=\"https:\/\/www.cachewiki.de\/wiki\/Travelbug\">Travelbug &#8211; Grundlagen und Wiki<\/a><\/p>\n<p>Du findest den aktuellen Standort unseres &#8222;People Abroad Travelbug&#8220;, wenn du dich bei Geocaching.com einloggst. Unser Motto lautet: &#8222;My favorite&#8230; insider tip&#8220;. Hier geht&#8217;s weiter:\u00a0<a href=\"https:\/\/www.geocaching.com\/track\/details.aspx?tracker=TB7ED71\">http:\/\/www.geocaching.com<\/a><\/p>\n<p>Hast du weitere Fragen? Dann schreibe uns eine Mail an <a href=\"mailto:info@people-abroad.de\">info@people-abroad.de<\/a> oder eine Nachricht.<\/p>\n<p><img decoding=\"async\" class=\"alignleft size-full wp-image-1702\" src=\"https:\/\/www.people-abroad.de\/blog\/wp-content\/uploads\/2016\/09\/6599ca79-9022-4e9d-9962-fa1a8aaebfd0_d.jpg\" alt=\"6599ca79-9022-4e9d-9962-fa1a8aaebfd0_d\" width=\"300\" height=\"225\" \/><\/p>\n<p>&nbsp;<\/p>\n<p>&nbsp;<\/p>\n<p>&nbsp;<\/p>\n<p>&nbsp;<\/p>\n<p>&nbsp;<\/p>\n<p>&nbsp;<\/p>\n","protected":false},"excerpt":{"rendered":"<p>&#8222;People Abroad goes Geocaching!&#8220; &#8211; Als offenes Netzwerk f\u00fcr Reiseliebhaber und Globetrotter sind wir von Natur aus sehr offen f\u00fcr Outdoor-Themen aller Art. Kein Wunder, dass wir fr\u00fcher oder sp\u00e4ter \u00fcber das Thema Geocaching stolpern mussten. Um es gleich vorweg zu nehmen: wir sind nicht nur dar\u00fcber gestolpert, sondern direkt daran h\u00e4ngen geblieben, und seitdem [&hellip;]<\/p>\n","protected":false},"author":1,"featured_media":0,"parent":0,"menu_order":4,"comment_status":"closed","ping_status":"closed","template":"","meta":{"_monsterinsights_skip_tracking":false,"_monsterinsights_sitenote_active":false,"_monsterinsights_sitenote_note":"","_monsterinsights_sitenote_category":0,"footnotes":""},"class_list":["post-1641","page","type-page","status-publish","hentry"],"yoast_head":"<!-- This site is optimized with the Yoast SEO plugin v27.5 - https:\/\/yoast.com\/product\/yoast-seo-wordpress\/ -->\n<title>Geocaching - People Abroad<\/title>\n<meta name=\"description\" content=\"Reiseberichte mit dem Schwerpunkt Geocaching mit Reisetipps f\u00fcr die individuelle Planung zum Nachreisen.\" \/>\n<meta name=\"robots\" content=\"noindex, follow\" \/>\n<meta property=\"og:locale\" content=\"de_DE\" \/>\n<meta property=\"og:type\" content=\"article\" \/>\n<meta property=\"og:title\" content=\"Geocaching - People Abroad\" \/>\n<meta property=\"og:description\" content=\"Reiseberichte mit dem Schwerpunkt Geocaching mit Reisetipps f\u00fcr die individuelle Planung zum Nachreisen.\" \/>\n<meta property=\"og:url\" content=\"https:\/\/www.people-abroad.de\/blog\/geocaching-travelbug\/\" \/>\n<meta property=\"og:site_name\" content=\"People Abroad\" \/>\n<meta property=\"article:publisher\" content=\"https:\/\/www.facebook.com\/menschen.international\/\" \/>\n<meta property=\"article:modified_time\" content=\"2023-01-17T10:29:09+00:00\" \/>\n<meta property=\"og:image\" content=\"https:\/\/www.people-abroad.de\/blog\/wp-content\/uploads\/2016\/09\/6599ca79-9022-4e9d-9962-fa1a8aaebfd0_d.jpg\" \/>\n<meta name=\"twitter:card\" content=\"summary_large_image\" \/>\n<meta name=\"twitter:site\" content=\"@People_Abroad\" \/>\n<meta name=\"twitter:label1\" content=\"Gesch\u00e4tzte Lesezeit\" \/>\n\t<meta name=\"twitter:data1\" content=\"2\u00a0Minuten\" \/>\n<script type=\"application\/ld+json\" class=\"yoast-schema-graph\">{\"@context\":\"https:\\\/\\\/schema.org\",\"@graph\":[{\"@type\":\"WebPage\",\"@id\":\"https:\\\/\\\/www.people-abroad.de\\\/blog\\\/geocaching-travelbug\\\/\",\"url\":\"https:\\\/\\\/www.people-abroad.de\\\/blog\\\/geocaching-travelbug\\\/\",\"name\":\"Geocaching - People Abroad\",\"isPartOf\":{\"@id\":\"https:\\\/\\\/www.people-abroad.de\\\/blog\\\/#website\"},\"primaryImageOfPage\":{\"@id\":\"https:\\\/\\\/www.people-abroad.de\\\/blog\\\/geocaching-travelbug\\\/#primaryimage\"},\"image\":{\"@id\":\"https:\\\/\\\/www.people-abroad.de\\\/blog\\\/geocaching-travelbug\\\/#primaryimage\"},\"thumbnailUrl\":\"https:\\\/\\\/www.people-abroad.de\\\/blog\\\/wp-content\\\/uploads\\\/2016\\\/09\\\/6599ca79-9022-4e9d-9962-fa1a8aaebfd0_d.jpg\",\"datePublished\":\"2016-08-31T14:15:31+00:00\",\"dateModified\":\"2023-01-17T10:29:09+00:00\",\"description\":\"Reiseberichte mit dem Schwerpunkt Geocaching mit Reisetipps f\u00fcr die individuelle Planung zum Nachreisen.\",\"breadcrumb\":{\"@id\":\"https:\\\/\\\/www.people-abroad.de\\\/blog\\\/geocaching-travelbug\\\/#breadcrumb\"},\"inLanguage\":\"de\",\"potentialAction\":[{\"@type\":\"ReadAction\",\"target\":[\"https:\\\/\\\/www.people-abroad.de\\\/blog\\\/geocaching-travelbug\\\/\"]}]},{\"@type\":\"ImageObject\",\"inLanguage\":\"de\",\"@id\":\"https:\\\/\\\/www.people-abroad.de\\\/blog\\\/geocaching-travelbug\\\/#primaryimage\",\"url\":\"https:\\\/\\\/www.people-abroad.de\\\/blog\\\/wp-content\\\/uploads\\\/2016\\\/09\\\/6599ca79-9022-4e9d-9962-fa1a8aaebfd0_d.jpg\",\"contentUrl\":\"https:\\\/\\\/www.people-abroad.de\\\/blog\\\/wp-content\\\/uploads\\\/2016\\\/09\\\/6599ca79-9022-4e9d-9962-fa1a8aaebfd0_d.jpg\",\"width\":300,\"height\":225},{\"@type\":\"BreadcrumbList\",\"@id\":\"https:\\\/\\\/www.people-abroad.de\\\/blog\\\/geocaching-travelbug\\\/#breadcrumb\",\"itemListElement\":[{\"@type\":\"ListItem\",\"position\":1,\"name\":\"Startseite\",\"item\":\"https:\\\/\\\/www.people-abroad.de\\\/blog\\\/\"},{\"@type\":\"ListItem\",\"position\":2,\"name\":\"Geocaching\"}]},{\"@type\":\"WebSite\",\"@id\":\"https:\\\/\\\/www.people-abroad.de\\\/blog\\\/#website\",\"url\":\"https:\\\/\\\/www.people-abroad.de\\\/blog\\\/\",\"name\":\"People Abroad\",\"description\":\"Reiseblog\",\"publisher\":{\"@id\":\"https:\\\/\\\/www.people-abroad.de\\\/blog\\\/#\\\/schema\\\/person\\\/2a518a154d93ee6cf0b146bc327329b3\"},\"potentialAction\":[{\"@type\":\"SearchAction\",\"target\":{\"@type\":\"EntryPoint\",\"urlTemplate\":\"https:\\\/\\\/www.people-abroad.de\\\/blog\\\/?s={search_term_string}\"},\"query-input\":{\"@type\":\"PropertyValueSpecification\",\"valueRequired\":true,\"valueName\":\"search_term_string\"}}],\"inLanguage\":\"de\"},{\"@type\":[\"Person\",\"Organization\"],\"@id\":\"https:\\\/\\\/www.people-abroad.de\\\/blog\\\/#\\\/schema\\\/person\\\/2a518a154d93ee6cf0b146bc327329b3\",\"name\":\"Heiko M\u00fcller\",\"logo\":{\"@id\":\"https:\\\/\\\/www.people-abroad.de\\\/blog\\\/#\\\/schema\\\/person\\\/image\\\/\"},\"description\":\"Ich bin Reiseblogger, Content Creator und Redakteur. Auf Reisen erkunde ich gerne neue Regionen, St\u00e4dte und Orte beim Fotografieren, Wandern und Radfahren. F\u00fcr weitere Reisetipps folge mir auf Instagram. Mehr Infos zum Blog findest du hier: https:\\\/\\\/www.people-abroad.de\\\/blog\\\/pr-media\\\/. Kontakt: h.mueller@people-abroad.de\",\"sameAs\":[\"https:\\\/\\\/www.people-abroad.de\\\/blog\\\/\",\"https:\\\/\\\/www.facebook.com\\\/menschen.international\\\/\",\"https:\\\/\\\/www.instagram.com\\\/people.abroad\\\/\",\"https:\\\/\\\/www.linkedin.com\\\/in\\\/muellerheiko\\\/\",\"https:\\\/\\\/www.pinterest.de\\\/peopleabroad\\\/\",\"https:\\\/\\\/x.com\\\/People_Abroad\",\"https:\\\/\\\/www.youtube.com\\\/user\\\/MenschenInt\"]}]}<\/script>\n<!-- \/ Yoast SEO plugin. -->","yoast_head_json":{"title":"Geocaching - People Abroad","description":"Reiseberichte mit dem Schwerpunkt Geocaching mit Reisetipps f\u00fcr die individuelle Planung zum Nachreisen.","robots":{"index":"noindex","follow":"follow"},"og_locale":"de_DE","og_type":"article","og_title":"Geocaching - People Abroad","og_description":"Reiseberichte mit dem Schwerpunkt Geocaching mit Reisetipps f\u00fcr die individuelle Planung zum Nachreisen.","og_url":"https:\/\/www.people-abroad.de\/blog\/geocaching-travelbug\/","og_site_name":"People Abroad","article_publisher":"https:\/\/www.facebook.com\/menschen.international\/","article_modified_time":"2023-01-17T10:29:09+00:00","og_image":[{"url":"https:\/\/www.people-abroad.de\/blog\/wp-content\/uploads\/2016\/09\/6599ca79-9022-4e9d-9962-fa1a8aaebfd0_d.jpg","type":"","width":"","height":""}],"twitter_card":"summary_large_image","twitter_site":"@People_Abroad","twitter_misc":{"Gesch\u00e4tzte Lesezeit":"2\u00a0Minuten"},"schema":{"@context":"https:\/\/schema.org","@graph":[{"@type":"WebPage","@id":"https:\/\/www.people-abroad.de\/blog\/geocaching-travelbug\/","url":"https:\/\/www.people-abroad.de\/blog\/geocaching-travelbug\/","name":"Geocaching - People Abroad","isPartOf":{"@id":"https:\/\/www.people-abroad.de\/blog\/#website"},"primaryImageOfPage":{"@id":"https:\/\/www.people-abroad.de\/blog\/geocaching-travelbug\/#primaryimage"},"image":{"@id":"https:\/\/www.people-abroad.de\/blog\/geocaching-travelbug\/#primaryimage"},"thumbnailUrl":"https:\/\/www.people-abroad.de\/blog\/wp-content\/uploads\/2016\/09\/6599ca79-9022-4e9d-9962-fa1a8aaebfd0_d.jpg","datePublished":"2016-08-31T14:15:31+00:00","dateModified":"2023-01-17T10:29:09+00:00","description":"Reiseberichte mit dem Schwerpunkt Geocaching mit Reisetipps f\u00fcr die individuelle Planung zum Nachreisen.","breadcrumb":{"@id":"https:\/\/www.people-abroad.de\/blog\/geocaching-travelbug\/#breadcrumb"},"inLanguage":"de","potentialAction":[{"@type":"ReadAction","target":["https:\/\/www.people-abroad.de\/blog\/geocaching-travelbug\/"]}]},{"@type":"ImageObject","inLanguage":"de","@id":"https:\/\/www.people-abroad.de\/blog\/geocaching-travelbug\/#primaryimage","url":"https:\/\/www.people-abroad.de\/blog\/wp-content\/uploads\/2016\/09\/6599ca79-9022-4e9d-9962-fa1a8aaebfd0_d.jpg","contentUrl":"https:\/\/www.people-abroad.de\/blog\/wp-content\/uploads\/2016\/09\/6599ca79-9022-4e9d-9962-fa1a8aaebfd0_d.jpg","width":300,"height":225},{"@type":"BreadcrumbList","@id":"https:\/\/www.people-abroad.de\/blog\/geocaching-travelbug\/#breadcrumb","itemListElement":[{"@type":"ListItem","position":1,"name":"Startseite","item":"https:\/\/www.people-abroad.de\/blog\/"},{"@type":"ListItem","position":2,"name":"Geocaching"}]},{"@type":"WebSite","@id":"https:\/\/www.people-abroad.de\/blog\/#website","url":"https:\/\/www.people-abroad.de\/blog\/","name":"People Abroad","description":"Reiseblog","publisher":{"@id":"https:\/\/www.people-abroad.de\/blog\/#\/schema\/person\/2a518a154d93ee6cf0b146bc327329b3"},"potentialAction":[{"@type":"SearchAction","target":{"@type":"EntryPoint","urlTemplate":"https:\/\/www.people-abroad.de\/blog\/?s={search_term_string}"},"query-input":{"@type":"PropertyValueSpecification","valueRequired":true,"valueName":"search_term_string"}}],"inLanguage":"de"},{"@type":["Person","Organization"],"@id":"https:\/\/www.people-abroad.de\/blog\/#\/schema\/person\/2a518a154d93ee6cf0b146bc327329b3","name":"Heiko M\u00fcller","logo":{"@id":"https:\/\/www.people-abroad.de\/blog\/#\/schema\/person\/image\/"},"description":"Ich bin Reiseblogger, Content Creator und Redakteur. Auf Reisen erkunde ich gerne neue Regionen, St\u00e4dte und Orte beim Fotografieren, Wandern und Radfahren. F\u00fcr weitere Reisetipps folge mir auf Instagram. Mehr Infos zum Blog findest du hier: https:\/\/www.people-abroad.de\/blog\/pr-media\/. Kontakt: h.mueller@people-abroad.de","sameAs":["https:\/\/www.people-abroad.de\/blog\/","https:\/\/www.facebook.com\/menschen.international\/","https:\/\/www.instagram.com\/people.abroad\/","https:\/\/www.linkedin.com\/in\/muellerheiko\/","https:\/\/www.pinterest.de\/peopleabroad\/","https:\/\/x.com\/People_Abroad","https:\/\/www.youtube.com\/user\/MenschenInt"]}]}},"_links":{"self":[{"href":"https:\/\/www.people-abroad.de\/blog\/wp-json\/wp\/v2\/pages\/1641","targetHints":{"allow":["GET"]}}],"collection":[{"href":"https:\/\/www.people-abroad.de\/blog\/wp-json\/wp\/v2\/pages"}],"about":[{"href":"https:\/\/www.people-abroad.de\/blog\/wp-json\/wp\/v2\/types\/page"}],"author":[{"embeddable":true,"href":"https:\/\/www.people-abroad.de\/blog\/wp-json\/wp\/v2\/users\/1"}],"replies":[{"embeddable":true,"href":"https:\/\/www.people-abroad.de\/blog\/wp-json\/wp\/v2\/comments?post=1641"}],"version-history":[{"count":3,"href":"https:\/\/www.people-abroad.de\/blog\/wp-json\/wp\/v2\/pages\/1641\/revisions"}],"predecessor-version":[{"id":29080,"href":"https:\/\/www.people-abroad.de\/blog\/wp-json\/wp\/v2\/pages\/1641\/revisions\/29080"}],"wp:attachment":[{"href":"https:\/\/www.people-abroad.de\/blog\/wp-json\/wp\/v2\/media?parent=1641"}],"curies":[{"name":"wp","href":"https:\/\/api.w.org\/{rel}","templated":true}]}}