{"id":11634,"date":"2019-04-05T17:42:33","date_gmt":"2019-04-05T15:42:33","guid":{"rendered":"https:\/\/www.people-abroad.de\/blog\/?page_id=11634"},"modified":"2023-01-17T11:33:48","modified_gmt":"2023-01-17T10:33:48","slug":"reisebuecher","status":"publish","type":"page","link":"https:\/\/www.people-abroad.de\/blog\/reisebuecher\/","title":{"rendered":"Reiseb\u00fccher"},"content":{"rendered":"<div class=\"lcp_catlist\" id=\"lcp_instance_0\"><p><h2><a href=\"https:\/\/www.people-abroad.de\/blog\/reisebuecher-tipps\/\">10 Reiseb\u00fccher bei Reiselust &#038; Fernweh<\/a><\/h2><div class=\"lcp_excerpt\"><p><a href=\"https:\/\/www.people-abroad.de\/blog\/reisebuecher-tipps\/\"><img decoding=\"async\" class=\"alignleft wp-image-16602 size-full\" style=\"margin-bottom: 25px;\" src=\"https:\/\/www.people-abroad.de\/blog\/wp-content\/uploads\/2020\/04\/reisebuecher-tipps.jpg\" alt=\"Reiseb\u00fccher Reisef\u00fchrer Reiseliteratur B\u00fccher Reisen Tipps \" width=\"1000\" height=\"667\" srcset=\"https:\/\/www.people-abroad.de\/blog\/wp-content\/uploads\/2020\/04\/reisebuecher-tipps.jpg 1000w, https:\/\/www.people-abroad.de\/blog\/wp-content\/uploads\/2020\/04\/reisebuecher-tipps-300x200.jpg 300w, https:\/\/www.people-abroad.de\/blog\/wp-content\/uploads\/2020\/04\/reisebuecher-tipps-768x512.jpg 768w, https:\/\/www.people-abroad.de\/blog\/wp-content\/uploads\/2020\/04\/reisebuecher-tipps-400x267.jpg 400w\" sizes=\"(max-width: 1000px) 100vw, 1000px\" \/><\/a><\/p>\n<p>Gute Reiseb\u00fccher sind neben dem Reisen selbst die vielleicht beste Medizin gegen Fernweh. Hier findest du 10 B\u00fccher, die f\u00fcr das Reisen im Kopf perfekt geeignet sind.<\/p>\n<\/div><a href=\"https:\/\/www.people-abroad.de\/blog\/reisebuecher-tipps\/\">Mehr...<\/a><\/p><p><h2><a href=\"https:\/\/www.people-abroad.de\/blog\/1000-places-to-see-before-you-die\/\">Buchtipp: 1000 Places to see before you die<\/a><\/h2><div class=\"lcp_excerpt\"><p><a href=\"https:\/\/www.people-abroad.de\/blog\/1000-places-to-see-before-you-die\/\"><img decoding=\"async\" class=\"alignleft wp-image-14656 size-full\" style=\"margin-bottom: 25px;\" src=\"https:\/\/www.people-abroad.de\/blog\/wp-content\/uploads\/2019\/11\/1000-places-to-see-before-you-die-1.jpg\" alt=\"1000 Places to see before you die\" width=\"1000\" height=\"750\" srcset=\"https:\/\/www.people-abroad.de\/blog\/wp-content\/uploads\/2019\/11\/1000-places-to-see-before-you-die-1.jpg 1000w, https:\/\/www.people-abroad.de\/blog\/wp-content\/uploads\/2019\/11\/1000-places-to-see-before-you-die-1-300x225.jpg 300w, https:\/\/www.people-abroad.de\/blog\/wp-content\/uploads\/2019\/11\/1000-places-to-see-before-you-die-1-768x576.jpg 768w, https:\/\/www.people-abroad.de\/blog\/wp-content\/uploads\/2019\/11\/1000-places-to-see-before-you-die-1-400x300.jpg 400w\" sizes=\"(max-width: 1000px) 100vw, 1000px\" \/><\/a><\/p>\n<p> Der Bildband &#8222;1000 Places to see before you die&#8220; ist eine visuelle Reise zu den sch\u00f6nsten Orten der Welt. Magische Pl\u00e4tze, festgehalten in magischen wie faszinierenden Bildern.<\/p>\n<\/div><a href=\"https:\/\/www.people-abroad.de\/blog\/1000-places-to-see-before-you-die\/\">Mehr...<\/a><\/p><p><h2><a href=\"https:\/\/www.people-abroad.de\/blog\/reiseplanung-wann-wohin-in-den-urlaub\/\">Reiseplanung: Wann wohin in den Urlaub?<\/a><\/h2><div class=\"lcp_excerpt\"><p><a href=\"https:\/\/www.people-abroad.de\/blog\/reiseplanung-wann-wohin-in-den-urlaub\/\"><img decoding=\"async\" class=\"alignleft wp-image-9900 size-full\" style=\"margin-bottom: 25px;\" src=\"https:\/\/www.people-abroad.de\/blog\/wp-content\/uploads\/2018\/11\/suedafrika.jpg\" alt=\"Reiseplanung wann wohin in den Urlaub S\u00fcdafrika \" width=\"900\" height=\"675\" srcset=\"https:\/\/www.people-abroad.de\/blog\/wp-content\/uploads\/2018\/11\/suedafrika.jpg 900w, https:\/\/www.people-abroad.de\/blog\/wp-content\/uploads\/2018\/11\/suedafrika-300x225.jpg 300w, https:\/\/www.people-abroad.de\/blog\/wp-content\/uploads\/2018\/11\/suedafrika-768x576.jpg 768w, https:\/\/www.people-abroad.de\/blog\/wp-content\/uploads\/2018\/11\/suedafrika-400x300.jpg 400w\" sizes=\"(max-width: 900px) 100vw, 900px\" \/><\/a><\/p>\n<p> Du planst den n\u00e4chsten Urlaub und fragst dich, wann der g\u00fcnstigste Reisemonat ist? Mit diesem Buch findest du heraus, wann du wohin in den Urlaub reisen kannst.<\/p>\n<\/div><a href=\"https:\/\/www.people-abroad.de\/blog\/reiseplanung-wann-wohin-in-den-urlaub\/\">Mehr...<\/a><\/p><p><h2><a href=\"https:\/\/www.people-abroad.de\/blog\/usa-land-der-unbegrenzten-moeglichkeiten\/\">Die USA &#8211; Land der unbegrenzten M\u00f6glichkeiten?<\/a><\/h2><div class=\"lcp_excerpt\"><p><a href=\"https:\/\/www.people-abroad.de\/blog\/usa-land-der-unbegrenzten-moeglichkeiten\/\"><img decoding=\"async\" class=\"alignleft wp-image-6371 size-full\" style=\"margin-bottom: 25px;\" src=\"https:\/\/www.people-abroad.de\/blog\/wp-content\/uploads\/2017\/12\/usa-land-der-unbegrenzten-moeglichkeiten-people-abroad.jpg\" alt=\"USA - Land der unbegrenzten M\u00f6glichkeiten\" width=\"900\" height=\"675\" srcset=\"https:\/\/www.people-abroad.de\/blog\/wp-content\/uploads\/2017\/12\/usa-land-der-unbegrenzten-moeglichkeiten-people-abroad.jpg 900w, https:\/\/www.people-abroad.de\/blog\/wp-content\/uploads\/2017\/12\/usa-land-der-unbegrenzten-moeglichkeiten-people-abroad-300x225.jpg 300w, https:\/\/www.people-abroad.de\/blog\/wp-content\/uploads\/2017\/12\/usa-land-der-unbegrenzten-moeglichkeiten-people-abroad-768x576.jpg 768w, https:\/\/www.people-abroad.de\/blog\/wp-content\/uploads\/2017\/12\/usa-land-der-unbegrenzten-moeglichkeiten-people-abroad-400x300.jpg 400w\" sizes=\"(max-width: 900px) 100vw, 900px\" \/><\/a><\/p>\n<p>Die USA &#8211; Land der unbegrenzten M\u00f6glichkeiten? Sowohl landschaftlich als auch kulturell ist Amerika extrem vielf\u00e4ltig. Allerdings gibt es auch gro\u00dfe Gegens\u00e4tze &#8211; im gesellschaftlichen Bereich oder bei politischen Themen. Wir wollten wissen wie die Amerikaner tats\u00e4chlich ticken. Die USA-Kennerin Ingrid Henke berichtet \u00fcber ihre Eindr\u00fccke.<\/p>\n<\/div><a href=\"https:\/\/www.people-abroad.de\/blog\/usa-land-der-unbegrenzten-moeglichkeiten\/\">Mehr...<\/a><\/p><p><h2><a href=\"https:\/\/www.people-abroad.de\/blog\/lost-places-verlassene-orte-in-deutschland-und-europa\/\">Lost Places Deutschland und Europa<\/a><\/h2><div class=\"lcp_excerpt\"><p><a href=\"https:\/\/www.people-abroad.de\/blog\/lost-places-verlassene-orte-in-deutschland-und-europa\/\"><img decoding=\"async\" class=\"alignleft wp-image-6051 size-full\" style=\"margin-bottom: 25px;\" src=\"https:\/\/www.people-abroad.de\/blog\/wp-content\/uploads\/2017\/11\/lost-places-verlassene-orte-2-1.jpg\" alt=\"Lost Places Deutschland und Europa\" width=\"900\" height=\"675\" srcset=\"https:\/\/www.people-abroad.de\/blog\/wp-content\/uploads\/2017\/11\/lost-places-verlassene-orte-2-1.jpg 900w, https:\/\/www.people-abroad.de\/blog\/wp-content\/uploads\/2017\/11\/lost-places-verlassene-orte-2-1-300x225.jpg 300w, https:\/\/www.people-abroad.de\/blog\/wp-content\/uploads\/2017\/11\/lost-places-verlassene-orte-2-1-768x576.jpg 768w, https:\/\/www.people-abroad.de\/blog\/wp-content\/uploads\/2017\/11\/lost-places-verlassene-orte-2-1-400x300.jpg 400w\" sizes=\"(max-width: 900px) 100vw, 900px\" \/><\/a><\/p>\n<p> Verlassene und vergessene Orte, besser bekannt als &#8222;Lost Places&#8220;, haben uns schon immer interessiert. Uns begeistert diese Mischung aus Outdoor-Entdeckungen und morbidem Charme. Diesmal ist Reisebloggerin Claudia auf virtuelle Entdeckungstour gegangen. Zwischen zwei Buchdeckeln. Lost Places &#8211; Deutschland und Europa.<\/p>\n<\/div><a href=\"https:\/\/www.people-abroad.de\/blog\/lost-places-verlassene-orte-in-deutschland-und-europa\/\">Mehr...<\/a><\/p><p><h2><a href=\"https:\/\/www.people-abroad.de\/blog\/als-blogger-auf-der-frankfurter-buchmesse\/\">Die Frankfurter Buchmesse aus Blogger-Sicht<\/a><\/h2><div class=\"lcp_excerpt\"><p><a href=\"https:\/\/www.people-abroad.de\/blog\/als-blogger-auf-der-frankfurter-buchmesse\/\"><img decoding=\"async\" class=\"alignleft wp-image-5820 size-full\" style=\"margin-bottom: 25px;\" src=\"https:\/\/www.people-abroad.de\/blog\/wp-content\/uploads\/2017\/10\/frankfurter-buchmesse-blogger-reise-2.jpg\" alt=\"Als Blogger auf der Frankfurter Buchmesse\" width=\"900\" height=\"675\" srcset=\"https:\/\/www.people-abroad.de\/blog\/wp-content\/uploads\/2017\/10\/frankfurter-buchmesse-blogger-reise-2.jpg 900w, https:\/\/www.people-abroad.de\/blog\/wp-content\/uploads\/2017\/10\/frankfurter-buchmesse-blogger-reise-2-300x225.jpg 300w, https:\/\/www.people-abroad.de\/blog\/wp-content\/uploads\/2017\/10\/frankfurter-buchmesse-blogger-reise-2-768x576.jpg 768w, https:\/\/www.people-abroad.de\/blog\/wp-content\/uploads\/2017\/10\/frankfurter-buchmesse-blogger-reise-2-400x300.jpg 400w\" sizes=\"(max-width: 900px) 100vw, 900px\" \/><\/a><\/p>\n<p>Die Frankfurter Buchmesse ist die weltgr\u00f6\u00dfte Veranstaltung f\u00fcr B\u00fccher, Autoren, Verlage und f\u00fcr Publishing. Dar\u00fcber hinaus ist sie ein Event f\u00fcr elektronische Medien, eBooks und Digitales. Deshalb \u00fcberrascht es nicht, dass in Frankfurt auch Blogger unterwegs sind. Als Blogger auf der Frankfurter Buchmesse.<\/p>\n<\/div><a href=\"https:\/\/www.people-abroad.de\/blog\/als-blogger-auf-der-frankfurter-buchmesse\/\">Mehr...<\/a><\/p><p><h2><a href=\"https:\/\/www.people-abroad.de\/blog\/reisebuecher-fuer-deinen-berlin-trip\/\">Drei Reiseb\u00fccher f\u00fcr deinen Berlin-Trip<\/a><\/h2><div class=\"lcp_excerpt\"><p><a href=\"https:\/\/www.people-abroad.de\/blog\/reisebuecher-fuer-deinen-berlin-trip\/\"><img decoding=\"async\" class=\"alignleft wp-image-5733 size-full\" style=\"margin-bottom: 25px;\" src=\"https:\/\/www.people-abroad.de\/blog\/wp-content\/uploads\/2017\/10\/reisefuehrer-fuer-deinen-berlin-trip-7.jpg\" alt=\"Reisef\u00fchrer Reiseb\u00fccher f\u00fcr deinen Berlin-Trip Tipps\" width=\"900\" height=\"675\" srcset=\"https:\/\/www.people-abroad.de\/blog\/wp-content\/uploads\/2017\/10\/reisefuehrer-fuer-deinen-berlin-trip-7.jpg 900w, https:\/\/www.people-abroad.de\/blog\/wp-content\/uploads\/2017\/10\/reisefuehrer-fuer-deinen-berlin-trip-7-300x225.jpg 300w, https:\/\/www.people-abroad.de\/blog\/wp-content\/uploads\/2017\/10\/reisefuehrer-fuer-deinen-berlin-trip-7-768x576.jpg 768w, https:\/\/www.people-abroad.de\/blog\/wp-content\/uploads\/2017\/10\/reisefuehrer-fuer-deinen-berlin-trip-7-400x300.jpg 400w\" sizes=\"(max-width: 900px) 100vw, 900px\" \/><\/a><\/p>\n<p> Berlin ist eine der angesagtesten St\u00e4dte Europas. Die Metropole zieht Reisende, K\u00fcnstler, Kreative und Start-ups aus aller Welt an, die sich hier f\u00fcr eine Weile oder auf Dauer niederlassen. Auch f\u00fcr einen Kurztrip lohnt es sich in diesen urbanen Schmelztiegel einzutauchen und auf Entdeckungstour zu gehen. Hier findest du drei Reiseb\u00fccher f\u00fcr deinen Berlin-Trip vor.<\/p>\n<\/div><a href=\"https:\/\/www.people-abroad.de\/blog\/reisebuecher-fuer-deinen-berlin-trip\/\">Mehr...<\/a><\/p><p><h2><a href=\"https:\/\/www.people-abroad.de\/blog\/lost-places-eroberungen-der-natur\/\">Lost Places &#8211; Eroberungen der Natur<\/a><\/h2><div class=\"lcp_excerpt\"><p><a href=\"https:\/\/www.people-abroad.de\/blog\/lost-places-eroberungen-der-natur\/\"><img decoding=\"async\" class=\"alignleft wp-image-5252 size-full\" style=\"margin-bottom: 25px;\" src=\"https:\/\/www.people-abroad.de\/blog\/wp-content\/uploads\/2017\/09\/lost-places-sven-fennema1.jpg\" alt=\"Lost Places Verlassene Orte Eroberungen der Natur\" width=\"900\" height=\"515\" srcset=\"https:\/\/www.people-abroad.de\/blog\/wp-content\/uploads\/2017\/09\/lost-places-sven-fennema1.jpg 900w, https:\/\/www.people-abroad.de\/blog\/wp-content\/uploads\/2017\/09\/lost-places-sven-fennema1-300x172.jpg 300w, https:\/\/www.people-abroad.de\/blog\/wp-content\/uploads\/2017\/09\/lost-places-sven-fennema1-768x439.jpg 768w, https:\/\/www.people-abroad.de\/blog\/wp-content\/uploads\/2017\/09\/lost-places-sven-fennema1-400x229.jpg 400w\" sizes=\"(max-width: 900px) 100vw, 900px\" \/><\/a><\/p>\n<p> Bei der Motivsuche kennt der Fotograf Sven Fennema keine Grenzen. Seine Reisen mit der Kamera f\u00fchren ihn quer durch Europa, an verlassene Orte, zu maroden Geb\u00e4uden. In seinem Bildband &#8222;Neuland &#8211; Eroberungen der Natur&#8220; erz\u00e4hlt er die Geschichten von Lost Places in eindrucksvollen Bildern. Eine morbide Zwischenwelt aus gestern und heute.<\/p>\n<\/div><a href=\"https:\/\/www.people-abroad.de\/blog\/lost-places-eroberungen-der-natur\/\">Mehr...<\/a><\/p><p><h2><a href=\"https:\/\/www.people-abroad.de\/blog\/usa-land-der-gegensaetze-crazy-america\/\">Die USA &#8211; ein Land der Gegens\u00e4tze<\/a><\/h2><div class=\"lcp_excerpt\"><p><a href=\"https:\/\/www.people-abroad.de\/blog\/usa-land-der-gegensaetze-crazy-america\/\"><img decoding=\"async\" class=\"alignleft wp-image-4915 size-full\" style=\"margin-bottom: 25px;\" src=\"https:\/\/www.people-abroad.de\/blog\/wp-content\/uploads\/2017\/07\/usa-land-der-gegensaetze1.jpg\" alt=\"Die USA - ein Land der Gegens\u00e4tze \" width=\"900\" height=\"598\" srcset=\"https:\/\/www.people-abroad.de\/blog\/wp-content\/uploads\/2017\/07\/usa-land-der-gegensaetze1.jpg 900w, https:\/\/www.people-abroad.de\/blog\/wp-content\/uploads\/2017\/07\/usa-land-der-gegensaetze1-300x199.jpg 300w, https:\/\/www.people-abroad.de\/blog\/wp-content\/uploads\/2017\/07\/usa-land-der-gegensaetze1-768x510.jpg 768w, https:\/\/www.people-abroad.de\/blog\/wp-content\/uploads\/2017\/07\/usa-land-der-gegensaetze1-272x182.jpg 272w\" sizes=\"(max-width: 900px) 100vw, 900px\" \/><\/a><\/p>\n<p>Das Land der unbegrenzten M\u00f6glichkeiten ist f\u00fcr viele sehr faszinierend, es steckt aber auch voller Gegens\u00e4tze. Nicht nur klimatisch, sondern auch kulturell und gesellschaftlich. Die Journalistin Michaela Haas, die in Bayern und Kalifornien lebt, kennt das Land schon lange und hat \u00fcber ihre Erfahrungen ein Buch geschrieben. Wir waren neugierig und haben sie befragt.<\/p>\n<\/div><a href=\"https:\/\/www.people-abroad.de\/blog\/usa-land-der-gegensaetze-crazy-america\/\">Mehr...<\/a><\/p><p><h2><a href=\"https:\/\/www.people-abroad.de\/blog\/neuland-ohne-goethe-und-gotik-axel-klemmer\/\">Neuland &#8211; ohne Goethe und Gotik<\/a><\/h2><div class=\"lcp_excerpt\"><p><a href=\"https:\/\/www.people-abroad.de\/blog\/neuland-ohne-goethe-und-gotik-axel-klemmer\"><img decoding=\"async\" class=\"alignleft size-full wp-image-3083\" style=\"margin-bottom: 25px;\" src=\"https:\/\/www.people-abroad.de\/blog\/wp-content\/uploads\/2017\/04\/neuland-ohne-goethe-und-gotik-holiday.jpg\" alt=\"neuland-ohne-goethe-und-gotik-holiday\" width=\"900\" height=\"450\" srcset=\"https:\/\/www.people-abroad.de\/blog\/wp-content\/uploads\/2017\/04\/neuland-ohne-goethe-und-gotik-holiday.jpg 900w, https:\/\/www.people-abroad.de\/blog\/wp-content\/uploads\/2017\/04\/neuland-ohne-goethe-und-gotik-holiday-300x150.jpg 300w, https:\/\/www.people-abroad.de\/blog\/wp-content\/uploads\/2017\/04\/neuland-ohne-goethe-und-gotik-holiday-768x384.jpg 768w\" sizes=\"(max-width: 900px) 100vw, 900px\" \/><\/a><\/p>\n<p> Der Titel alleine macht schon Lust auf mehr, die Gestaltung des Buches ebenfalls. Das satte Gr\u00fcn des Buchumschlags fiel mir im Kulturkaufhaus Dussmann in Berlin, einer meiner absoluten Lieblingsorte, sofort ins Auge. Der Titel dann als N\u00e4chstes. Und wer will im Urlaub eigentlich nicht Neuland f\u00fcr sich entdecken, jenseits der ausgetretenen Touristenpfade?<\/p>\n<\/div><a href=\"https:\/\/www.people-abroad.de\/blog\/neuland-ohne-goethe-und-gotik-axel-klemmer\/\">Mehr...<\/a><\/p><\/div>\n","protected":false},"excerpt":{"rendered":"","protected":false},"author":1,"featured_media":0,"parent":0,"menu_order":0,"comment_status":"closed","ping_status":"closed","template":"","meta":{"_monsterinsights_skip_tracking":false,"_monsterinsights_sitenote_active":false,"_monsterinsights_sitenote_note":"","_monsterinsights_sitenote_category":0,"footnotes":""},"class_list":["post-11634","page","type-page","status-publish","hentry"],"yoast_head":"<!-- This site is optimized with the Yoast SEO plugin v27.5 - https:\/\/yoast.com\/product\/yoast-seo-wordpress\/ -->\n<title>Reiseb\u00fccher - People Abroad<\/title>\n<meta name=\"description\" content=\"Reiseb\u00fccher von Reiseautoren, Reisebloggern und Abenteurern mit Reisetipps f\u00fcr die individuelle Planung zum Nachreisen.\" \/>\n<meta name=\"robots\" content=\"noindex, follow\" \/>\n<meta property=\"og:locale\" content=\"de_DE\" \/>\n<meta property=\"og:type\" content=\"article\" \/>\n<meta property=\"og:title\" content=\"Reiseb\u00fccher - People Abroad\" \/>\n<meta property=\"og:description\" content=\"Reiseb\u00fccher von Reiseautoren, Reisebloggern und Abenteurern mit Reisetipps f\u00fcr die individuelle Planung zum Nachreisen.\" \/>\n<meta property=\"og:url\" content=\"https:\/\/www.people-abroad.de\/blog\/reisebuecher\/\" \/>\n<meta property=\"og:site_name\" content=\"People Abroad\" \/>\n<meta property=\"article:publisher\" content=\"https:\/\/www.facebook.com\/menschen.international\/\" \/>\n<meta property=\"article:modified_time\" content=\"2023-01-17T10:33:48+00:00\" \/>\n<meta name=\"twitter:card\" content=\"summary_large_image\" \/>\n<meta name=\"twitter:site\" content=\"@People_Abroad\" \/>\n<meta name=\"twitter:label1\" content=\"Gesch\u00e4tzte Lesezeit\" \/>\n\t<meta name=\"twitter:data1\" content=\"1\u00a0Minute\" \/>\n<script type=\"application\/ld+json\" class=\"yoast-schema-graph\">{\"@context\":\"https:\\\/\\\/schema.org\",\"@graph\":[{\"@type\":\"WebPage\",\"@id\":\"https:\\\/\\\/www.people-abroad.de\\\/blog\\\/reisebuecher\\\/\",\"url\":\"https:\\\/\\\/www.people-abroad.de\\\/blog\\\/reisebuecher\\\/\",\"name\":\"Reiseb\u00fccher - People Abroad\",\"isPartOf\":{\"@id\":\"https:\\\/\\\/www.people-abroad.de\\\/blog\\\/#website\"},\"datePublished\":\"2019-04-05T15:42:33+00:00\",\"dateModified\":\"2023-01-17T10:33:48+00:00\",\"description\":\"Reiseb\u00fccher von Reiseautoren, Reisebloggern und Abenteurern mit Reisetipps f\u00fcr die individuelle Planung zum Nachreisen.\",\"breadcrumb\":{\"@id\":\"https:\\\/\\\/www.people-abroad.de\\\/blog\\\/reisebuecher\\\/#breadcrumb\"},\"inLanguage\":\"de\",\"potentialAction\":[{\"@type\":\"ReadAction\",\"target\":[\"https:\\\/\\\/www.people-abroad.de\\\/blog\\\/reisebuecher\\\/\"]}]},{\"@type\":\"BreadcrumbList\",\"@id\":\"https:\\\/\\\/www.people-abroad.de\\\/blog\\\/reisebuecher\\\/#breadcrumb\",\"itemListElement\":[{\"@type\":\"ListItem\",\"position\":1,\"name\":\"Startseite\",\"item\":\"https:\\\/\\\/www.people-abroad.de\\\/blog\\\/\"},{\"@type\":\"ListItem\",\"position\":2,\"name\":\"Reiseb\u00fccher\"}]},{\"@type\":\"WebSite\",\"@id\":\"https:\\\/\\\/www.people-abroad.de\\\/blog\\\/#website\",\"url\":\"https:\\\/\\\/www.people-abroad.de\\\/blog\\\/\",\"name\":\"People Abroad\",\"description\":\"Reiseblog\",\"publisher\":{\"@id\":\"https:\\\/\\\/www.people-abroad.de\\\/blog\\\/#\\\/schema\\\/person\\\/2a518a154d93ee6cf0b146bc327329b3\"},\"potentialAction\":[{\"@type\":\"SearchAction\",\"target\":{\"@type\":\"EntryPoint\",\"urlTemplate\":\"https:\\\/\\\/www.people-abroad.de\\\/blog\\\/?s={search_term_string}\"},\"query-input\":{\"@type\":\"PropertyValueSpecification\",\"valueRequired\":true,\"valueName\":\"search_term_string\"}}],\"inLanguage\":\"de\"},{\"@type\":[\"Person\",\"Organization\"],\"@id\":\"https:\\\/\\\/www.people-abroad.de\\\/blog\\\/#\\\/schema\\\/person\\\/2a518a154d93ee6cf0b146bc327329b3\",\"name\":\"Heiko M\u00fcller\",\"logo\":{\"@id\":\"https:\\\/\\\/www.people-abroad.de\\\/blog\\\/#\\\/schema\\\/person\\\/image\\\/\"},\"description\":\"Ich bin Reiseblogger, Content Creator und Redakteur. Auf Reisen erkunde ich gerne neue Regionen, St\u00e4dte und Orte beim Fotografieren, Wandern und Radfahren. F\u00fcr weitere Reisetipps folge mir auf Instagram. Mehr Infos zum Blog findest du hier: https:\\\/\\\/www.people-abroad.de\\\/blog\\\/pr-media\\\/. Kontakt: h.mueller@people-abroad.de\",\"sameAs\":[\"https:\\\/\\\/www.people-abroad.de\\\/blog\\\/\",\"https:\\\/\\\/www.facebook.com\\\/menschen.international\\\/\",\"https:\\\/\\\/www.instagram.com\\\/people.abroad\\\/\",\"https:\\\/\\\/www.linkedin.com\\\/in\\\/muellerheiko\\\/\",\"https:\\\/\\\/www.pinterest.de\\\/peopleabroad\\\/\",\"https:\\\/\\\/x.com\\\/People_Abroad\",\"https:\\\/\\\/www.youtube.com\\\/user\\\/MenschenInt\"]}]}<\/script>\n<!-- \/ Yoast SEO plugin. -->","yoast_head_json":{"title":"Reiseb\u00fccher - People Abroad","description":"Reiseb\u00fccher von Reiseautoren, Reisebloggern und Abenteurern mit Reisetipps f\u00fcr die individuelle Planung zum Nachreisen.","robots":{"index":"noindex","follow":"follow"},"og_locale":"de_DE","og_type":"article","og_title":"Reiseb\u00fccher - People Abroad","og_description":"Reiseb\u00fccher von Reiseautoren, Reisebloggern und Abenteurern mit Reisetipps f\u00fcr die individuelle Planung zum Nachreisen.","og_url":"https:\/\/www.people-abroad.de\/blog\/reisebuecher\/","og_site_name":"People Abroad","article_publisher":"https:\/\/www.facebook.com\/menschen.international\/","article_modified_time":"2023-01-17T10:33:48+00:00","twitter_card":"summary_large_image","twitter_site":"@People_Abroad","twitter_misc":{"Gesch\u00e4tzte Lesezeit":"1\u00a0Minute"},"schema":{"@context":"https:\/\/schema.org","@graph":[{"@type":"WebPage","@id":"https:\/\/www.people-abroad.de\/blog\/reisebuecher\/","url":"https:\/\/www.people-abroad.de\/blog\/reisebuecher\/","name":"Reiseb\u00fccher - People Abroad","isPartOf":{"@id":"https:\/\/www.people-abroad.de\/blog\/#website"},"datePublished":"2019-04-05T15:42:33+00:00","dateModified":"2023-01-17T10:33:48+00:00","description":"Reiseb\u00fccher von Reiseautoren, Reisebloggern und Abenteurern mit Reisetipps f\u00fcr die individuelle Planung zum Nachreisen.","breadcrumb":{"@id":"https:\/\/www.people-abroad.de\/blog\/reisebuecher\/#breadcrumb"},"inLanguage":"de","potentialAction":[{"@type":"ReadAction","target":["https:\/\/www.people-abroad.de\/blog\/reisebuecher\/"]}]},{"@type":"BreadcrumbList","@id":"https:\/\/www.people-abroad.de\/blog\/reisebuecher\/#breadcrumb","itemListElement":[{"@type":"ListItem","position":1,"name":"Startseite","item":"https:\/\/www.people-abroad.de\/blog\/"},{"@type":"ListItem","position":2,"name":"Reiseb\u00fccher"}]},{"@type":"WebSite","@id":"https:\/\/www.people-abroad.de\/blog\/#website","url":"https:\/\/www.people-abroad.de\/blog\/","name":"People Abroad","description":"Reiseblog","publisher":{"@id":"https:\/\/www.people-abroad.de\/blog\/#\/schema\/person\/2a518a154d93ee6cf0b146bc327329b3"},"potentialAction":[{"@type":"SearchAction","target":{"@type":"EntryPoint","urlTemplate":"https:\/\/www.people-abroad.de\/blog\/?s={search_term_string}"},"query-input":{"@type":"PropertyValueSpecification","valueRequired":true,"valueName":"search_term_string"}}],"inLanguage":"de"},{"@type":["Person","Organization"],"@id":"https:\/\/www.people-abroad.de\/blog\/#\/schema\/person\/2a518a154d93ee6cf0b146bc327329b3","name":"Heiko M\u00fcller","logo":{"@id":"https:\/\/www.people-abroad.de\/blog\/#\/schema\/person\/image\/"},"description":"Ich bin Reiseblogger, Content Creator und Redakteur. Auf Reisen erkunde ich gerne neue Regionen, St\u00e4dte und Orte beim Fotografieren, Wandern und Radfahren. F\u00fcr weitere Reisetipps folge mir auf Instagram. Mehr Infos zum Blog findest du hier: https:\/\/www.people-abroad.de\/blog\/pr-media\/. Kontakt: h.mueller@people-abroad.de","sameAs":["https:\/\/www.people-abroad.de\/blog\/","https:\/\/www.facebook.com\/menschen.international\/","https:\/\/www.instagram.com\/people.abroad\/","https:\/\/www.linkedin.com\/in\/muellerheiko\/","https:\/\/www.pinterest.de\/peopleabroad\/","https:\/\/x.com\/People_Abroad","https:\/\/www.youtube.com\/user\/MenschenInt"]}]}},"_links":{"self":[{"href":"https:\/\/www.people-abroad.de\/blog\/wp-json\/wp\/v2\/pages\/11634","targetHints":{"allow":["GET"]}}],"collection":[{"href":"https:\/\/www.people-abroad.de\/blog\/wp-json\/wp\/v2\/pages"}],"about":[{"href":"https:\/\/www.people-abroad.de\/blog\/wp-json\/wp\/v2\/types\/page"}],"author":[{"embeddable":true,"href":"https:\/\/www.people-abroad.de\/blog\/wp-json\/wp\/v2\/users\/1"}],"replies":[{"embeddable":true,"href":"https:\/\/www.people-abroad.de\/blog\/wp-json\/wp\/v2\/comments?post=11634"}],"version-history":[{"count":3,"href":"https:\/\/www.people-abroad.de\/blog\/wp-json\/wp\/v2\/pages\/11634\/revisions"}],"predecessor-version":[{"id":14559,"href":"https:\/\/www.people-abroad.de\/blog\/wp-json\/wp\/v2\/pages\/11634\/revisions\/14559"}],"wp:attachment":[{"href":"https:\/\/www.people-abroad.de\/blog\/wp-json\/wp\/v2\/media?parent=11634"}],"curies":[{"name":"wp","href":"https:\/\/api.w.org\/{rel}","templated":true}]}}