{"id":11503,"date":"2019-03-28T23:11:21","date_gmt":"2019-03-28T22:11:21","guid":{"rendered":"https:\/\/www.people-abroad.de\/blog\/?page_id=11503"},"modified":"2023-01-17T11:26:37","modified_gmt":"2023-01-17T10:26:37","slug":"staedtereisen","status":"publish","type":"page","link":"https:\/\/www.people-abroad.de\/blog\/staedtereisen\/","title":{"rendered":"St\u00e4dtereisen"},"content":{"rendered":"<div class=\"lcp_catlist\" id=\"lcp_instance_0\"><p><h2><a href=\"https:\/\/www.people-abroad.de\/blog\/oberlausitz-winter-tipps\/\">Die Oberlausitz im Winter und zur Weihnachtszeit<\/a><\/h2><div class=\"lcp_excerpt\"><p><a href=\"https:\/\/www.people-abroad.de\/blog\/oberlausitz-winter-tipps\/\"><img decoding=\"async\" class=\"alignnone wp-image-37959 size-large\" src=\"https:\/\/www.people-abroad.de\/blog\/wp-content\/uploads\/2025\/12\/oberlausitz-winter-tipps-1-1024x684.jpeg\" alt=\"Oberlausitz Winter Weihnachten Sachsen Reisen Urlaub Tipps\" width=\"1024\" height=\"684\" srcset=\"https:\/\/www.people-abroad.de\/blog\/wp-content\/uploads\/2025\/12\/oberlausitz-winter-tipps-1-1024x684.jpeg 1024w, https:\/\/www.people-abroad.de\/blog\/wp-content\/uploads\/2025\/12\/oberlausitz-winter-tipps-1-300x200.jpeg 300w, https:\/\/www.people-abroad.de\/blog\/wp-content\/uploads\/2025\/12\/oberlausitz-winter-tipps-1-768x513.jpeg 768w, https:\/\/www.people-abroad.de\/blog\/wp-content\/uploads\/2025\/12\/oberlausitz-winter-tipps-1.jpeg 1200w\" sizes=\"(max-width: 1024px) 100vw, 1024px\" \/><\/a><\/p>\n<p> Die Oberlausitz lohnt sich gerade im Winter und zur Weihnachtszeit f\u00fcr eine Reise. Tipps f\u00fcr das Zittauer Gebirge, die Europastadt G\u00f6rlitz und das Nei\u00dfeland.<\/p>\n<\/div><a href=\"https:\/\/www.people-abroad.de\/blog\/oberlausitz-winter-tipps\/\">Mehr...<\/a><\/p><p><h2><a href=\"https:\/\/www.people-abroad.de\/blog\/region-fribourg-wandern\/\">Fribourg: Highlights und Wanderungen in der Schweiz<\/a><\/h2><div class=\"lcp_excerpt\"><p><a href=\"https:\/\/www.people-abroad.de\/blog\/region-fribourg-wandern\/\"><img decoding=\"async\" class=\"alignnone wp-image-37051 size-large\" src=\"https:\/\/www.people-abroad.de\/blog\/wp-content\/uploads\/2025\/08\/fribourg-schweiz-wandern-1-1024x683.jpeg\" alt=\"Fribourg Schweiz Sehensw\u00fcrdigkeiten Highlights Wandern\" width=\"1024\" height=\"683\" srcset=\"https:\/\/www.people-abroad.de\/blog\/wp-content\/uploads\/2025\/08\/fribourg-schweiz-wandern-1-1024x683.jpeg 1024w, https:\/\/www.people-abroad.de\/blog\/wp-content\/uploads\/2025\/08\/fribourg-schweiz-wandern-1-300x200.jpeg 300w, https:\/\/www.people-abroad.de\/blog\/wp-content\/uploads\/2025\/08\/fribourg-schweiz-wandern-1-768x512.jpeg 768w, https:\/\/www.people-abroad.de\/blog\/wp-content\/uploads\/2025\/08\/fribourg-schweiz-wandern-1.jpeg 1200w\" sizes=\"(max-width: 1024px) 100vw, 1024px\" \/><\/a><\/p>\n<p> Die Region Fribourg lohnt sich wegen der mittelalterlichen Stadt Fribourg, der historischen Gemeinde Gruy\u00e8res und sch\u00f6ner Wanderungen in die Schweizer Bergwelt.<\/p>\n<\/div><a href=\"https:\/\/www.people-abroad.de\/blog\/region-fribourg-wandern\/\">Mehr...<\/a><\/p><p><h2><a href=\"https:\/\/www.people-abroad.de\/blog\/emilia-romagna\/\">Emilia-Romagna: 5 St\u00e4dte zwischen Poebene und Adria<\/a><\/h2><div class=\"lcp_excerpt\"><p><a href=\"https:\/\/www.people-abroad.de\/blog\/emilia-romagna\/\"><img decoding=\"async\" class=\"alignnone wp-image-37036 size-large\" src=\"https:\/\/www.people-abroad.de\/blog\/wp-content\/uploads\/2025\/07\/emilia-romagna-tipps-1024x684.jpeg\" alt=\"Emilia-Romagna St\u00e4dte Orte Sehensw\u00fcrdigkeiten Tipps\" width=\"1024\" height=\"684\" srcset=\"https:\/\/www.people-abroad.de\/blog\/wp-content\/uploads\/2025\/07\/emilia-romagna-tipps-1024x684.jpeg 1024w, https:\/\/www.people-abroad.de\/blog\/wp-content\/uploads\/2025\/07\/emilia-romagna-tipps-300x200.jpeg 300w, https:\/\/www.people-abroad.de\/blog\/wp-content\/uploads\/2025\/07\/emilia-romagna-tipps-768x513.jpeg 768w, https:\/\/www.people-abroad.de\/blog\/wp-content\/uploads\/2025\/07\/emilia-romagna-tipps.jpeg 1200w\" sizes=\"(max-width: 1024px) 100vw, 1024px\" \/><\/a><\/p>\n<p>Die Emilia-Romagna Region im Norden Italiens erstreckt sich von den Apenninen bis zum Fluss Po. Tipps f\u00fcr f\u00fcnf sch\u00f6ne St\u00e4dte in der Region, die sich f\u00fcr einen Besuch lohnen.<\/p>\n<\/div><a href=\"https:\/\/www.people-abroad.de\/blog\/emilia-romagna\/\">Mehr...<\/a><\/p><p><h2><a href=\"https:\/\/www.people-abroad.de\/blog\/warschau-polen-72-stunden\/\">Warschau: 72 Stunden in der Hauptstadt Polens<\/a><\/h2><div class=\"lcp_excerpt\"><p><a href=\"https:\/\/www.people-abroad.de\/blog\/warschau-polen-72-stunden\/\"><img decoding=\"async\" class=\"alignnone wp-image-35874 size-large\" src=\"https:\/\/www.people-abroad.de\/blog\/wp-content\/uploads\/2025\/01\/warschau-polen-staedtereise-tipps-1024x683.jpeg\" alt=\"Warschau Polen St\u00e4dtereise 72 Stunden Tipps \" width=\"1024\" height=\"683\" srcset=\"https:\/\/www.people-abroad.de\/blog\/wp-content\/uploads\/2025\/01\/warschau-polen-staedtereise-tipps-1024x683.jpeg 1024w, https:\/\/www.people-abroad.de\/blog\/wp-content\/uploads\/2025\/01\/warschau-polen-staedtereise-tipps-300x200.jpeg 300w, https:\/\/www.people-abroad.de\/blog\/wp-content\/uploads\/2025\/01\/warschau-polen-staedtereise-tipps-768x512.jpeg 768w, https:\/\/www.people-abroad.de\/blog\/wp-content\/uploads\/2025\/01\/warschau-polen-staedtereise-tipps.jpeg 1200w\" sizes=\"(max-width: 1024px) 100vw, 1024px\" \/><\/a><\/p>\n<p> Warschau lohnt sich f\u00fcr eine St\u00e4dtereise &#8211; auch im Winter. Co-Autorin Uwa ist in der Vorweihnachtszeit nach Warschau gefahren und berichtet \u00fcber die Hauptstadt Polens.<\/p>\n<\/div><a href=\"https:\/\/www.people-abroad.de\/blog\/warschau-polen-72-stunden\/\">Mehr...<\/a><\/p><p><h2><a href=\"https:\/\/www.people-abroad.de\/blog\/nordfrankreich-schoene-orte\/\">Nordfrankreich: Die 10 sch\u00f6nsten Orte und Ausflugsziele<\/a><\/h2><div class=\"lcp_excerpt\"><p><a href=\"https:\/\/www.people-abroad.de\/blog\/nordfrankreich-schoene-orte\/\"><img decoding=\"async\" class=\"alignnone wp-image-34664 size-full\" src=\"https:\/\/www.people-abroad.de\/blog\/wp-content\/uploads\/2024\/08\/nordfrankreich-schoene-orte-staedte-1.jpeg\" alt=\"Nordfrankreich sch\u00f6ne Orte St\u00e4dte Ausflugsziele Hauts-de-France \" width=\"1024\" height=\"682\" srcset=\"https:\/\/www.people-abroad.de\/blog\/wp-content\/uploads\/2024\/08\/nordfrankreich-schoene-orte-staedte-1.jpeg 1024w, https:\/\/www.people-abroad.de\/blog\/wp-content\/uploads\/2024\/08\/nordfrankreich-schoene-orte-staedte-1-300x200.jpeg 300w, https:\/\/www.people-abroad.de\/blog\/wp-content\/uploads\/2024\/08\/nordfrankreich-schoene-orte-staedte-1-768x512.jpeg 768w\" sizes=\"(max-width: 1024px) 100vw, 1024px\" \/><\/a><\/p>\n<p>Nordfrankreich lockt mit hohen Klippen, sanften D\u00fcnen, idyllischer Natur und sehenswerten St\u00e4dten und Gemeinden. Tipps f\u00fcr die sch\u00f6nsten Orte und Ausflugsziele in Nordfrankreich.<\/p>\n<\/div><a href=\"https:\/\/www.people-abroad.de\/blog\/nordfrankreich-schoene-orte\/\">Mehr...<\/a><\/p><p><h2><a href=\"https:\/\/www.people-abroad.de\/blog\/fuerth-coburg-franken\/\">Historische St\u00e4dte in Franken: F\u00fcrth und Coburg<\/a><\/h2><div class=\"lcp_excerpt\"><p><a href=\"https:\/\/www.people-abroad.de\/blog\/fuerth-coburg-franken\/\"><img decoding=\"async\" class=\"alignnone wp-image-33612 size-large\" src=\"https:\/\/www.people-abroad.de\/blog\/wp-content\/uploads\/2024\/05\/fuerth-coburg-franken-historische-staedte-bayern-1024x683.jpeg\" alt=\"F\u00fcrth Coburg St\u00e4dte Franken Altstadt Tipps\" width=\"1024\" height=\"683\" srcset=\"https:\/\/www.people-abroad.de\/blog\/wp-content\/uploads\/2024\/05\/fuerth-coburg-franken-historische-staedte-bayern-1024x683.jpeg 1024w, https:\/\/www.people-abroad.de\/blog\/wp-content\/uploads\/2024\/05\/fuerth-coburg-franken-historische-staedte-bayern-300x200.jpeg 300w, https:\/\/www.people-abroad.de\/blog\/wp-content\/uploads\/2024\/05\/fuerth-coburg-franken-historische-staedte-bayern-768x512.jpeg 768w, https:\/\/www.people-abroad.de\/blog\/wp-content\/uploads\/2024\/05\/fuerth-coburg-franken-historische-staedte-bayern.jpeg 1200w\" sizes=\"(max-width: 1024px) 100vw, 1024px\" \/><\/a><\/p>\n<p> Die St\u00e4dte F\u00fcrth und Coburg in Franken lohnen sich wegen ihrer historischen Geb\u00e4ude f\u00fcr den Besuch. Eindr\u00fccke und Erlebnisse von einer Reise in zwei fr\u00e4nkische Stadtperlen.<\/p>\n<\/div><a href=\"https:\/\/www.people-abroad.de\/blog\/fuerth-coburg-franken\/\">Mehr...<\/a><\/p><p><h2><a href=\"https:\/\/www.people-abroad.de\/blog\/kuala-lumpur-malaysia\/\">Kuala Lumpur in Malaysia: Tradition trifft Moderne<\/a><\/h2><div class=\"lcp_excerpt\"><p><a href=\"https:\/\/www.people-abroad.de\/blog\/kuala-lumpur-malaysia\/\"><img decoding=\"async\" class=\"alignnone wp-image-33517 size-large\" src=\"https:\/\/www.people-abroad.de\/blog\/wp-content\/uploads\/2024\/05\/kuala-lumpur-malaysia-1024x683.jpeg\" alt=\"Kuala Lumpur Malaysia Hauptstadt Skyline Fernsehturm Menara\" width=\"1024\" height=\"683\" srcset=\"https:\/\/www.people-abroad.de\/blog\/wp-content\/uploads\/2024\/05\/kuala-lumpur-malaysia-1024x683.jpeg 1024w, https:\/\/www.people-abroad.de\/blog\/wp-content\/uploads\/2024\/05\/kuala-lumpur-malaysia-300x200.jpeg 300w, https:\/\/www.people-abroad.de\/blog\/wp-content\/uploads\/2024\/05\/kuala-lumpur-malaysia-768x512.jpeg 768w, https:\/\/www.people-abroad.de\/blog\/wp-content\/uploads\/2024\/05\/kuala-lumpur-malaysia.jpeg 1200w\" sizes=\"(max-width: 1024px) 100vw, 1024px\" \/><\/a><\/p>\n<p>Kuala Lumpur bietet einen spannenden Mix aus Tradition und Moderne. Co-Autorin Corinna hat die Hauptstadt Malaysias besucht und war fasziniert von den verschiedenen Kulturen.<\/p>\n<\/div><a href=\"https:\/\/www.people-abroad.de\/blog\/kuala-lumpur-malaysia\/\">Mehr...<\/a><\/p><p><h2><a href=\"https:\/\/www.people-abroad.de\/blog\/philadelphia-staedtereise-tipps\/\">Philadelphia: Die untersch\u00e4tzte Metropole an der Ostk\u00fcste<\/a><\/h2><div class=\"lcp_excerpt\"><p><a href=\"https:\/\/www.people-abroad.de\/blog\/philadelphia-staedtereise-tipps\/\"><img decoding=\"async\" class=\"alignnone wp-image-33219 size-large\" src=\"https:\/\/www.people-abroad.de\/blog\/wp-content\/uploads\/2024\/04\/philadelphia-staedtereise-usa-tipps-1024x683.jpeg\" alt=\"Philadelphia St\u00e4dtereise Ostk\u00fcste USA Tipps\" width=\"1024\" height=\"683\" srcset=\"https:\/\/www.people-abroad.de\/blog\/wp-content\/uploads\/2024\/04\/philadelphia-staedtereise-usa-tipps-1024x683.jpeg 1024w, https:\/\/www.people-abroad.de\/blog\/wp-content\/uploads\/2024\/04\/philadelphia-staedtereise-usa-tipps-300x200.jpeg 300w, https:\/\/www.people-abroad.de\/blog\/wp-content\/uploads\/2024\/04\/philadelphia-staedtereise-usa-tipps-768x512.jpeg 768w, https:\/\/www.people-abroad.de\/blog\/wp-content\/uploads\/2024\/04\/philadelphia-staedtereise-usa-tipps.jpeg 1200w\" sizes=\"(max-width: 1024px) 100vw, 1024px\" \/><\/a><\/p>\n<p> Philadelphia im US-Bundesstaat Pennsylvania geh\u00f6rt zu den gr\u00f6\u00dften St\u00e4dten der USA. Co-Autorin Uwa hat sie besucht und schreibt \u00fcber ihre Eindr\u00fccke von der St\u00e4dtereise.<\/p>\n<\/div><a href=\"https:\/\/www.people-abroad.de\/blog\/philadelphia-staedtereise-tipps\/\">Mehr...<\/a><\/p><p><h2><a href=\"https:\/\/www.people-abroad.de\/blog\/fuessen-im-winter-tipps\/\">F\u00fcssen im Allg\u00e4u: 15 Hightlights f\u00fcr die St\u00e4dtereise<\/a><\/h2><div class=\"lcp_excerpt\"><p><a href=\"https:\/\/www.people-abroad.de\/blog\/fuessen-im-winter-tipps\/\"><img decoding=\"async\" class=\"alignnone wp-image-32730 size-large\" src=\"https:\/\/www.people-abroad.de\/blog\/wp-content\/uploads\/2024\/02\/fuessen-winter-urlaub-tipps-wandern-1024x682.jpeg\" alt=\"F\u00fcssen im Winter Allg\u00e4u Urlaub Tipps St\u00e4dtereise\" width=\"1024\" height=\"682\" srcset=\"https:\/\/www.people-abroad.de\/blog\/wp-content\/uploads\/2024\/02\/fuessen-winter-urlaub-tipps-wandern-1024x682.jpeg 1024w, https:\/\/www.people-abroad.de\/blog\/wp-content\/uploads\/2024\/02\/fuessen-winter-urlaub-tipps-wandern-300x200.jpeg 300w, https:\/\/www.people-abroad.de\/blog\/wp-content\/uploads\/2024\/02\/fuessen-winter-urlaub-tipps-wandern-768x511.jpeg 768w, https:\/\/www.people-abroad.de\/blog\/wp-content\/uploads\/2024\/02\/fuessen-winter-urlaub-tipps-wandern.jpeg 1200w\" sizes=\"(max-width: 1024px) 100vw, 1024px\" \/><\/a><\/p>\n<p> F\u00fcssen im Allg\u00e4u ist bekannt f\u00fcr seine malerische Altstadt. K\u00f6nigsschl\u00f6sser, Seen und Berge kann man auf Wanderungen erkunden. Tipps f\u00fcr den Besuch von F\u00fcssen im Winter.<\/p>\n<\/div><a href=\"https:\/\/www.people-abroad.de\/blog\/fuessen-im-winter-tipps\/\">Mehr...<\/a><\/p><p><h2><a href=\"https:\/\/www.people-abroad.de\/blog\/bad-steben-sehenswuerdigkeiten\/\">Bad Steben: Das Bayerische Staatsbad im Frankenwald<\/a><\/h2><div class=\"lcp_excerpt\"><p><a href=\"https:\/\/www.people-abroad.de\/blog\/bad-steben-sehenswuerdigkeiten\/\"><img decoding=\"async\" class=\"alignnone wp-image-30919 size-large\" src=\"https:\/\/www.people-abroad.de\/blog\/wp-content\/uploads\/2023\/06\/bad-steben-26-1024x683.jpeg\" alt=\"Bad Steben Sehensw\u00fcrdigkeiten Ausflugsziele\" width=\"1024\" height=\"683\" srcset=\"https:\/\/www.people-abroad.de\/blog\/wp-content\/uploads\/2023\/06\/bad-steben-26-1024x683.jpeg 1024w, https:\/\/www.people-abroad.de\/blog\/wp-content\/uploads\/2023\/06\/bad-steben-26-300x200.jpeg 300w, https:\/\/www.people-abroad.de\/blog\/wp-content\/uploads\/2023\/06\/bad-steben-26-768x512.jpeg 768w, https:\/\/www.people-abroad.de\/blog\/wp-content\/uploads\/2023\/06\/bad-steben-26.jpeg 1200w\" sizes=\"(max-width: 1024px) 100vw, 1024px\" \/><\/a><\/p>\n<p> Bad Steben im oberfr\u00e4nkischen Landkreis Hof im Frankenwald hat sch\u00f6ne historische Geb\u00e4ude und viel Natur zu bieten. Tipps f\u00fcr die Bad Steben Sehensw\u00fcrdigkeiten und Ausflugsziele.<\/p>\n<\/div><a href=\"https:\/\/www.people-abroad.de\/blog\/bad-steben-sehenswuerdigkeiten\/\">Mehr...<\/a><\/p><\/div><ul class='lcp_paginator'><li class='lcp_currentpage'>1<\/li><li><a href='https:\/\/www.people-abroad.de\/blog\/wp-json\/wp\/v2\/pages\/11503?lcp_page0=2#lcp_instance_0' title='2'>2<\/a><\/li><li><a href='https:\/\/www.people-abroad.de\/blog\/wp-json\/wp\/v2\/pages\/11503?lcp_page0=3#lcp_instance_0' title='3'>3<\/a><\/li><li><a href='https:\/\/www.people-abroad.de\/blog\/wp-json\/wp\/v2\/pages\/11503?lcp_page0=4#lcp_instance_0' title='4'>4<\/a><\/li><li><a href='https:\/\/www.people-abroad.de\/blog\/wp-json\/wp\/v2\/pages\/11503?lcp_page0=5#lcp_instance_0' title='5'>5<\/a><\/li><li><a href='https:\/\/www.people-abroad.de\/blog\/wp-json\/wp\/v2\/pages\/11503?lcp_page0=6#lcp_instance_0' title='6'>6<\/a><\/li><span class='lcp_elipsis'>...<\/span><li><a href='https:\/\/www.people-abroad.de\/blog\/wp-json\/wp\/v2\/pages\/11503?lcp_page0=9#lcp_instance_0' title='9'>9<\/a><\/li><li><a href='https:\/\/www.people-abroad.de\/blog\/wp-json\/wp\/v2\/pages\/11503?lcp_page0=2#lcp_instance_0' title='2' class='lcp_nextlink'>\u00c4ltere Beitr\u00e4ge &gt;&gt;<\/a><\/li><\/ul>\n","protected":false},"excerpt":{"rendered":"","protected":false},"author":1,"featured_media":0,"parent":0,"menu_order":0,"comment_status":"closed","ping_status":"closed","template":"","meta":{"_monsterinsights_skip_tracking":false,"_monsterinsights_sitenote_active":false,"_monsterinsights_sitenote_note":"","_monsterinsights_sitenote_category":0,"footnotes":""},"class_list":["post-11503","page","type-page","status-publish","hentry"],"yoast_head":"<!-- This site is optimized with the Yoast SEO plugin v27.5 - https:\/\/yoast.com\/product\/yoast-seo-wordpress\/ -->\n<title>St\u00e4dtereisen - People Abroad<\/title>\n<meta name=\"description\" content=\"Reiseberichte mit dem Schwerpunkt St\u00e4dtereisen und St\u00e4dtetrips mit Reisetipps f\u00fcr die individuelle Planung zum Nachreisen.\" \/>\n<meta name=\"robots\" content=\"noindex, follow\" \/>\n<meta property=\"og:locale\" content=\"de_DE\" \/>\n<meta property=\"og:type\" content=\"article\" \/>\n<meta property=\"og:title\" content=\"St\u00e4dtereisen - People Abroad\" \/>\n<meta property=\"og:description\" content=\"Reiseberichte mit dem Schwerpunkt St\u00e4dtereisen und St\u00e4dtetrips mit Reisetipps f\u00fcr die individuelle Planung zum Nachreisen.\" \/>\n<meta property=\"og:url\" content=\"https:\/\/www.people-abroad.de\/blog\/staedtereisen\/\" \/>\n<meta property=\"og:site_name\" content=\"People Abroad\" \/>\n<meta property=\"article:publisher\" content=\"https:\/\/www.facebook.com\/menschen.international\/\" \/>\n<meta property=\"article:modified_time\" content=\"2023-01-17T10:26:37+00:00\" \/>\n<meta name=\"twitter:card\" content=\"summary_large_image\" \/>\n<meta name=\"twitter:site\" content=\"@People_Abroad\" \/>\n<meta name=\"twitter:label1\" content=\"Gesch\u00e4tzte Lesezeit\" \/>\n\t<meta name=\"twitter:data1\" content=\"1\u00a0Minute\" \/>\n<script type=\"application\/ld+json\" class=\"yoast-schema-graph\">{\"@context\":\"https:\\\/\\\/schema.org\",\"@graph\":[{\"@type\":\"WebPage\",\"@id\":\"https:\\\/\\\/www.people-abroad.de\\\/blog\\\/staedtereisen\\\/\",\"url\":\"https:\\\/\\\/www.people-abroad.de\\\/blog\\\/staedtereisen\\\/\",\"name\":\"St\u00e4dtereisen - People Abroad\",\"isPartOf\":{\"@id\":\"https:\\\/\\\/www.people-abroad.de\\\/blog\\\/#website\"},\"datePublished\":\"2019-03-28T22:11:21+00:00\",\"dateModified\":\"2023-01-17T10:26:37+00:00\",\"description\":\"Reiseberichte mit dem Schwerpunkt St\u00e4dtereisen und St\u00e4dtetrips mit Reisetipps f\u00fcr die individuelle Planung zum Nachreisen.\",\"breadcrumb\":{\"@id\":\"https:\\\/\\\/www.people-abroad.de\\\/blog\\\/staedtereisen\\\/#breadcrumb\"},\"inLanguage\":\"de\",\"potentialAction\":[{\"@type\":\"ReadAction\",\"target\":[\"https:\\\/\\\/www.people-abroad.de\\\/blog\\\/staedtereisen\\\/\"]}]},{\"@type\":\"BreadcrumbList\",\"@id\":\"https:\\\/\\\/www.people-abroad.de\\\/blog\\\/staedtereisen\\\/#breadcrumb\",\"itemListElement\":[{\"@type\":\"ListItem\",\"position\":1,\"name\":\"Startseite\",\"item\":\"https:\\\/\\\/www.people-abroad.de\\\/blog\\\/\"},{\"@type\":\"ListItem\",\"position\":2,\"name\":\"St\u00e4dtereisen\"}]},{\"@type\":\"WebSite\",\"@id\":\"https:\\\/\\\/www.people-abroad.de\\\/blog\\\/#website\",\"url\":\"https:\\\/\\\/www.people-abroad.de\\\/blog\\\/\",\"name\":\"People Abroad\",\"description\":\"Reiseblog\",\"publisher\":{\"@id\":\"https:\\\/\\\/www.people-abroad.de\\\/blog\\\/#\\\/schema\\\/person\\\/2a518a154d93ee6cf0b146bc327329b3\"},\"potentialAction\":[{\"@type\":\"SearchAction\",\"target\":{\"@type\":\"EntryPoint\",\"urlTemplate\":\"https:\\\/\\\/www.people-abroad.de\\\/blog\\\/?s={search_term_string}\"},\"query-input\":{\"@type\":\"PropertyValueSpecification\",\"valueRequired\":true,\"valueName\":\"search_term_string\"}}],\"inLanguage\":\"de\"},{\"@type\":[\"Person\",\"Organization\"],\"@id\":\"https:\\\/\\\/www.people-abroad.de\\\/blog\\\/#\\\/schema\\\/person\\\/2a518a154d93ee6cf0b146bc327329b3\",\"name\":\"Heiko M\u00fcller\",\"logo\":{\"@id\":\"https:\\\/\\\/www.people-abroad.de\\\/blog\\\/#\\\/schema\\\/person\\\/image\\\/\"},\"description\":\"Ich bin Reiseblogger, Content Creator und Redakteur. Auf Reisen erkunde ich gerne neue Regionen, St\u00e4dte und Orte beim Fotografieren, Wandern und Radfahren. F\u00fcr weitere Reisetipps folge mir auf Instagram. Mehr Infos zum Blog findest du hier: https:\\\/\\\/www.people-abroad.de\\\/blog\\\/pr-media\\\/. Kontakt: h.mueller@people-abroad.de\",\"sameAs\":[\"https:\\\/\\\/www.people-abroad.de\\\/blog\\\/\",\"https:\\\/\\\/www.facebook.com\\\/menschen.international\\\/\",\"https:\\\/\\\/www.instagram.com\\\/people.abroad\\\/\",\"https:\\\/\\\/www.linkedin.com\\\/in\\\/muellerheiko\\\/\",\"https:\\\/\\\/www.pinterest.de\\\/peopleabroad\\\/\",\"https:\\\/\\\/x.com\\\/People_Abroad\",\"https:\\\/\\\/www.youtube.com\\\/user\\\/MenschenInt\"]}]}<\/script>\n<!-- \/ Yoast SEO plugin. -->","yoast_head_json":{"title":"St\u00e4dtereisen - People Abroad","description":"Reiseberichte mit dem Schwerpunkt St\u00e4dtereisen und St\u00e4dtetrips mit Reisetipps f\u00fcr die individuelle Planung zum Nachreisen.","robots":{"index":"noindex","follow":"follow"},"og_locale":"de_DE","og_type":"article","og_title":"St\u00e4dtereisen - People Abroad","og_description":"Reiseberichte mit dem Schwerpunkt St\u00e4dtereisen und St\u00e4dtetrips mit Reisetipps f\u00fcr die individuelle Planung zum Nachreisen.","og_url":"https:\/\/www.people-abroad.de\/blog\/staedtereisen\/","og_site_name":"People Abroad","article_publisher":"https:\/\/www.facebook.com\/menschen.international\/","article_modified_time":"2023-01-17T10:26:37+00:00","twitter_card":"summary_large_image","twitter_site":"@People_Abroad","twitter_misc":{"Gesch\u00e4tzte Lesezeit":"1\u00a0Minute"},"schema":{"@context":"https:\/\/schema.org","@graph":[{"@type":"WebPage","@id":"https:\/\/www.people-abroad.de\/blog\/staedtereisen\/","url":"https:\/\/www.people-abroad.de\/blog\/staedtereisen\/","name":"St\u00e4dtereisen - People Abroad","isPartOf":{"@id":"https:\/\/www.people-abroad.de\/blog\/#website"},"datePublished":"2019-03-28T22:11:21+00:00","dateModified":"2023-01-17T10:26:37+00:00","description":"Reiseberichte mit dem Schwerpunkt St\u00e4dtereisen und St\u00e4dtetrips mit Reisetipps f\u00fcr die individuelle Planung zum Nachreisen.","breadcrumb":{"@id":"https:\/\/www.people-abroad.de\/blog\/staedtereisen\/#breadcrumb"},"inLanguage":"de","potentialAction":[{"@type":"ReadAction","target":["https:\/\/www.people-abroad.de\/blog\/staedtereisen\/"]}]},{"@type":"BreadcrumbList","@id":"https:\/\/www.people-abroad.de\/blog\/staedtereisen\/#breadcrumb","itemListElement":[{"@type":"ListItem","position":1,"name":"Startseite","item":"https:\/\/www.people-abroad.de\/blog\/"},{"@type":"ListItem","position":2,"name":"St\u00e4dtereisen"}]},{"@type":"WebSite","@id":"https:\/\/www.people-abroad.de\/blog\/#website","url":"https:\/\/www.people-abroad.de\/blog\/","name":"People Abroad","description":"Reiseblog","publisher":{"@id":"https:\/\/www.people-abroad.de\/blog\/#\/schema\/person\/2a518a154d93ee6cf0b146bc327329b3"},"potentialAction":[{"@type":"SearchAction","target":{"@type":"EntryPoint","urlTemplate":"https:\/\/www.people-abroad.de\/blog\/?s={search_term_string}"},"query-input":{"@type":"PropertyValueSpecification","valueRequired":true,"valueName":"search_term_string"}}],"inLanguage":"de"},{"@type":["Person","Organization"],"@id":"https:\/\/www.people-abroad.de\/blog\/#\/schema\/person\/2a518a154d93ee6cf0b146bc327329b3","name":"Heiko M\u00fcller","logo":{"@id":"https:\/\/www.people-abroad.de\/blog\/#\/schema\/person\/image\/"},"description":"Ich bin Reiseblogger, Content Creator und Redakteur. Auf Reisen erkunde ich gerne neue Regionen, St\u00e4dte und Orte beim Fotografieren, Wandern und Radfahren. F\u00fcr weitere Reisetipps folge mir auf Instagram. Mehr Infos zum Blog findest du hier: https:\/\/www.people-abroad.de\/blog\/pr-media\/. Kontakt: h.mueller@people-abroad.de","sameAs":["https:\/\/www.people-abroad.de\/blog\/","https:\/\/www.facebook.com\/menschen.international\/","https:\/\/www.instagram.com\/people.abroad\/","https:\/\/www.linkedin.com\/in\/muellerheiko\/","https:\/\/www.pinterest.de\/peopleabroad\/","https:\/\/x.com\/People_Abroad","https:\/\/www.youtube.com\/user\/MenschenInt"]}]}},"_links":{"self":[{"href":"https:\/\/www.people-abroad.de\/blog\/wp-json\/wp\/v2\/pages\/11503","targetHints":{"allow":["GET"]}}],"collection":[{"href":"https:\/\/www.people-abroad.de\/blog\/wp-json\/wp\/v2\/pages"}],"about":[{"href":"https:\/\/www.people-abroad.de\/blog\/wp-json\/wp\/v2\/types\/page"}],"author":[{"embeddable":true,"href":"https:\/\/www.people-abroad.de\/blog\/wp-json\/wp\/v2\/users\/1"}],"replies":[{"embeddable":true,"href":"https:\/\/www.people-abroad.de\/blog\/wp-json\/wp\/v2\/comments?post=11503"}],"version-history":[{"count":5,"href":"https:\/\/www.people-abroad.de\/blog\/wp-json\/wp\/v2\/pages\/11503\/revisions"}],"predecessor-version":[{"id":14543,"href":"https:\/\/www.people-abroad.de\/blog\/wp-json\/wp\/v2\/pages\/11503\/revisions\/14543"}],"wp:attachment":[{"href":"https:\/\/www.people-abroad.de\/blog\/wp-json\/wp\/v2\/media?parent=11503"}],"curies":[{"name":"wp","href":"https:\/\/api.w.org\/{rel}","templated":true}]}}